{"id":252,"date":"2025-01-31T01:38:04","date_gmt":"2025-01-31T00:38:04","guid":{"rendered":"https:\/\/www.savonnerie-chapoul.fr\/?page_id=252"},"modified":"2026-03-04T13:22:10","modified_gmt":"2026-03-04T12:22:10","slug":"points-de-vente","status":"publish","type":"page","link":"https:\/\/www.savonnerie-chapoul.fr\/index.php\/boutique-savonnerie-chapoul\/points-de-vente\/","title":{"rendered":"Liste des points de vente"},"content":{"rendered":"\n<p>Voici la liste des points de vente o\u00f9 vous pouvez retrouver tout ou partie de ma gamme :<\/p>\n\n\n\n<p><strong>Eure &#8211; 27<\/strong><\/p>\n\n\n\n<p><a href=\"https:\/\/www.instagram.com\/bobidiboo.createurs\/\" target=\"_blank\" rel=\"noreferrer noopener\">Bobidiboo, le repaire des cr\u00e9ateurs et artisans<\/a>, 14 rue de Vienne, 27140 Gisors<\/p>\n\n\n\n<p><strong>Paris &#8211; 75<\/strong><\/p>\n\n\n\n<p><a href=\"https:\/\/www.instagram.com\/poppin.conceptstore\/\" target=\"_blank\" rel=\"noreferrer noopener\">Poppin&rsquo;<\/a>, 84 rue Mouffetard, 75005 Paris<\/p>\n\n\n\n<p><strong>Yvelines &#8211; 78<\/strong><\/p>\n\n\n\n<p><a href=\"https:\/\/www.instagram.com\/laboutiquedescreateursmargotte?utm_source=ig_web_button_share_sheet&amp;igsh=ZDNlZDc0MzIxNw==\" target=\"_blank\" rel=\"noreferrer noopener\">La Boutique des Cr\u00e9ateurs Margotte<\/a>, 18 rue Hoche, 78000 Versailles<\/p>\n\n\n\n<p><a href=\"https:\/\/maps.app.goo.gl\/95Cm7MVEoe8zWqQ68\">La Ch\u00e8vre-rit de Manon<\/a>, 33 rue des Ormes, 78860 St Nom la Bret\u00e8che<\/p>\n\n\n\n<p><a href=\"https:\/\/www.instagram.com\/lamaisonperchee78\/\" target=\"_blank\" rel=\"noreferrer noopener\">La Maison Perch\u00e9e<\/a>, 2 rue Andr\u00e9 Lebourblanc, 78590 Noisy le Roi<\/p>\n\n\n\n<p><a href=\"https:\/\/lherbierdelsa.fr\/\" target=\"_blank\" rel=\"noreferrer noopener\">L&rsquo;herbier d&rsquo;Elsa<\/a>, Ferme des Beurreries, Route Royale, 78810 Feucherolles<\/p>\n\n\n\n<p><a href=\"https:\/\/www.instagram.com\/oeuvredutemps\/\">L&rsquo;oeuvre du Temps<\/a>, 8 rue du Plat d&rsquo;Etain, 78580 Maule<\/p>\n\n\n\n<p><a href=\"https:\/\/www.plainedeversailles.fr\/\" target=\"_blank\" rel=\"noreferrer noopener\">Maison de la Plaine<\/a>, 33 ter rue des Petits Pr\u00e9s, 78810 Feucherolles<\/p>\n\n\n\n<p><a href=\"https:\/\/www.seine-saintgermain.fr\/\" target=\"_blank\" rel=\"noreferrer noopener\">Office de Tourisme Saint Germain Boucles de Seine<\/a>, 22 rue du Vieil Abreuvoir, 78100 Saint Germain en Laye (uniquement les savons Louveciennes, Alphonsine et Vitamin\u00e9)<\/p>\n\n\n\n<p><a href=\"https:\/\/maps.app.goo.gl\/zBoYb4TCvEwPZ91Y7\">Penty<\/a>, RD 307, 78810 Feucherolles<\/p>\n\n\n\n<p><strong>Seine-Saint-Denis &#8211; 93<\/strong><\/p>\n\n\n\n<p><a href=\"https:\/\/www.instagram.com\/local_saintdenis\/\" target=\"_blank\" rel=\"noreferrer noopener\">Local<\/a>, 34 rue de la Boulangerie, 93200 Saint Denis<\/p>\n\n\n\n<p><strong>Val de Marne &#8211; 94<\/strong><\/p>\n\n\n\n<p><a href=\"https:\/\/lacv.fr\/\" target=\"_blank\" rel=\"noreferrer noopener\">L&rsquo;adresse cr\u00e9ative<\/a>, rue Georges Lebigot, 94800 Villejuif<\/p>\n\n\n\n<p><\/p>\n\n\n\n<p><\/p>\n\n\n\n<p>D&rsquo;autres points de vente sont \u00e0 venir \ud83d\ude0a<\/p>\n\n\n\n<p>Vous pouvez \u00e9galement m&rsquo;envoyer vos suggestions, ou me contacter \u00e0 l&rsquo;adresse email contact [a] savonnerie-chapoul.fr si vous souhaitez revendre mes produits.<\/p>\n\n\n\n<p>Retrouvez \u00e9galement les produits de la savonnerie sur la <a href=\"https:\/\/www.savonnerie-chapoul.fr\/\">boutique en ligne<\/a>, o\u00f9 lors des <a href=\"https:\/\/www.savonnerie-chapoul.fr\/index.php\/2025\/01\/31\/evenements\/\">\u00e9v\u00e9nements<\/a> auxquels je participe. Au plaisir de vous y croiser.<\/p>\n\n\n\n<p><\/p>\n","protected":false},"excerpt":{"rendered":"<p>Voici la liste des points de vente o\u00f9 vous pouvez retrouver tout ou partie de ma gamme : Eure &#8211; 27 Bobidiboo, le repaire des cr\u00e9ateurs et artisans, 14 rue de Vienne, 27140 Gisors Paris &#8211; 75 Poppin&rsquo;, 84 rue Mouffetard, 75005 Paris Yvelines &#8211; 78 La Boutique des Cr\u00e9ateurs Margotte, 18 rue Hoche, 78000 [&hellip;]<\/p>\n","protected":false},"author":2,"featured_media":0,"parent":8,"menu_order":0,"comment_status":"closed","ping_status":"closed","template":"","meta":{"footnotes":""},"class_list":["post-252","page","type-page","status-publish","hentry"],"yoast_head":"<!-- This site is optimized with the Yoast SEO plugin v27.1.1 - https:\/\/yoast.com\/product\/yoast-seo-wordpress\/ -->\n<title>Liste des points de vente - Savonnerie Chapoul<\/title>\n<meta name=\"description\" content=\"Cette page liste les points de vente dans lesquels vous pouvez retrouver les produits de la Savonnerie Chapoul\" \/>\n<meta name=\"robots\" content=\"index, follow, max-snippet:-1, max-image-preview:large, max-video-preview:-1\" \/>\n<link rel=\"canonical\" href=\"https:\/\/www.savonnerie-chapoul.fr\/index.php\/boutique-savonnerie-chapoul\/points-de-vente\/\" \/>\n<meta property=\"og:locale\" content=\"fr_FR\" \/>\n<meta property=\"og:type\" content=\"article\" \/>\n<meta property=\"og:title\" content=\"Liste des points de vente - Savonnerie Chapoul\" \/>\n<meta property=\"og:description\" content=\"Cette page liste les points de vente dans lesquels vous pouvez retrouver les produits de la Savonnerie Chapoul\" \/>\n<meta property=\"og:url\" content=\"https:\/\/www.savonnerie-chapoul.fr\/index.php\/boutique-savonnerie-chapoul\/points-de-vente\/\" \/>\n<meta property=\"og:site_name\" content=\"Savonnerie Chapoul\" \/>\n<meta property=\"article:modified_time\" content=\"2026-03-04T12:22:10+00:00\" \/>\n<meta name=\"twitter:card\" content=\"summary_large_image\" \/>\n<meta name=\"twitter:label1\" content=\"Dur\u00e9e de lecture estim\u00e9e\" \/>\n\t<meta name=\"twitter:data1\" content=\"2 minutes\" \/>\n<script type=\"application\/ld+json\" class=\"yoast-schema-graph\">{\"@context\":\"https:\/\/schema.org\",\"@graph\":[{\"@type\":\"WebPage\",\"@id\":\"https:\/\/www.savonnerie-chapoul.fr\/index.php\/boutique-savonnerie-chapoul\/points-de-vente\/\",\"url\":\"https:\/\/www.savonnerie-chapoul.fr\/index.php\/boutique-savonnerie-chapoul\/points-de-vente\/\",\"name\":\"Liste des points de vente - Savonnerie Chapoul\",\"isPartOf\":{\"@id\":\"https:\/\/www.savonnerie-chapoul.fr\/#website\"},\"datePublished\":\"2025-01-31T00:38:04+00:00\",\"dateModified\":\"2026-03-04T12:22:10+00:00\",\"description\":\"Cette page liste les points de vente dans lesquels vous pouvez retrouver les produits de la Savonnerie Chapoul\",\"breadcrumb\":{\"@id\":\"https:\/\/www.savonnerie-chapoul.fr\/index.php\/boutique-savonnerie-chapoul\/points-de-vente\/#breadcrumb\"},\"inLanguage\":\"fr-FR\",\"potentialAction\":[{\"@type\":\"ReadAction\",\"target\":[\"https:\/\/www.savonnerie-chapoul.fr\/index.php\/boutique-savonnerie-chapoul\/points-de-vente\/\"]}]},{\"@type\":\"BreadcrumbList\",\"@id\":\"https:\/\/www.savonnerie-chapoul.fr\/index.php\/boutique-savonnerie-chapoul\/points-de-vente\/#breadcrumb\",\"itemListElement\":[{\"@type\":\"ListItem\",\"position\":1,\"name\":\"Accueil\",\"item\":\"https:\/\/www.savonnerie-chapoul.fr\/\"},{\"@type\":\"ListItem\",\"position\":2,\"name\":\"Boutique\",\"item\":\"https:\/\/www.savonnerie-chapoul.fr\/index.php\/boutique-savonnerie-chapoul\/\"},{\"@type\":\"ListItem\",\"position\":3,\"name\":\"Liste des points de vente\"}]},{\"@type\":\"WebSite\",\"@id\":\"https:\/\/www.savonnerie-chapoul.fr\/#website\",\"url\":\"https:\/\/www.savonnerie-chapoul.fr\/\",\"name\":\"savonnerie-chapoul\",\"description\":\"Cosm\u00e9tiques et savons saponifi\u00e9s \u00e0 froid dans la Plaine de Versailles\",\"publisher\":{\"@id\":\"https:\/\/www.savonnerie-chapoul.fr\/#organization\"},\"potentialAction\":[{\"@type\":\"SearchAction\",\"target\":{\"@type\":\"EntryPoint\",\"urlTemplate\":\"https:\/\/www.savonnerie-chapoul.fr\/?s={search_term_string}\"},\"query-input\":{\"@type\":\"PropertyValueSpecification\",\"valueRequired\":true,\"valueName\":\"search_term_string\"}}],\"inLanguage\":\"fr-FR\"},{\"@type\":\"Organization\",\"@id\":\"https:\/\/www.savonnerie-chapoul.fr\/#organization\",\"name\":\"savonnerie chapoul\",\"url\":\"https:\/\/www.savonnerie-chapoul.fr\/\",\"logo\":{\"@type\":\"ImageObject\",\"inLanguage\":\"fr-FR\",\"@id\":\"https:\/\/www.savonnerie-chapoul.fr\/#\/schema\/logo\/image\/\",\"url\":\"https:\/\/i0.wp.com\/www.savonnerie-chapoul.fr\/wp-content\/uploads\/2026\/03\/logo-savonnerie-Chapoul-fond-transparent.png?fit=858%2C272&ssl=1\",\"contentUrl\":\"https:\/\/i0.wp.com\/www.savonnerie-chapoul.fr\/wp-content\/uploads\/2026\/03\/logo-savonnerie-Chapoul-fond-transparent.png?fit=858%2C272&ssl=1\",\"width\":858,\"height\":272,\"caption\":\"savonnerie chapoul\"},\"image\":{\"@id\":\"https:\/\/www.savonnerie-chapoul.fr\/#\/schema\/logo\/image\/\"},\"sameAs\":[\"https:\/\/www.instagram.com\/savonnerie-chapoul\"]}]}<\/script>\n<!-- \/ Yoast SEO plugin. -->","yoast_head_json":{"title":"Liste des points de vente - Savonnerie Chapoul","description":"Cette page liste les points de vente dans lesquels vous pouvez retrouver les produits de la Savonnerie Chapoul","robots":{"index":"index","follow":"follow","max-snippet":"max-snippet:-1","max-image-preview":"max-image-preview:large","max-video-preview":"max-video-preview:-1"},"canonical":"https:\/\/www.savonnerie-chapoul.fr\/index.php\/boutique-savonnerie-chapoul\/points-de-vente\/","og_locale":"fr_FR","og_type":"article","og_title":"Liste des points de vente - Savonnerie Chapoul","og_description":"Cette page liste les points de vente dans lesquels vous pouvez retrouver les produits de la Savonnerie Chapoul","og_url":"https:\/\/www.savonnerie-chapoul.fr\/index.php\/boutique-savonnerie-chapoul\/points-de-vente\/","og_site_name":"Savonnerie Chapoul","article_modified_time":"2026-03-04T12:22:10+00:00","twitter_card":"summary_large_image","twitter_misc":{"Dur\u00e9e de lecture estim\u00e9e":"2 minutes"},"schema":{"@context":"https:\/\/schema.org","@graph":[{"@type":"WebPage","@id":"https:\/\/www.savonnerie-chapoul.fr\/index.php\/boutique-savonnerie-chapoul\/points-de-vente\/","url":"https:\/\/www.savonnerie-chapoul.fr\/index.php\/boutique-savonnerie-chapoul\/points-de-vente\/","name":"Liste des points de vente - Savonnerie Chapoul","isPartOf":{"@id":"https:\/\/www.savonnerie-chapoul.fr\/#website"},"datePublished":"2025-01-31T00:38:04+00:00","dateModified":"2026-03-04T12:22:10+00:00","description":"Cette page liste les points de vente dans lesquels vous pouvez retrouver les produits de la Savonnerie Chapoul","breadcrumb":{"@id":"https:\/\/www.savonnerie-chapoul.fr\/index.php\/boutique-savonnerie-chapoul\/points-de-vente\/#breadcrumb"},"inLanguage":"fr-FR","potentialAction":[{"@type":"ReadAction","target":["https:\/\/www.savonnerie-chapoul.fr\/index.php\/boutique-savonnerie-chapoul\/points-de-vente\/"]}]},{"@type":"BreadcrumbList","@id":"https:\/\/www.savonnerie-chapoul.fr\/index.php\/boutique-savonnerie-chapoul\/points-de-vente\/#breadcrumb","itemListElement":[{"@type":"ListItem","position":1,"name":"Accueil","item":"https:\/\/www.savonnerie-chapoul.fr\/"},{"@type":"ListItem","position":2,"name":"Boutique","item":"https:\/\/www.savonnerie-chapoul.fr\/index.php\/boutique-savonnerie-chapoul\/"},{"@type":"ListItem","position":3,"name":"Liste des points de vente"}]},{"@type":"WebSite","@id":"https:\/\/www.savonnerie-chapoul.fr\/#website","url":"https:\/\/www.savonnerie-chapoul.fr\/","name":"savonnerie-chapoul","description":"Cosm\u00e9tiques et savons saponifi\u00e9s \u00e0 froid dans la Plaine de Versailles","publisher":{"@id":"https:\/\/www.savonnerie-chapoul.fr\/#organization"},"potentialAction":[{"@type":"SearchAction","target":{"@type":"EntryPoint","urlTemplate":"https:\/\/www.savonnerie-chapoul.fr\/?s={search_term_string}"},"query-input":{"@type":"PropertyValueSpecification","valueRequired":true,"valueName":"search_term_string"}}],"inLanguage":"fr-FR"},{"@type":"Organization","@id":"https:\/\/www.savonnerie-chapoul.fr\/#organization","name":"savonnerie chapoul","url":"https:\/\/www.savonnerie-chapoul.fr\/","logo":{"@type":"ImageObject","inLanguage":"fr-FR","@id":"https:\/\/www.savonnerie-chapoul.fr\/#\/schema\/logo\/image\/","url":"https:\/\/i0.wp.com\/www.savonnerie-chapoul.fr\/wp-content\/uploads\/2026\/03\/logo-savonnerie-Chapoul-fond-transparent.png?fit=858%2C272&ssl=1","contentUrl":"https:\/\/i0.wp.com\/www.savonnerie-chapoul.fr\/wp-content\/uploads\/2026\/03\/logo-savonnerie-Chapoul-fond-transparent.png?fit=858%2C272&ssl=1","width":858,"height":272,"caption":"savonnerie chapoul"},"image":{"@id":"https:\/\/www.savonnerie-chapoul.fr\/#\/schema\/logo\/image\/"},"sameAs":["https:\/\/www.instagram.com\/savonnerie-chapoul"]}]}},"jetpack_sharing_enabled":true,"_links":{"self":[{"href":"https:\/\/www.savonnerie-chapoul.fr\/index.php\/wp-json\/wp\/v2\/pages\/252","targetHints":{"allow":["GET"]}}],"collection":[{"href":"https:\/\/www.savonnerie-chapoul.fr\/index.php\/wp-json\/wp\/v2\/pages"}],"about":[{"href":"https:\/\/www.savonnerie-chapoul.fr\/index.php\/wp-json\/wp\/v2\/types\/page"}],"author":[{"embeddable":true,"href":"https:\/\/www.savonnerie-chapoul.fr\/index.php\/wp-json\/wp\/v2\/users\/2"}],"replies":[{"embeddable":true,"href":"https:\/\/www.savonnerie-chapoul.fr\/index.php\/wp-json\/wp\/v2\/comments?post=252"}],"version-history":[{"count":12,"href":"https:\/\/www.savonnerie-chapoul.fr\/index.php\/wp-json\/wp\/v2\/pages\/252\/revisions"}],"predecessor-version":[{"id":1081,"href":"https:\/\/www.savonnerie-chapoul.fr\/index.php\/wp-json\/wp\/v2\/pages\/252\/revisions\/1081"}],"up":[{"embeddable":true,"href":"https:\/\/www.savonnerie-chapoul.fr\/index.php\/wp-json\/wp\/v2\/pages\/8"}],"wp:attachment":[{"href":"https:\/\/www.savonnerie-chapoul.fr\/index.php\/wp-json\/wp\/v2\/media?parent=252"}],"curies":[{"name":"wp","href":"https:\/\/api.w.org\/{rel}","templated":true}]}}