{"id":580,"date":"2025-03-07T00:52:15","date_gmt":"2025-03-06T23:52:15","guid":{"rendered":"https:\/\/www.savonnerie-chapoul.fr\/?page_id=580"},"modified":"2025-04-10T00:14:40","modified_gmt":"2025-04-09T22:14:40","slug":"blog","status":"publish","type":"page","link":"https:\/\/www.savonnerie-chapoul.fr\/index.php\/blog\/","title":{"rendered":""},"content":{"rendered":"\n<div class=\"wp-block-query is-layout-flow wp-block-query-is-layout-flow\"><ul class=\"wp-block-post-template is-layout-flow wp-block-post-template-is-layout-flow\"><li class=\"wp-block-post post-393 post type-post status-publish format-standard has-post-thumbnail hentry category-blog-de-la-savonnerie-chapoul tag-article tag-magazine tag-presse\">\n\n<div class=\"wp-block-columns are-vertically-aligned-center is-layout-flex wp-container-core-columns-is-layout-28f84493 wp-block-columns-is-layout-flex\">\n<div class=\"wp-block-column is-vertically-aligned-center is-layout-flow wp-block-column-is-layout-flow\" style=\"flex-basis:25%\"><figure class=\"wp-block-post-featured-image\"><a href=\"https:\/\/www.savonnerie-chapoul.fr\/index.php\/2025\/02\/06\/article-savonnerie-magazine-grand-angle\/\" target=\"_self\"  ><img data-recalc-dims=\"1\" loading=\"lazy\" decoding=\"async\" width=\"980\" height=\"521\" src=\"https:\/\/i0.wp.com\/www.savonnerie-chapoul.fr\/wp-content\/uploads\/2025\/02\/202502_GrandAngleStNom.jpg?resize=980%2C521&#038;ssl=1\" class=\"attachment-post-thumbnail size-post-thumbnail wp-post-image\" alt=\"La savonnerie dans le magazine Grand Angle\" style=\"object-fit:cover;\" srcset=\"https:\/\/i0.wp.com\/www.savonnerie-chapoul.fr\/wp-content\/uploads\/2025\/02\/202502_GrandAngleStNom.jpg?w=1139&amp;ssl=1 1139w, https:\/\/i0.wp.com\/www.savonnerie-chapoul.fr\/wp-content\/uploads\/2025\/02\/202502_GrandAngleStNom.jpg?resize=300%2C159&amp;ssl=1 300w, https:\/\/i0.wp.com\/www.savonnerie-chapoul.fr\/wp-content\/uploads\/2025\/02\/202502_GrandAngleStNom.jpg?resize=1024%2C544&amp;ssl=1 1024w, https:\/\/i0.wp.com\/www.savonnerie-chapoul.fr\/wp-content\/uploads\/2025\/02\/202502_GrandAngleStNom.jpg?resize=768%2C408&amp;ssl=1 768w, https:\/\/i0.wp.com\/www.savonnerie-chapoul.fr\/wp-content\/uploads\/2025\/02\/202502_GrandAngleStNom.jpg?resize=416%2C221&amp;ssl=1 416w\" sizes=\"auto, (max-width: 980px) 100vw, 980px\" \/><\/a><\/figure><\/div>\n\n\n\n<div class=\"wp-block-column is-vertically-aligned-center is-layout-flow wp-block-column-is-layout-flow\" style=\"flex-basis:75%\"><h2 class=\"wp-block-post-title\"><a href=\"https:\/\/www.savonnerie-chapoul.fr\/index.php\/2025\/02\/06\/article-savonnerie-magazine-grand-angle\/\" target=\"_self\" >La savonnerie dans le magazine Grand Angle<\/a><\/h2>\n\n<div class=\"wp-block-post-date\"><time datetime=\"2025-02-06T16:51:33+01:00\">6 f\u00e9vrier 2025<\/time><\/div>\n\n<div class=\"wp-block-post-excerpt\"><p class=\"wp-block-post-excerpt__excerpt\">La savonnerie est \u00e0 l&rsquo;honneur dans un article du magazine de St Nom la Bret\u00e8che (Yvelines, 78) Grand Angle #83 de f\u00e9vrier 2025. Merci \u00e0 toute l&rsquo;\u00e9quipe communication de la municipalit\u00e9, et particuli\u00e8rement \u00e0 Karine Dubois pour l&rsquo;interview. Retrouvez ci-dessous l&rsquo;article dans son int\u00e9gralit\u00e9. Pour en apprendre davantage sur moi, je vous invite \u00e0 vous\u2026 <\/p><\/div><\/div>\n<\/div>\n\n<\/li><li class=\"wp-block-post post-519 post type-post status-publish format-standard hentry category-blog-de-la-savonnerie-chapoul\">\n\n<div class=\"wp-block-columns are-vertically-aligned-center is-layout-flex wp-container-core-columns-is-layout-28f84493 wp-block-columns-is-layout-flex\">\n<div class=\"wp-block-column is-vertically-aligned-center is-layout-flow wp-block-column-is-layout-flow\" style=\"flex-basis:25%\"><\/div>\n\n\n\n<div class=\"wp-block-column is-vertically-aligned-center is-layout-flow wp-block-column-is-layout-flow\" style=\"flex-basis:75%\"><h2 class=\"wp-block-post-title\"><a href=\"https:\/\/www.savonnerie-chapoul.fr\/index.php\/2025\/11\/02\/personnalisation-de-savons-pour-vos-evenements-familiaux-ou-professionnels\/\" target=\"_self\" >Personnalisation de savons pour vos \u00e9v\u00e9nements familiaux ou pour les professionnels<\/a><\/h2>\n\n<div class=\"wp-block-post-date\"><time datetime=\"2025-11-02T23:24:08+01:00\">2 novembre 2025<\/time><\/div>\n\n<div class=\"wp-block-post-excerpt\"><p class=\"wp-block-post-excerpt__excerpt\">Je m&rsquo;occupe de la personnalisation de mes savons pour vos \u00e9v\u00e9nements personnels ou professionnels. Pour les producteurs, je fabrique \u00e9galement des savons et cosm\u00e9tiques avec les mati\u00e8res premi\u00e8res que vous produisez. Personnalisation de savons pour les particuliers Que ce soit pour un mariage, un bapt\u00e8me, un anniversaire sp\u00e9cial, ou tout autre \u00e9v\u00e9nement festif de votre\u2026 <\/p><\/div><\/div>\n<\/div>\n\n<\/li><li class=\"wp-block-post post-570 post type-post status-publish format-standard has-post-thumbnail hentry category-blog-de-la-savonnerie-chapoul\">\n\n<div class=\"wp-block-columns are-vertically-aligned-center is-layout-flex wp-container-core-columns-is-layout-28f84493 wp-block-columns-is-layout-flex\">\n<div class=\"wp-block-column is-vertically-aligned-center is-layout-flow wp-block-column-is-layout-flow\" style=\"flex-basis:25%\"><figure class=\"wp-block-post-featured-image\"><a href=\"https:\/\/www.savonnerie-chapoul.fr\/index.php\/2025\/03\/07\/savonnerie-chapoul-histoire-famille\/\" target=\"_self\"  ><img data-recalc-dims=\"1\" loading=\"lazy\" decoding=\"async\" width=\"980\" height=\"653\" src=\"https:\/\/i0.wp.com\/www.savonnerie-chapoul.fr\/wp-content\/uploads\/2025\/03\/LaGarrigue_PhotoFamille.png?resize=980%2C653&#038;ssl=1\" class=\"attachment-post-thumbnail size-post-thumbnail wp-post-image\" alt=\"Histoire de famille\" style=\"object-fit:cover;\" srcset=\"https:\/\/i0.wp.com\/www.savonnerie-chapoul.fr\/wp-content\/uploads\/2025\/03\/LaGarrigue_PhotoFamille.png?w=2126&amp;ssl=1 2126w, https:\/\/i0.wp.com\/www.savonnerie-chapoul.fr\/wp-content\/uploads\/2025\/03\/LaGarrigue_PhotoFamille.png?resize=300%2C200&amp;ssl=1 300w, https:\/\/i0.wp.com\/www.savonnerie-chapoul.fr\/wp-content\/uploads\/2025\/03\/LaGarrigue_PhotoFamille.png?resize=1024%2C683&amp;ssl=1 1024w, https:\/\/i0.wp.com\/www.savonnerie-chapoul.fr\/wp-content\/uploads\/2025\/03\/LaGarrigue_PhotoFamille.png?resize=768%2C512&amp;ssl=1 768w, https:\/\/i0.wp.com\/www.savonnerie-chapoul.fr\/wp-content\/uploads\/2025\/03\/LaGarrigue_PhotoFamille.png?resize=1536%2C1024&amp;ssl=1 1536w, https:\/\/i0.wp.com\/www.savonnerie-chapoul.fr\/wp-content\/uploads\/2025\/03\/LaGarrigue_PhotoFamille.png?resize=2048%2C1365&amp;ssl=1 2048w, https:\/\/i0.wp.com\/www.savonnerie-chapoul.fr\/wp-content\/uploads\/2025\/03\/LaGarrigue_PhotoFamille.png?resize=416%2C277&amp;ssl=1 416w, https:\/\/i0.wp.com\/www.savonnerie-chapoul.fr\/wp-content\/uploads\/2025\/03\/LaGarrigue_PhotoFamille.png?w=1960&amp;ssl=1 1960w\" sizes=\"auto, (max-width: 980px) 100vw, 980px\" \/><\/a><\/figure><\/div>\n\n\n\n<div class=\"wp-block-column is-vertically-aligned-center is-layout-flow wp-block-column-is-layout-flow\" style=\"flex-basis:75%\"><h2 class=\"wp-block-post-title\"><a href=\"https:\/\/www.savonnerie-chapoul.fr\/index.php\/2025\/03\/07\/savonnerie-chapoul-histoire-famille\/\" target=\"_self\" >Histoire de famille<\/a><\/h2>\n\n<div class=\"wp-block-post-date\"><time datetime=\"2025-03-07T00:41:51+01:00\">7 mars 2025<\/time><\/div>\n\n<div class=\"wp-block-post-excerpt\"><p class=\"wp-block-post-excerpt__excerpt\">Ma savonnerie c\u2019est une histoire de famille, ou plut\u00f4t des histoires de familles Derri\u00e8re chaque recette, il y a une histoire, une anecdote, une madeleine de Proust, une l\u00e9gende de famille. Tout a commenc\u00e9 gr\u00e2ce \u00e0 ma tante Nad\u00e8ge, Lorraine d\u2019adoption, qui avait laiss\u00e9 tra\u00eener n\u00e9gligemment sur la table du salon le livre Je cr\u00e9e\u2026 <\/p><\/div><\/div>\n<\/div>\n\n<\/li><li class=\"wp-block-post post-245 post type-post status-publish format-standard hentry category-blog-de-la-savonnerie-chapoul\">\n\n<div class=\"wp-block-columns are-vertically-aligned-center is-layout-flex wp-container-core-columns-is-layout-28f84493 wp-block-columns-is-layout-flex\">\n<div class=\"wp-block-column is-vertically-aligned-center is-layout-flow wp-block-column-is-layout-flow\" style=\"flex-basis:25%\"><\/div>\n\n\n\n<div class=\"wp-block-column is-vertically-aligned-center is-layout-flow wp-block-column-is-layout-flow\" style=\"flex-basis:75%\"><h2 class=\"wp-block-post-title\"><a href=\"https:\/\/www.savonnerie-chapoul.fr\/index.php\/2025\/01\/31\/conseils-d-utilisation-des-savons-saponifies-a-froid\/\" target=\"_self\" >Conseils d&rsquo;utilisation des savons saponifi\u00e9s \u00e0 froid<\/a><\/h2>\n\n<div class=\"wp-block-post-date\"><time datetime=\"2025-01-31T02:00:30+01:00\">31 janvier 2025<\/time><\/div>\n\n<div class=\"wp-block-post-excerpt\"><p class=\"wp-block-post-excerpt__excerpt\">Dans cet article, je vous livre quelques conseils d&rsquo;utilisation pour vos savons saponifi\u00e9s \u00e0 froid. Comment maximiser la dur\u00e9e de vie de votre savon saponifi\u00e9 \u00e0 froid ? Restez dans une petite flaque d&rsquo;eau, \u00e7a le savon saponifi\u00e9 \u00e0 froid n&rsquo;aime pas \u00e7a ! En effet, la pr\u00e9sence de la glyc\u00e9rine et du surgras rend\u2026 <\/p><\/div><\/div>\n<\/div>\n\n<\/li><li class=\"wp-block-post post-247 post type-post status-publish format-standard hentry category-blog-de-la-savonnerie-chapoul\">\n\n<div class=\"wp-block-columns are-vertically-aligned-center is-layout-flex wp-container-core-columns-is-layout-28f84493 wp-block-columns-is-layout-flex\">\n<div class=\"wp-block-column is-vertically-aligned-center is-layout-flow wp-block-column-is-layout-flow\" style=\"flex-basis:25%\"><\/div>\n\n\n\n<div class=\"wp-block-column is-vertically-aligned-center is-layout-flow wp-block-column-is-layout-flow\" style=\"flex-basis:75%\"><h2 class=\"wp-block-post-title\"><a href=\"https:\/\/www.savonnerie-chapoul.fr\/index.php\/2025\/01\/31\/saponification-a-froid-kezako\/\" target=\"_self\" >Saponification \u00e0 froid, k\u00e9zako ?<\/a><\/h2>\n\n<div class=\"wp-block-post-date\"><time datetime=\"2025-01-31T01:58:22+01:00\">31 janvier 2025<\/time><\/div>\n\n<div class=\"wp-block-post-excerpt\"><p class=\"wp-block-post-excerpt__excerpt\">Je fabrique mes savons en suivant le principe de saponification \u00e0 froid. Saponification, k\u00e9zako ? acides gras + base forte = savon + glyc\u00e9rine Pour mes savons solides saponifi\u00e9s \u00e0 froid, cela signifie : huiles, beurres et cire + soude caustique dilu\u00e9e dans eau = savon + glyc\u00e9rine De plus, j\u2019int\u00e8gre moins de soude caustique\u2026 <\/p><\/div><\/div>\n<\/div>\n\n<\/li><li class=\"wp-block-post post-212 post type-post status-publish format-standard hentry category-blog-de-la-savonnerie-chapoul\">\n\n<div class=\"wp-block-columns are-vertically-aligned-center is-layout-flex wp-container-core-columns-is-layout-28f84493 wp-block-columns-is-layout-flex\">\n<div class=\"wp-block-column is-vertically-aligned-center is-layout-flow wp-block-column-is-layout-flow\" style=\"flex-basis:25%\"><\/div>\n\n\n\n<div class=\"wp-block-column is-vertically-aligned-center is-layout-flow wp-block-column-is-layout-flow\" style=\"flex-basis:75%\"><h2 class=\"wp-block-post-title\"><a href=\"https:\/\/www.savonnerie-chapoul.fr\/index.php\/2025\/01\/31\/secrets-de-fabrication\/\" target=\"_self\" >Secrets de fabrication<\/a><\/h2>\n\n<div class=\"wp-block-post-date\"><time datetime=\"2025-01-31T01:48:59+01:00\">31 janvier 2025<\/time><\/div>\n\n<div class=\"wp-block-post-excerpt\"><p class=\"wp-block-post-excerpt__excerpt\">Je vous explique dans cet article quelques secrets de fabrication. Je r\u00e9alise \u00e0 la main avec soin tous les savons et cosm\u00e9tiques que vous d\u00e9couvrez sur mon site. J\u2019ai besoin de la f\u00e9e \u00e9lectricit\u00e9 pour alimenter mon mixeur et les deux balances qui me permettent de peser les ingr\u00e9dients. L\u2019une est destin\u00e9e \u00e0 la pes\u00e9e\u2026 <\/p><\/div><\/div>\n<\/div>\n\n<\/li><li class=\"wp-block-post post-208 post type-post status-publish format-standard hentry category-blog-de-la-savonnerie-chapoul\">\n\n<div class=\"wp-block-columns are-vertically-aligned-center is-layout-flex wp-container-core-columns-is-layout-28f84493 wp-block-columns-is-layout-flex\">\n<div class=\"wp-block-column is-vertically-aligned-center is-layout-flow wp-block-column-is-layout-flow\" style=\"flex-basis:25%\"><\/div>\n\n\n\n<div class=\"wp-block-column is-vertically-aligned-center is-layout-flow wp-block-column-is-layout-flow\" style=\"flex-basis:75%\"><h2 class=\"wp-block-post-title\"><a href=\"https:\/\/www.savonnerie-chapoul.fr\/index.php\/2025\/01\/31\/le-choix-des-ingredients-dans-mes-recettes\/\" target=\"_self\" >Le choix des ingr\u00e9dients dans mes recettes<\/a><\/h2>\n\n<div class=\"wp-block-post-date\"><time datetime=\"2025-01-31T01:46:16+01:00\">31 janvier 2025<\/time><\/div>\n\n<div class=\"wp-block-post-excerpt\"><p class=\"wp-block-post-excerpt__excerpt\">Je vous explique ci-dessous la d\u00e9marche que je suis lorsque je choisis les ingr\u00e9dients que j&rsquo;utilise dans mes recettes. J\u2019utilise un maximum de mati\u00e8res premi\u00e8res bio. Cependant mes produits ne peuvent pas \u00eatre certifi\u00e9s bio. Je vous explique pourquoi ! En effet, pour certains ingr\u00e9dients, j\u2019ai fait le choix de travailler avec des produits non\u2026 <\/p><\/div><\/div>\n<\/div>\n\n<\/li><li class=\"wp-block-post post-157 post type-post status-publish format-standard hentry category-non-classe\">\n\n<div class=\"wp-block-columns are-vertically-aligned-center is-layout-flex wp-container-core-columns-is-layout-28f84493 wp-block-columns-is-layout-flex\">\n<div class=\"wp-block-column is-vertically-aligned-center is-layout-flow wp-block-column-is-layout-flow\" style=\"flex-basis:25%\"><\/div>\n\n\n\n<div class=\"wp-block-column is-vertically-aligned-center is-layout-flow wp-block-column-is-layout-flow\" style=\"flex-basis:75%\"><h2 class=\"wp-block-post-title\"><a href=\"https:\/\/www.savonnerie-chapoul.fr\/index.php\/2025\/01\/31\/sources-des-proprietes-des-ingredients\/\" target=\"_self\" >Sources des propri\u00e9t\u00e9s des ingr\u00e9dients<\/a><\/h2>\n\n<div class=\"wp-block-post-date\"><time datetime=\"2025-01-31T01:40:31+01:00\">31 janvier 2025<\/time><\/div>\n\n<div class=\"wp-block-post-excerpt\"><p class=\"wp-block-post-excerpt__excerpt\">Vous trouverez ci-dessous la liste de sources (livres ou sites internet) auxquels je fais r\u00e9f\u00e9rence sur les pages des produits dans le paragraphe \u00ab\u00a0propri\u00e9t\u00e9s des ingr\u00e9dients\u00a0\u00bb : 1\u00a0Je cr\u00e9e mes savons au naturel, Leanne &amp; Sylvain Chevallier, Terre Vivante 2010 2\u00a0Le guide de la savonnerie \u00e0 froid, Leanne &amp; Sylvain Chevallier, Terre Vivante 2023 3\u00a0Le\u2026 <\/p><\/div><\/div>\n<\/div>\n\n<\/li><li class=\"wp-block-post post-256 post type-post status-publish format-standard hentry category-blog-de-la-savonnerie-chapoul\">\n\n<div class=\"wp-block-columns are-vertically-aligned-center is-layout-flex wp-container-core-columns-is-layout-28f84493 wp-block-columns-is-layout-flex\">\n<div class=\"wp-block-column is-vertically-aligned-center is-layout-flow wp-block-column-is-layout-flow\" style=\"flex-basis:25%\"><\/div>\n\n\n\n<div class=\"wp-block-column is-vertically-aligned-center is-layout-flow wp-block-column-is-layout-flow\" style=\"flex-basis:75%\"><h2 class=\"wp-block-post-title\"><a href=\"https:\/\/www.savonnerie-chapoul.fr\/index.php\/2025\/01\/31\/evenements\/\" target=\"_self\" >\u00c9v\u00e9nements \u00e0 venir<\/a><\/h2>\n\n<div class=\"wp-block-post-date\"><time datetime=\"2025-01-31T01:36:08+01:00\">31 janvier 2025<\/time><\/div>\n\n<div class=\"wp-block-post-excerpt\"><p class=\"wp-block-post-excerpt__excerpt\">O\u00f9 rencontrer la savonni\u00e8re et ses produits ? Vous trouverez ci-dessous la liste des march\u00e9s, foires, boutiques \u00e9ph\u00e9m\u00e8res, journ\u00e9es portes ouvertes et \u00e9v\u00e9nements auxquels je participe et o\u00f9 je serai heureuse de vous rencontrer. Prochains \u00e9v\u00e9nements : D&rsquo;autres dates sont \u00e0 venir. Et n&rsquo;h\u00e9sitez pas \u00e0 m&rsquo;envoyer des suggestions ou \u00e0 m&rsquo;inviter \u00e0 vos \u00e9v\u00e9nements\u2026 <\/p><\/div><\/div>\n<\/div>\n\n<\/li><li class=\"wp-block-post post-243 post type-post status-publish format-standard hentry category-blog-de-la-savonnerie-chapoul\">\n\n<div class=\"wp-block-columns are-vertically-aligned-center is-layout-flex wp-container-core-columns-is-layout-28f84493 wp-block-columns-is-layout-flex\">\n<div class=\"wp-block-column is-vertically-aligned-center is-layout-flow wp-block-column-is-layout-flow\" style=\"flex-basis:25%\"><\/div>\n\n\n\n<div class=\"wp-block-column is-vertically-aligned-center is-layout-flow wp-block-column-is-layout-flow\" style=\"flex-basis:75%\"><h2 class=\"wp-block-post-title\"><a href=\"https:\/\/www.savonnerie-chapoul.fr\/index.php\/2025\/01\/31\/pour-avoir-le-droit-de-commercialiser-mes-produits-cosmetiques\/\" target=\"_self\" >Pour avoir le droit de commercialiser mes produits cosm\u00e9tiques<\/a><\/h2>\n\n<div class=\"wp-block-post-date\"><time datetime=\"2025-01-31T00:01:00+01:00\">31 janvier 2025<\/time><\/div>\n\n<div class=\"wp-block-post-excerpt\"><p class=\"wp-block-post-excerpt__excerpt\">En France et en Europe, il faut respecter quelques obligations pour avoir le droit de commercialiser des produits cosm\u00e9tiques.De quoi s&rsquo;agit-il ? Une bonne dose de r\u00e9glementaire : &#8211; Je fabrique et conditionne mes produits cosm\u00e9tiques en conformit\u00e9 avec les Bonnes Pratiques de Fabrication (selon l&rsquo;article 8 du r\u00e8glement (CE) N\u00b01223\/2009) dans mon petit laboratoire\u2026 <\/p><\/div><\/div>\n<\/div>\n\n<\/li><\/ul><\/div>\n","protected":false},"excerpt":{"rendered":"","protected":false},"author":2,"featured_media":0,"parent":0,"menu_order":0,"comment_status":"closed","ping_status":"closed","template":"","meta":{"footnotes":""},"class_list":["post-580","page","type-page","status-publish","hentry"],"yoast_head":"<!-- This site is optimized with the Yoast SEO plugin v27.1.1 - https:\/\/yoast.com\/product\/yoast-seo-wordpress\/ -->\n<title>- Savonnerie Chapoul<\/title>\n<meta name=\"robots\" content=\"index, follow, max-snippet:-1, max-image-preview:large, max-video-preview:-1\" \/>\n<link rel=\"canonical\" href=\"https:\/\/www.savonnerie-chapoul.fr\/index.php\/blog\/\" \/>\n<meta property=\"og:locale\" content=\"fr_FR\" \/>\n<meta property=\"og:type\" content=\"article\" \/>\n<meta property=\"og:title\" content=\"- Savonnerie Chapoul\" \/>\n<meta property=\"og:url\" content=\"https:\/\/www.savonnerie-chapoul.fr\/index.php\/blog\/\" \/>\n<meta property=\"og:site_name\" content=\"Savonnerie Chapoul\" \/>\n<meta property=\"article:modified_time\" content=\"2025-04-09T22:14:40+00:00\" \/>\n<meta name=\"twitter:card\" content=\"summary_large_image\" \/>\n<script type=\"application\/ld+json\" class=\"yoast-schema-graph\">{\"@context\":\"https:\/\/schema.org\",\"@graph\":[{\"@type\":\"WebPage\",\"@id\":\"https:\/\/www.savonnerie-chapoul.fr\/index.php\/blog\/\",\"url\":\"https:\/\/www.savonnerie-chapoul.fr\/index.php\/blog\/\",\"name\":\"- Savonnerie Chapoul\",\"isPartOf\":{\"@id\":\"https:\/\/www.savonnerie-chapoul.fr\/#website\"},\"datePublished\":\"2025-03-06T23:52:15+00:00\",\"dateModified\":\"2025-04-09T22:14:40+00:00\",\"inLanguage\":\"fr-FR\",\"potentialAction\":[{\"@type\":\"ReadAction\",\"target\":[\"https:\/\/www.savonnerie-chapoul.fr\/index.php\/blog\/\"]}]},{\"@type\":\"WebSite\",\"@id\":\"https:\/\/www.savonnerie-chapoul.fr\/#website\",\"url\":\"https:\/\/www.savonnerie-chapoul.fr\/\",\"name\":\"savonnerie-chapoul\",\"description\":\"Cosm\u00e9tiques et savons saponifi\u00e9s \u00e0 froid dans la Plaine de Versailles\",\"publisher\":{\"@id\":\"https:\/\/www.savonnerie-chapoul.fr\/#organization\"},\"potentialAction\":[{\"@type\":\"SearchAction\",\"target\":{\"@type\":\"EntryPoint\",\"urlTemplate\":\"https:\/\/www.savonnerie-chapoul.fr\/?s={search_term_string}\"},\"query-input\":{\"@type\":\"PropertyValueSpecification\",\"valueRequired\":true,\"valueName\":\"search_term_string\"}}],\"inLanguage\":\"fr-FR\"},{\"@type\":\"Organization\",\"@id\":\"https:\/\/www.savonnerie-chapoul.fr\/#organization\",\"name\":\"savonnerie chapoul\",\"url\":\"https:\/\/www.savonnerie-chapoul.fr\/\",\"logo\":{\"@type\":\"ImageObject\",\"inLanguage\":\"fr-FR\",\"@id\":\"https:\/\/www.savonnerie-chapoul.fr\/#\/schema\/logo\/image\/\",\"url\":\"https:\/\/i0.wp.com\/www.savonnerie-chapoul.fr\/wp-content\/uploads\/2026\/03\/logo-savonnerie-Chapoul-fond-transparent.png?fit=858%2C272&ssl=1\",\"contentUrl\":\"https:\/\/i0.wp.com\/www.savonnerie-chapoul.fr\/wp-content\/uploads\/2026\/03\/logo-savonnerie-Chapoul-fond-transparent.png?fit=858%2C272&ssl=1\",\"width\":858,\"height\":272,\"caption\":\"savonnerie chapoul\"},\"image\":{\"@id\":\"https:\/\/www.savonnerie-chapoul.fr\/#\/schema\/logo\/image\/\"},\"sameAs\":[\"https:\/\/www.instagram.com\/savonnerie-chapoul\"]}]}<\/script>\n<!-- \/ Yoast SEO plugin. -->","yoast_head_json":{"title":"- Savonnerie Chapoul","robots":{"index":"index","follow":"follow","max-snippet":"max-snippet:-1","max-image-preview":"max-image-preview:large","max-video-preview":"max-video-preview:-1"},"canonical":"https:\/\/www.savonnerie-chapoul.fr\/index.php\/blog\/","og_locale":"fr_FR","og_type":"article","og_title":"- Savonnerie Chapoul","og_url":"https:\/\/www.savonnerie-chapoul.fr\/index.php\/blog\/","og_site_name":"Savonnerie Chapoul","article_modified_time":"2025-04-09T22:14:40+00:00","twitter_card":"summary_large_image","schema":{"@context":"https:\/\/schema.org","@graph":[{"@type":"WebPage","@id":"https:\/\/www.savonnerie-chapoul.fr\/index.php\/blog\/","url":"https:\/\/www.savonnerie-chapoul.fr\/index.php\/blog\/","name":"- Savonnerie Chapoul","isPartOf":{"@id":"https:\/\/www.savonnerie-chapoul.fr\/#website"},"datePublished":"2025-03-06T23:52:15+00:00","dateModified":"2025-04-09T22:14:40+00:00","inLanguage":"fr-FR","potentialAction":[{"@type":"ReadAction","target":["https:\/\/www.savonnerie-chapoul.fr\/index.php\/blog\/"]}]},{"@type":"WebSite","@id":"https:\/\/www.savonnerie-chapoul.fr\/#website","url":"https:\/\/www.savonnerie-chapoul.fr\/","name":"savonnerie-chapoul","description":"Cosm\u00e9tiques et savons saponifi\u00e9s \u00e0 froid dans la Plaine de Versailles","publisher":{"@id":"https:\/\/www.savonnerie-chapoul.fr\/#organization"},"potentialAction":[{"@type":"SearchAction","target":{"@type":"EntryPoint","urlTemplate":"https:\/\/www.savonnerie-chapoul.fr\/?s={search_term_string}"},"query-input":{"@type":"PropertyValueSpecification","valueRequired":true,"valueName":"search_term_string"}}],"inLanguage":"fr-FR"},{"@type":"Organization","@id":"https:\/\/www.savonnerie-chapoul.fr\/#organization","name":"savonnerie chapoul","url":"https:\/\/www.savonnerie-chapoul.fr\/","logo":{"@type":"ImageObject","inLanguage":"fr-FR","@id":"https:\/\/www.savonnerie-chapoul.fr\/#\/schema\/logo\/image\/","url":"https:\/\/i0.wp.com\/www.savonnerie-chapoul.fr\/wp-content\/uploads\/2026\/03\/logo-savonnerie-Chapoul-fond-transparent.png?fit=858%2C272&ssl=1","contentUrl":"https:\/\/i0.wp.com\/www.savonnerie-chapoul.fr\/wp-content\/uploads\/2026\/03\/logo-savonnerie-Chapoul-fond-transparent.png?fit=858%2C272&ssl=1","width":858,"height":272,"caption":"savonnerie chapoul"},"image":{"@id":"https:\/\/www.savonnerie-chapoul.fr\/#\/schema\/logo\/image\/"},"sameAs":["https:\/\/www.instagram.com\/savonnerie-chapoul"]}]}},"jetpack_sharing_enabled":true,"_links":{"self":[{"href":"https:\/\/www.savonnerie-chapoul.fr\/index.php\/wp-json\/wp\/v2\/pages\/580","targetHints":{"allow":["GET"]}}],"collection":[{"href":"https:\/\/www.savonnerie-chapoul.fr\/index.php\/wp-json\/wp\/v2\/pages"}],"about":[{"href":"https:\/\/www.savonnerie-chapoul.fr\/index.php\/wp-json\/wp\/v2\/types\/page"}],"author":[{"embeddable":true,"href":"https:\/\/www.savonnerie-chapoul.fr\/index.php\/wp-json\/wp\/v2\/users\/2"}],"replies":[{"embeddable":true,"href":"https:\/\/www.savonnerie-chapoul.fr\/index.php\/wp-json\/wp\/v2\/comments?post=580"}],"version-history":[{"count":4,"href":"https:\/\/www.savonnerie-chapoul.fr\/index.php\/wp-json\/wp\/v2\/pages\/580\/revisions"}],"predecessor-version":[{"id":624,"href":"https:\/\/www.savonnerie-chapoul.fr\/index.php\/wp-json\/wp\/v2\/pages\/580\/revisions\/624"}],"wp:attachment":[{"href":"https:\/\/www.savonnerie-chapoul.fr\/index.php\/wp-json\/wp\/v2\/media?parent=580"}],"curies":[{"name":"wp","href":"https:\/\/api.w.org\/{rel}","templated":true}]}}