{"id":1090,"date":"2026-03-04T15:33:42","date_gmt":"2026-03-04T14:33:42","guid":{"rendered":"https:\/\/www.savonnerie-chapoul.fr\/?post_type=product&#038;p=1090"},"modified":"2026-03-11T10:23:40","modified_gmt":"2026-03-11T09:23:40","slug":"eponge-konjac","status":"publish","type":"product","link":"https:\/\/www.savonnerie-chapoul.fr\/index.php\/produit\/eponge-konjac\/","title":{"rendered":"Eponge konjac"},"content":{"rendered":"<p>L&rsquo;\u00e9ponge konjac existe en deux formats :<\/p>\n<ul>\n<li>les rondes pour le visage<\/li>\n<li>les rectangulaires pour le corps<\/li>\n<\/ul>\n<p>D\u00e9couvrez ci-dessous les propri\u00e9t\u00e9s des diff\u00e9rentes \u00e9ponges :<\/p>\n<h2>\u00c9ponge konjac ronde pour le visage (diam\u00e8tre 6cm &#8211; 8cm quand r\u00e9hydrat\u00e9e)<\/h2>\n<p><strong>Nature<\/strong><br \/>\nTout type de peau. Exfoliation en douceur.<\/p>\n<p><strong>Citron<\/strong><br \/>\nPropri\u00e9t\u00e9s astringentes et purifiantes. Resserre les pores de la peau et redonne de l\u2019\u00e9clat. Peau mixte et grasse.<\/p>\n<p><strong>Aloe Vera<\/strong><br \/>\nPropri\u00e9t\u00e9s adoucissantes, hydratantes et r\u00e9g\u00e9n\u00e9rantes. Tout type de peau.<\/p>\n<p><strong>Argile rouge<\/strong><br \/>\nFavorise le renouvellement cellulaire et d\u00e9congestionne. Peau mature, s\u00e8che ou couperos\u00e9e.<\/p>\n<p><strong>Charbon de bambou<\/strong><br \/>\nPropri\u00e9t\u00e9s purifiantes et d\u00e9toxifiantes du fait de sa teneur en anti-oxydants et min\u00e9raux. Peau mixte, grasse, ou acn\u00e9ique.<\/p>\n<p><strong>Lavande<\/strong><br \/>\nPropri\u00e9t\u00e9s apaisantes, r\u00e9paratrices et r\u00e9g\u00e9n\u00e9ratrices pour la peau. Peau sensible et atopique.<\/p>\n<p><strong>Th\u00e9 vert<\/strong><br \/>\nAssainit et affine le grain de peau. Le th\u00e9 vert, riche en antioxydant, permet de pr\u00e9server l\u2019\u00e9lasticit\u00e9 de la peau. Tout type de peau.<\/p>\n<h2>\u00c9ponge konjac XL pour le corps (dimensions : 12x8x4cm)<\/h2>\n<p><span data-v-1a1fd554=\"\"><strong>Nature<\/strong><br \/>\nTout type de peau. Exfoliation en douceur.<\/span><\/p>\n<p><strong>Charbon de bambou<\/strong><br \/>\nPropri\u00e9t\u00e9s purifiantes et d\u00e9toxifiantes du fait de sa teneur en anti-oxydants et min\u00e9raux. Peau mixte, grasse, ou acn\u00e9ique.<\/p>\n<p><strong>Th\u00e9 vert<\/strong><br \/>\nAssainit et affine le grain de peau. Le th\u00e9 vert, riche en antioxydant, permet de pr\u00e9server l\u2019\u00e9lasticit\u00e9 de la peau. Tout type de peau.<\/p>\n<p><strong>Exfoliante (coque de noix)<\/strong><\/p>\n<p>Une face nature et une face enrichie \u00e0 la poudre de coques de noix, elle permet une exfoliation un peu plus accentu\u00e9e sans pour autant agresser la peau.\u00a0Tout type de peau. Id\u00e9ale avant l\u2019\u00e9pilation ou pour conserver un beau bronzage.<\/p>\n","protected":false},"excerpt":{"rendered":"<p>L&rsquo;\u00e9ponge konjac est une \u00e9ponge d&rsquo;origine v\u00e9g\u00e9tale. C&rsquo;est une alternative biod\u00e9gradable \u00e0 la fleur de douche.<br \/>\nSes structures permettent un nettoyage en profondeur et une exfoliation en douceur, m\u00eame des peaux les plus fragiles.<br \/>\nLe massage r\u00e9alis\u00e9 avec l&rsquo;\u00e9ponge konjac favorise la microcirculation sanguine et donne luminosit\u00e9 \u00e0 votre peau.<\/p>\n<p>L&rsquo;\u00e9ponge ronde d\u00e9di\u00e9e au visage peut s&rsquo;utiliser uniquement \u00e0 l&rsquo;eau.<\/p>\n<p>L&rsquo;\u00e9ponge rectangulaire d\u00e9di\u00e9e au corps peut s&rsquo;utiliser avec du savon, comme une fleur de douche ou un gant de toilette.<\/p>\n","protected":false},"featured_media":1086,"comment_status":"open","ping_status":"closed","template":"","meta":[],"product_brand":[],"product_cat":[39],"product_tag":[40],"class_list":{"0":"post-1090","1":"product","2":"type-product","3":"status-publish","4":"has-post-thumbnail","6":"product_cat-accessoires","7":"product_tag-accessoire","9":"first","10":"instock","11":"shipping-taxable","12":"purchasable","13":"product-type-variable"},"yoast_head":"<!-- This site is optimized with the Yoast SEO plugin v27.1.1 - https:\/\/yoast.com\/product\/yoast-seo-wordpress\/ -->\n<title>Eponge konjac - Savonnerie Chapoul<\/title>\n<meta name=\"description\" content=\"L&#039;\u00e9ponge konjac est d&#039;origine v\u00e9g\u00e9tale et biod\u00e9gradable. Ses structures permettent un nettoyage et une exfoliation de la peau en douceur.\" \/>\n<meta name=\"robots\" content=\"index, follow, max-snippet:-1, max-image-preview:large, max-video-preview:-1\" \/>\n<link rel=\"canonical\" href=\"https:\/\/www.savonnerie-chapoul.fr\/index.php\/produit\/eponge-konjac\/\" \/>\n<meta property=\"og:locale\" content=\"fr_FR\" \/>\n<meta property=\"og:type\" content=\"article\" \/>\n<meta property=\"og:title\" content=\"Eponge konjac - Savonnerie Chapoul\" \/>\n<meta property=\"og:description\" content=\"L&#039;\u00e9ponge konjac est d&#039;origine v\u00e9g\u00e9tale et biod\u00e9gradable. Ses structures permettent un nettoyage et une exfoliation de la peau en douceur.\" \/>\n<meta property=\"og:url\" content=\"https:\/\/www.savonnerie-chapoul.fr\/index.php\/produit\/eponge-konjac\/\" \/>\n<meta property=\"og:site_name\" content=\"Savonnerie Chapoul\" \/>\n<meta property=\"article:modified_time\" content=\"2026-03-11T09:23:40+00:00\" \/>\n<meta property=\"og:image\" content=\"https:\/\/www.savonnerie-chapoul.fr\/wp-content\/uploads\/2026\/03\/47.png\" \/>\n\t<meta property=\"og:image:width\" content=\"1000\" \/>\n\t<meta property=\"og:image:height\" content=\"1000\" \/>\n\t<meta property=\"og:image:type\" content=\"image\/png\" \/>\n<meta name=\"twitter:card\" content=\"summary_large_image\" \/>\n<meta name=\"twitter:label1\" content=\"Dur\u00e9e de lecture estim\u00e9e\" \/>\n\t<meta name=\"twitter:data1\" content=\"2 minutes\" \/>\n<script type=\"application\/ld+json\" class=\"yoast-schema-graph\">{\"@context\":\"https:\/\/schema.org\",\"@graph\":[{\"@type\":\"WebPage\",\"@id\":\"https:\/\/www.savonnerie-chapoul.fr\/index.php\/produit\/eponge-konjac\/\",\"url\":\"https:\/\/www.savonnerie-chapoul.fr\/index.php\/produit\/eponge-konjac\/\",\"name\":\"Eponge konjac - Savonnerie Chapoul\",\"isPartOf\":{\"@id\":\"https:\/\/www.savonnerie-chapoul.fr\/#website\"},\"primaryImageOfPage\":{\"@id\":\"https:\/\/www.savonnerie-chapoul.fr\/index.php\/produit\/eponge-konjac\/#primaryimage\"},\"image\":{\"@id\":\"https:\/\/www.savonnerie-chapoul.fr\/index.php\/produit\/eponge-konjac\/#primaryimage\"},\"thumbnailUrl\":\"https:\/\/i0.wp.com\/www.savonnerie-chapoul.fr\/wp-content\/uploads\/2026\/03\/47.png?fit=1000%2C1000&ssl=1\",\"datePublished\":\"2026-03-04T14:33:42+00:00\",\"dateModified\":\"2026-03-11T09:23:40+00:00\",\"description\":\"L'\u00e9ponge konjac est d'origine v\u00e9g\u00e9tale et biod\u00e9gradable. Ses structures permettent un nettoyage et une exfoliation de la peau en douceur.\",\"breadcrumb\":{\"@id\":\"https:\/\/www.savonnerie-chapoul.fr\/index.php\/produit\/eponge-konjac\/#breadcrumb\"},\"inLanguage\":\"fr-FR\",\"potentialAction\":[{\"@type\":\"ReadAction\",\"target\":[\"https:\/\/www.savonnerie-chapoul.fr\/index.php\/produit\/eponge-konjac\/\"]}]},{\"@type\":\"ImageObject\",\"inLanguage\":\"fr-FR\",\"@id\":\"https:\/\/www.savonnerie-chapoul.fr\/index.php\/produit\/eponge-konjac\/#primaryimage\",\"url\":\"https:\/\/i0.wp.com\/www.savonnerie-chapoul.fr\/wp-content\/uploads\/2026\/03\/47.png?fit=1000%2C1000&ssl=1\",\"contentUrl\":\"https:\/\/i0.wp.com\/www.savonnerie-chapoul.fr\/wp-content\/uploads\/2026\/03\/47.png?fit=1000%2C1000&ssl=1\",\"width\":1000,\"height\":1000,\"caption\":\"Savonnerie Chapoul - \u00e9ponges konjac\"},{\"@type\":\"BreadcrumbList\",\"@id\":\"https:\/\/www.savonnerie-chapoul.fr\/index.php\/produit\/eponge-konjac\/#breadcrumb\",\"itemListElement\":[{\"@type\":\"ListItem\",\"position\":1,\"name\":\"Accueil\",\"item\":\"https:\/\/www.savonnerie-chapoul.fr\/\"},{\"@type\":\"ListItem\",\"position\":2,\"name\":\"Boutique\",\"item\":\"https:\/\/www.savonnerie-chapoul.fr\/index.php\/boutique-savonnerie-chapoul\/\"},{\"@type\":\"ListItem\",\"position\":3,\"name\":\"Filet sauve-savon\"}]},{\"@type\":\"WebSite\",\"@id\":\"https:\/\/www.savonnerie-chapoul.fr\/#website\",\"url\":\"https:\/\/www.savonnerie-chapoul.fr\/\",\"name\":\"savonnerie-chapoul\",\"description\":\"Cosm\u00e9tiques et savons saponifi\u00e9s \u00e0 froid dans la Plaine de Versailles\",\"publisher\":{\"@id\":\"https:\/\/www.savonnerie-chapoul.fr\/#organization\"},\"potentialAction\":[{\"@type\":\"SearchAction\",\"target\":{\"@type\":\"EntryPoint\",\"urlTemplate\":\"https:\/\/www.savonnerie-chapoul.fr\/?s={search_term_string}\"},\"query-input\":{\"@type\":\"PropertyValueSpecification\",\"valueRequired\":true,\"valueName\":\"search_term_string\"}}],\"inLanguage\":\"fr-FR\"},{\"@type\":\"Organization\",\"@id\":\"https:\/\/www.savonnerie-chapoul.fr\/#organization\",\"name\":\"savonnerie chapoul\",\"url\":\"https:\/\/www.savonnerie-chapoul.fr\/\",\"logo\":{\"@type\":\"ImageObject\",\"inLanguage\":\"fr-FR\",\"@id\":\"https:\/\/www.savonnerie-chapoul.fr\/#\/schema\/logo\/image\/\",\"url\":\"https:\/\/i0.wp.com\/www.savonnerie-chapoul.fr\/wp-content\/uploads\/2026\/03\/logo-savonnerie-Chapoul-fond-transparent.png?fit=858%2C272&ssl=1\",\"contentUrl\":\"https:\/\/i0.wp.com\/www.savonnerie-chapoul.fr\/wp-content\/uploads\/2026\/03\/logo-savonnerie-Chapoul-fond-transparent.png?fit=858%2C272&ssl=1\",\"width\":858,\"height\":272,\"caption\":\"savonnerie chapoul\"},\"image\":{\"@id\":\"https:\/\/www.savonnerie-chapoul.fr\/#\/schema\/logo\/image\/\"},\"sameAs\":[\"https:\/\/www.instagram.com\/savonnerie-chapoul\"]}]}<\/script>\n<!-- \/ Yoast SEO plugin. -->","yoast_head_json":{"title":"Eponge konjac - Savonnerie Chapoul","description":"L'\u00e9ponge konjac est d'origine v\u00e9g\u00e9tale et biod\u00e9gradable. Ses structures permettent un nettoyage et une exfoliation de la peau en douceur.","robots":{"index":"index","follow":"follow","max-snippet":"max-snippet:-1","max-image-preview":"max-image-preview:large","max-video-preview":"max-video-preview:-1"},"canonical":"https:\/\/www.savonnerie-chapoul.fr\/index.php\/produit\/eponge-konjac\/","og_locale":"fr_FR","og_type":"article","og_title":"Eponge konjac - Savonnerie Chapoul","og_description":"L'\u00e9ponge konjac est d'origine v\u00e9g\u00e9tale et biod\u00e9gradable. Ses structures permettent un nettoyage et une exfoliation de la peau en douceur.","og_url":"https:\/\/www.savonnerie-chapoul.fr\/index.php\/produit\/eponge-konjac\/","og_site_name":"Savonnerie Chapoul","article_modified_time":"2026-03-11T09:23:40+00:00","og_image":[{"width":1000,"height":1000,"url":"https:\/\/www.savonnerie-chapoul.fr\/wp-content\/uploads\/2026\/03\/47.png","type":"image\/png"}],"twitter_card":"summary_large_image","twitter_misc":{"Dur\u00e9e de lecture estim\u00e9e":"2 minutes"},"schema":{"@context":"https:\/\/schema.org","@graph":[{"@type":"WebPage","@id":"https:\/\/www.savonnerie-chapoul.fr\/index.php\/produit\/eponge-konjac\/","url":"https:\/\/www.savonnerie-chapoul.fr\/index.php\/produit\/eponge-konjac\/","name":"Eponge konjac - Savonnerie Chapoul","isPartOf":{"@id":"https:\/\/www.savonnerie-chapoul.fr\/#website"},"primaryImageOfPage":{"@id":"https:\/\/www.savonnerie-chapoul.fr\/index.php\/produit\/eponge-konjac\/#primaryimage"},"image":{"@id":"https:\/\/www.savonnerie-chapoul.fr\/index.php\/produit\/eponge-konjac\/#primaryimage"},"thumbnailUrl":"https:\/\/i0.wp.com\/www.savonnerie-chapoul.fr\/wp-content\/uploads\/2026\/03\/47.png?fit=1000%2C1000&ssl=1","datePublished":"2026-03-04T14:33:42+00:00","dateModified":"2026-03-11T09:23:40+00:00","description":"L'\u00e9ponge konjac est d'origine v\u00e9g\u00e9tale et biod\u00e9gradable. Ses structures permettent un nettoyage et une exfoliation de la peau en douceur.","breadcrumb":{"@id":"https:\/\/www.savonnerie-chapoul.fr\/index.php\/produit\/eponge-konjac\/#breadcrumb"},"inLanguage":"fr-FR","potentialAction":[{"@type":"ReadAction","target":["https:\/\/www.savonnerie-chapoul.fr\/index.php\/produit\/eponge-konjac\/"]}]},{"@type":"ImageObject","inLanguage":"fr-FR","@id":"https:\/\/www.savonnerie-chapoul.fr\/index.php\/produit\/eponge-konjac\/#primaryimage","url":"https:\/\/i0.wp.com\/www.savonnerie-chapoul.fr\/wp-content\/uploads\/2026\/03\/47.png?fit=1000%2C1000&ssl=1","contentUrl":"https:\/\/i0.wp.com\/www.savonnerie-chapoul.fr\/wp-content\/uploads\/2026\/03\/47.png?fit=1000%2C1000&ssl=1","width":1000,"height":1000,"caption":"Savonnerie Chapoul - \u00e9ponges konjac"},{"@type":"BreadcrumbList","@id":"https:\/\/www.savonnerie-chapoul.fr\/index.php\/produit\/eponge-konjac\/#breadcrumb","itemListElement":[{"@type":"ListItem","position":1,"name":"Accueil","item":"https:\/\/www.savonnerie-chapoul.fr\/"},{"@type":"ListItem","position":2,"name":"Boutique","item":"https:\/\/www.savonnerie-chapoul.fr\/index.php\/boutique-savonnerie-chapoul\/"},{"@type":"ListItem","position":3,"name":"Filet sauve-savon"}]},{"@type":"WebSite","@id":"https:\/\/www.savonnerie-chapoul.fr\/#website","url":"https:\/\/www.savonnerie-chapoul.fr\/","name":"savonnerie-chapoul","description":"Cosm\u00e9tiques et savons saponifi\u00e9s \u00e0 froid dans la Plaine de Versailles","publisher":{"@id":"https:\/\/www.savonnerie-chapoul.fr\/#organization"},"potentialAction":[{"@type":"SearchAction","target":{"@type":"EntryPoint","urlTemplate":"https:\/\/www.savonnerie-chapoul.fr\/?s={search_term_string}"},"query-input":{"@type":"PropertyValueSpecification","valueRequired":true,"valueName":"search_term_string"}}],"inLanguage":"fr-FR"},{"@type":"Organization","@id":"https:\/\/www.savonnerie-chapoul.fr\/#organization","name":"savonnerie chapoul","url":"https:\/\/www.savonnerie-chapoul.fr\/","logo":{"@type":"ImageObject","inLanguage":"fr-FR","@id":"https:\/\/www.savonnerie-chapoul.fr\/#\/schema\/logo\/image\/","url":"https:\/\/i0.wp.com\/www.savonnerie-chapoul.fr\/wp-content\/uploads\/2026\/03\/logo-savonnerie-Chapoul-fond-transparent.png?fit=858%2C272&ssl=1","contentUrl":"https:\/\/i0.wp.com\/www.savonnerie-chapoul.fr\/wp-content\/uploads\/2026\/03\/logo-savonnerie-Chapoul-fond-transparent.png?fit=858%2C272&ssl=1","width":858,"height":272,"caption":"savonnerie chapoul"},"image":{"@id":"https:\/\/www.savonnerie-chapoul.fr\/#\/schema\/logo\/image\/"},"sameAs":["https:\/\/www.instagram.com\/savonnerie-chapoul"]}]}},"jetpack_sharing_enabled":true,"_links":{"self":[{"href":"https:\/\/www.savonnerie-chapoul.fr\/index.php\/wp-json\/wp\/v2\/product\/1090","targetHints":{"allow":["GET"]}}],"collection":[{"href":"https:\/\/www.savonnerie-chapoul.fr\/index.php\/wp-json\/wp\/v2\/product"}],"about":[{"href":"https:\/\/www.savonnerie-chapoul.fr\/index.php\/wp-json\/wp\/v2\/types\/product"}],"replies":[{"embeddable":true,"href":"https:\/\/www.savonnerie-chapoul.fr\/index.php\/wp-json\/wp\/v2\/comments?post=1090"}],"wp:featuredmedia":[{"embeddable":true,"href":"https:\/\/www.savonnerie-chapoul.fr\/index.php\/wp-json\/wp\/v2\/media\/1086"}],"wp:attachment":[{"href":"https:\/\/www.savonnerie-chapoul.fr\/index.php\/wp-json\/wp\/v2\/media?parent=1090"}],"wp:term":[{"taxonomy":"product_brand","embeddable":true,"href":"https:\/\/www.savonnerie-chapoul.fr\/index.php\/wp-json\/wp\/v2\/product_brand?post=1090"},{"taxonomy":"product_cat","embeddable":true,"href":"https:\/\/www.savonnerie-chapoul.fr\/index.php\/wp-json\/wp\/v2\/product_cat?post=1090"},{"taxonomy":"product_tag","embeddable":true,"href":"https:\/\/www.savonnerie-chapoul.fr\/index.php\/wp-json\/wp\/v2\/product_tag?post=1090"}],"curies":[{"name":"wp","href":"https:\/\/api.w.org\/{rel}","templated":true}]}}