{"id":171,"date":"2025-01-26T16:50:38","date_gmt":"2025-01-26T15:50:38","guid":{"rendered":"https:\/\/www.savonnerie-chapoul.fr\/?post_type=product&#038;p=171"},"modified":"2026-03-24T00:50:55","modified_gmt":"2026-03-23T23:50:55","slug":"savon-louveciennes","status":"publish","type":"product","link":"https:\/\/www.savonnerie-chapoul.fr\/index.php\/produit\/savon-louveciennes\/","title":{"rendered":"Savon saponifi\u00e9 \u00e0 froid au miel et \u00e0 la cire"},"content":{"rendered":"<h2>Savon artisanal saponifi\u00e9 \u00e0 froid au miel et \u00e0 la cire d&rsquo;abeille<\/h2>\n<p>Le savon Louveciennes est sans parfum ajout\u00e9, surgras et riche en glyc\u00e9rine naturellement produite lors de la saponification \u00e0 froid. Il est fabriqu\u00e9 avec du miel et de la cire d&rsquo;abeille en provenance d&rsquo;un rucher local.<br \/>\n82% du total des ingr\u00e9dients sont d&rsquo;origine fran\u00e7aise et 65% sont issus de l&rsquo;agriculture biologique.<\/p>\n<p>D\u00e9couvrez <a href=\"https:\/\/www.savonnerie-chapoul.fr\/index.php\/2025\/03\/07\/savonnerie-chapoul-histoire-famille#louveciennes\">ici<\/a> l&rsquo;histoire derri\u00e8re le savon Louveciennes.<\/p>\n<h2>Propri\u00e9t\u00e9s des ingr\u00e9dients du savon surgras Louveciennes<!--more--><\/h2>\n<ul>\n<li style=\"list-style-type: none;\">\n<ul>\n<li>Huile de tournesol : adoucissante et hydratante. Tr\u00e8s riche en vitamine E et concentr\u00e9e en acides gras essentiels, elle renforce la fonction barri\u00e8re de l\u2019\u00e9piderme et aide \u00e0 la pr\u00e9servation de l\u2019hydratation cutan\u00e9e<sup>1<\/sup><\/li>\n<li>Miel : antiseptique, cicatrisant et anti-inflammatoire<sup>8<\/sup><\/li>\n<li>Cire d\u2019abeille : propri\u00e9t\u00e9s \u00e9mollientes naturelles, adoucit et hydrate la peau. Anti-inflammatoire. Apaise les peaux irrit\u00e9es ou sensibles<sup>9<\/sup><\/li>\n<\/ul>\n<\/li>\n<\/ul>\n<p>Voir les <a href=\"https:\/\/www.savonnerie-chapoul.fr\/?p=157\">sources<\/a><\/p>\n","protected":false},"excerpt":{"rendered":"<p>Savon au miel et \u00e0 la cire sans parfum ajout\u00e9, surgras et riche en glyc\u00e9rine naturellement produite lors de la saponification \u00e0 froid.<\/p>\n","protected":false},"featured_media":1024,"comment_status":"open","ping_status":"closed","template":"","meta":[],"product_brand":[],"product_cat":[34,17],"product_tag":[19,18,20,31,28,30],"class_list":{"0":"post-171","1":"product","2":"type-product","3":"status-publish","4":"has-post-thumbnail","6":"product_cat-sans-parfum","7":"product_cat-savons","8":"product_tag-saf","9":"product_tag-savon","10":"product_tag-savon-a-froid","11":"product_tag-savon-sans-parfum","12":"product_tag-savon-saponife-a-froid","13":"product_tag-savon-surgras","15":"first","16":"instock","17":"shipping-taxable","18":"purchasable","19":"product-type-variable","20":"has-default-attributes"},"yoast_head":"<!-- This site is optimized with the Yoast SEO plugin v27.1.1 - https:\/\/yoast.com\/product\/yoast-seo-wordpress\/ -->\n<title>Savon saponifi\u00e9 \u00e0 froid au miel et \u00e0 la cire - Savonnerie Chapoul<\/title>\n<meta name=\"description\" content=\"Le savon Louveciennes est sans parfum ajout\u00e9, surgras et riche en glyc\u00e9rine naturellement produite lors de la saponification \u00e0 froid. Au miel et \u00e0 la cire.\" \/>\n<meta name=\"robots\" content=\"index, follow, max-snippet:-1, max-image-preview:large, max-video-preview:-1\" \/>\n<link rel=\"canonical\" href=\"https:\/\/www.savonnerie-chapoul.fr\/index.php\/produit\/savon-louveciennes\/\" \/>\n<meta property=\"og:locale\" content=\"fr_FR\" \/>\n<meta property=\"og:type\" content=\"article\" \/>\n<meta property=\"og:title\" content=\"Savon saponifi\u00e9 \u00e0 froid au miel et \u00e0 la cire - Savonnerie Chapoul\" \/>\n<meta property=\"og:description\" content=\"Le savon Louveciennes est sans parfum ajout\u00e9, surgras et riche en glyc\u00e9rine naturellement produite lors de la saponification \u00e0 froid. Au miel et \u00e0 la cire.\" \/>\n<meta property=\"og:url\" content=\"https:\/\/www.savonnerie-chapoul.fr\/index.php\/produit\/savon-louveciennes\/\" \/>\n<meta property=\"og:site_name\" content=\"Savonnerie Chapoul\" \/>\n<meta property=\"article:modified_time\" content=\"2026-03-23T23:50:55+00:00\" \/>\n<meta property=\"og:image\" content=\"https:\/\/www.savonnerie-chapoul.fr\/wp-content\/uploads\/2026\/01\/2-1.png\" \/>\n\t<meta property=\"og:image:width\" content=\"1000\" \/>\n\t<meta property=\"og:image:height\" content=\"1000\" \/>\n\t<meta property=\"og:image:type\" content=\"image\/png\" \/>\n<meta name=\"twitter:card\" content=\"summary_large_image\" \/>\n<meta name=\"twitter:label1\" content=\"Dur\u00e9e de lecture estim\u00e9e\" \/>\n\t<meta name=\"twitter:data1\" content=\"1 minute\" \/>\n<script type=\"application\/ld+json\" class=\"yoast-schema-graph\">{\"@context\":\"https:\/\/schema.org\",\"@graph\":[{\"@type\":\"WebPage\",\"@id\":\"https:\/\/www.savonnerie-chapoul.fr\/index.php\/produit\/savon-louveciennes\/\",\"url\":\"https:\/\/www.savonnerie-chapoul.fr\/index.php\/produit\/savon-louveciennes\/\",\"name\":\"Savon saponifi\u00e9 \u00e0 froid au miel et \u00e0 la cire - Savonnerie Chapoul\",\"isPartOf\":{\"@id\":\"https:\/\/www.savonnerie-chapoul.fr\/#website\"},\"primaryImageOfPage\":{\"@id\":\"https:\/\/www.savonnerie-chapoul.fr\/index.php\/produit\/savon-louveciennes\/#primaryimage\"},\"image\":{\"@id\":\"https:\/\/www.savonnerie-chapoul.fr\/index.php\/produit\/savon-louveciennes\/#primaryimage\"},\"thumbnailUrl\":\"https:\/\/i0.wp.com\/www.savonnerie-chapoul.fr\/wp-content\/uploads\/2026\/01\/2-1.png?fit=1000%2C1000&ssl=1\",\"datePublished\":\"2025-01-26T15:50:38+00:00\",\"dateModified\":\"2026-03-23T23:50:55+00:00\",\"description\":\"Le savon Louveciennes est sans parfum ajout\u00e9, surgras et riche en glyc\u00e9rine naturellement produite lors de la saponification \u00e0 froid. Au miel et \u00e0 la cire.\",\"breadcrumb\":{\"@id\":\"https:\/\/www.savonnerie-chapoul.fr\/index.php\/produit\/savon-louveciennes\/#breadcrumb\"},\"inLanguage\":\"fr-FR\",\"potentialAction\":[{\"@type\":\"ReadAction\",\"target\":[\"https:\/\/www.savonnerie-chapoul.fr\/index.php\/produit\/savon-louveciennes\/\"]}]},{\"@type\":\"ImageObject\",\"inLanguage\":\"fr-FR\",\"@id\":\"https:\/\/www.savonnerie-chapoul.fr\/index.php\/produit\/savon-louveciennes\/#primaryimage\",\"url\":\"https:\/\/i0.wp.com\/www.savonnerie-chapoul.fr\/wp-content\/uploads\/2026\/01\/2-1.png?fit=1000%2C1000&ssl=1\",\"contentUrl\":\"https:\/\/i0.wp.com\/www.savonnerie-chapoul.fr\/wp-content\/uploads\/2026\/01\/2-1.png?fit=1000%2C1000&ssl=1\",\"width\":1000,\"height\":1000,\"caption\":\"Savonnerie Chapoul - Savon Louveciennes saponifi\u00e9 \u00e0 froid au miel et \u00e0 la cire d'abeille\"},{\"@type\":\"BreadcrumbList\",\"@id\":\"https:\/\/www.savonnerie-chapoul.fr\/index.php\/produit\/savon-louveciennes\/#breadcrumb\",\"itemListElement\":[{\"@type\":\"ListItem\",\"position\":1,\"name\":\"Accueil\",\"item\":\"https:\/\/www.savonnerie-chapoul.fr\/\"},{\"@type\":\"ListItem\",\"position\":2,\"name\":\"Boutique\",\"item\":\"https:\/\/www.savonnerie-chapoul.fr\/index.php\/boutique-savonnerie-chapoul\/\"},{\"@type\":\"ListItem\",\"position\":3,\"name\":\"Savon saponifi\u00e9 \u00e0 froid au miel et \u00e0 la cire\"}]},{\"@type\":\"WebSite\",\"@id\":\"https:\/\/www.savonnerie-chapoul.fr\/#website\",\"url\":\"https:\/\/www.savonnerie-chapoul.fr\/\",\"name\":\"savonnerie-chapoul\",\"description\":\"Cosm\u00e9tiques et savons saponifi\u00e9s \u00e0 froid dans la Plaine de Versailles\",\"publisher\":{\"@id\":\"https:\/\/www.savonnerie-chapoul.fr\/#organization\"},\"potentialAction\":[{\"@type\":\"SearchAction\",\"target\":{\"@type\":\"EntryPoint\",\"urlTemplate\":\"https:\/\/www.savonnerie-chapoul.fr\/?s={search_term_string}\"},\"query-input\":{\"@type\":\"PropertyValueSpecification\",\"valueRequired\":true,\"valueName\":\"search_term_string\"}}],\"inLanguage\":\"fr-FR\"},{\"@type\":\"Organization\",\"@id\":\"https:\/\/www.savonnerie-chapoul.fr\/#organization\",\"name\":\"savonnerie chapoul\",\"url\":\"https:\/\/www.savonnerie-chapoul.fr\/\",\"logo\":{\"@type\":\"ImageObject\",\"inLanguage\":\"fr-FR\",\"@id\":\"https:\/\/www.savonnerie-chapoul.fr\/#\/schema\/logo\/image\/\",\"url\":\"https:\/\/i0.wp.com\/www.savonnerie-chapoul.fr\/wp-content\/uploads\/2026\/03\/logo-savonnerie-Chapoul-fond-transparent.png?fit=858%2C272&ssl=1\",\"contentUrl\":\"https:\/\/i0.wp.com\/www.savonnerie-chapoul.fr\/wp-content\/uploads\/2026\/03\/logo-savonnerie-Chapoul-fond-transparent.png?fit=858%2C272&ssl=1\",\"width\":858,\"height\":272,\"caption\":\"savonnerie chapoul\"},\"image\":{\"@id\":\"https:\/\/www.savonnerie-chapoul.fr\/#\/schema\/logo\/image\/\"},\"sameAs\":[\"https:\/\/www.instagram.com\/savonnerie-chapoul\"]}]}<\/script>\n<!-- \/ Yoast SEO plugin. -->","yoast_head_json":{"title":"Savon saponifi\u00e9 \u00e0 froid au miel et \u00e0 la cire - Savonnerie Chapoul","description":"Le savon Louveciennes est sans parfum ajout\u00e9, surgras et riche en glyc\u00e9rine naturellement produite lors de la saponification \u00e0 froid. Au miel et \u00e0 la cire.","robots":{"index":"index","follow":"follow","max-snippet":"max-snippet:-1","max-image-preview":"max-image-preview:large","max-video-preview":"max-video-preview:-1"},"canonical":"https:\/\/www.savonnerie-chapoul.fr\/index.php\/produit\/savon-louveciennes\/","og_locale":"fr_FR","og_type":"article","og_title":"Savon saponifi\u00e9 \u00e0 froid au miel et \u00e0 la cire - Savonnerie Chapoul","og_description":"Le savon Louveciennes est sans parfum ajout\u00e9, surgras et riche en glyc\u00e9rine naturellement produite lors de la saponification \u00e0 froid. Au miel et \u00e0 la cire.","og_url":"https:\/\/www.savonnerie-chapoul.fr\/index.php\/produit\/savon-louveciennes\/","og_site_name":"Savonnerie Chapoul","article_modified_time":"2026-03-23T23:50:55+00:00","og_image":[{"width":1000,"height":1000,"url":"https:\/\/www.savonnerie-chapoul.fr\/wp-content\/uploads\/2026\/01\/2-1.png","type":"image\/png"}],"twitter_card":"summary_large_image","twitter_misc":{"Dur\u00e9e de lecture estim\u00e9e":"1 minute"},"schema":{"@context":"https:\/\/schema.org","@graph":[{"@type":"WebPage","@id":"https:\/\/www.savonnerie-chapoul.fr\/index.php\/produit\/savon-louveciennes\/","url":"https:\/\/www.savonnerie-chapoul.fr\/index.php\/produit\/savon-louveciennes\/","name":"Savon saponifi\u00e9 \u00e0 froid au miel et \u00e0 la cire - Savonnerie Chapoul","isPartOf":{"@id":"https:\/\/www.savonnerie-chapoul.fr\/#website"},"primaryImageOfPage":{"@id":"https:\/\/www.savonnerie-chapoul.fr\/index.php\/produit\/savon-louveciennes\/#primaryimage"},"image":{"@id":"https:\/\/www.savonnerie-chapoul.fr\/index.php\/produit\/savon-louveciennes\/#primaryimage"},"thumbnailUrl":"https:\/\/i0.wp.com\/www.savonnerie-chapoul.fr\/wp-content\/uploads\/2026\/01\/2-1.png?fit=1000%2C1000&ssl=1","datePublished":"2025-01-26T15:50:38+00:00","dateModified":"2026-03-23T23:50:55+00:00","description":"Le savon Louveciennes est sans parfum ajout\u00e9, surgras et riche en glyc\u00e9rine naturellement produite lors de la saponification \u00e0 froid. Au miel et \u00e0 la cire.","breadcrumb":{"@id":"https:\/\/www.savonnerie-chapoul.fr\/index.php\/produit\/savon-louveciennes\/#breadcrumb"},"inLanguage":"fr-FR","potentialAction":[{"@type":"ReadAction","target":["https:\/\/www.savonnerie-chapoul.fr\/index.php\/produit\/savon-louveciennes\/"]}]},{"@type":"ImageObject","inLanguage":"fr-FR","@id":"https:\/\/www.savonnerie-chapoul.fr\/index.php\/produit\/savon-louveciennes\/#primaryimage","url":"https:\/\/i0.wp.com\/www.savonnerie-chapoul.fr\/wp-content\/uploads\/2026\/01\/2-1.png?fit=1000%2C1000&ssl=1","contentUrl":"https:\/\/i0.wp.com\/www.savonnerie-chapoul.fr\/wp-content\/uploads\/2026\/01\/2-1.png?fit=1000%2C1000&ssl=1","width":1000,"height":1000,"caption":"Savonnerie Chapoul - Savon Louveciennes saponifi\u00e9 \u00e0 froid au miel et \u00e0 la cire d'abeille"},{"@type":"BreadcrumbList","@id":"https:\/\/www.savonnerie-chapoul.fr\/index.php\/produit\/savon-louveciennes\/#breadcrumb","itemListElement":[{"@type":"ListItem","position":1,"name":"Accueil","item":"https:\/\/www.savonnerie-chapoul.fr\/"},{"@type":"ListItem","position":2,"name":"Boutique","item":"https:\/\/www.savonnerie-chapoul.fr\/index.php\/boutique-savonnerie-chapoul\/"},{"@type":"ListItem","position":3,"name":"Savon saponifi\u00e9 \u00e0 froid au miel et \u00e0 la cire"}]},{"@type":"WebSite","@id":"https:\/\/www.savonnerie-chapoul.fr\/#website","url":"https:\/\/www.savonnerie-chapoul.fr\/","name":"savonnerie-chapoul","description":"Cosm\u00e9tiques et savons saponifi\u00e9s \u00e0 froid dans la Plaine de Versailles","publisher":{"@id":"https:\/\/www.savonnerie-chapoul.fr\/#organization"},"potentialAction":[{"@type":"SearchAction","target":{"@type":"EntryPoint","urlTemplate":"https:\/\/www.savonnerie-chapoul.fr\/?s={search_term_string}"},"query-input":{"@type":"PropertyValueSpecification","valueRequired":true,"valueName":"search_term_string"}}],"inLanguage":"fr-FR"},{"@type":"Organization","@id":"https:\/\/www.savonnerie-chapoul.fr\/#organization","name":"savonnerie chapoul","url":"https:\/\/www.savonnerie-chapoul.fr\/","logo":{"@type":"ImageObject","inLanguage":"fr-FR","@id":"https:\/\/www.savonnerie-chapoul.fr\/#\/schema\/logo\/image\/","url":"https:\/\/i0.wp.com\/www.savonnerie-chapoul.fr\/wp-content\/uploads\/2026\/03\/logo-savonnerie-Chapoul-fond-transparent.png?fit=858%2C272&ssl=1","contentUrl":"https:\/\/i0.wp.com\/www.savonnerie-chapoul.fr\/wp-content\/uploads\/2026\/03\/logo-savonnerie-Chapoul-fond-transparent.png?fit=858%2C272&ssl=1","width":858,"height":272,"caption":"savonnerie chapoul"},"image":{"@id":"https:\/\/www.savonnerie-chapoul.fr\/#\/schema\/logo\/image\/"},"sameAs":["https:\/\/www.instagram.com\/savonnerie-chapoul"]}]}},"jetpack_sharing_enabled":true,"_links":{"self":[{"href":"https:\/\/www.savonnerie-chapoul.fr\/index.php\/wp-json\/wp\/v2\/product\/171","targetHints":{"allow":["GET"]}}],"collection":[{"href":"https:\/\/www.savonnerie-chapoul.fr\/index.php\/wp-json\/wp\/v2\/product"}],"about":[{"href":"https:\/\/www.savonnerie-chapoul.fr\/index.php\/wp-json\/wp\/v2\/types\/product"}],"replies":[{"embeddable":true,"href":"https:\/\/www.savonnerie-chapoul.fr\/index.php\/wp-json\/wp\/v2\/comments?post=171"}],"wp:featuredmedia":[{"embeddable":true,"href":"https:\/\/www.savonnerie-chapoul.fr\/index.php\/wp-json\/wp\/v2\/media\/1024"}],"wp:attachment":[{"href":"https:\/\/www.savonnerie-chapoul.fr\/index.php\/wp-json\/wp\/v2\/media?parent=171"}],"wp:term":[{"taxonomy":"product_brand","embeddable":true,"href":"https:\/\/www.savonnerie-chapoul.fr\/index.php\/wp-json\/wp\/v2\/product_brand?post=171"},{"taxonomy":"product_cat","embeddable":true,"href":"https:\/\/www.savonnerie-chapoul.fr\/index.php\/wp-json\/wp\/v2\/product_cat?post=171"},{"taxonomy":"product_tag","embeddable":true,"href":"https:\/\/www.savonnerie-chapoul.fr\/index.php\/wp-json\/wp\/v2\/product_tag?post=171"}],"curies":[{"name":"wp","href":"https:\/\/api.w.org\/{rel}","templated":true}]}}