{"id":176,"date":"2025-01-26T17:07:15","date_gmt":"2025-01-26T16:07:15","guid":{"rendered":"https:\/\/www.savonnerie-chapoul.fr\/?post_type=product&#038;p=176"},"modified":"2026-04-12T23:45:56","modified_gmt":"2026-04-12T21:45:56","slug":"ptite-mousse","status":"publish","type":"product","link":"https:\/\/www.savonnerie-chapoul.fr\/index.php\/produit\/ptite-mousse\/","title":{"rendered":"Savon saponifi\u00e9 \u00e0 froid au lavandin et eucalyptus citronn\u00e9"},"content":{"rendered":"<h2>Savon artisanal saponifi\u00e9 \u00e0 froid au lavandin et \u00e0 l&rsquo;eucalyptus citronn\u00e9<\/h2>\n<p>Le savon P&rsquo;tite Mousse est surgras et riche en glyc\u00e9rine naturellement produite lors de la saponification \u00e0 froid. Les huiles essentielles bio de lavandin fran\u00e7ais et d&rsquo;eucalyptus citronn\u00e9 parfument d\u00e9licatement ce savon.<br \/>\nLe charbon v\u00e9g\u00e9tal activ\u00e9 fran\u00e7ais colore ce savon. La bi\u00e8re noire locale et bio teinte \u00e9galement la p\u00e2te et apporte une tr\u00e8s l\u00e9g\u00e8re odeur de pain grill\u00e9 (mais pas une odeur de bi\u00e8re \ud83d\ude05).<br \/>\nDe plus, P&rsquo;tite Mousse est enrichi en huile de chanvre bio bretonne.<br \/>\n85% du total des ingr\u00e9dients sont d&rsquo;origine fran\u00e7aise et 75% sont issus de l&rsquo;agriculture biologique.<\/p>\n<h2>Propri\u00e9t\u00e9s des ingr\u00e9dients du savon surgras P&rsquo;tite Mousse parfum\u00e9 au lavandin et \u00e0 l&rsquo;eucalyptus citronn\u00e9<!--more--><\/h2>\n<ul>\n<li style=\"list-style-type: none;\">\n<ul>\n<li>Huile de tournesol : adoucissante et hydratante. Tr\u00e8s riche en vitamine E et concentr\u00e9e en acides gras essentiels, elle renforce la fonction barri\u00e8re de l\u2019\u00e9piderme et aide \u00e0 la pr\u00e9servation de l\u2019hydratation cutan\u00e9e<sup>1<\/sup><\/li>\n<li>Huile de chanvre : effets re\u0301parateurs<sup>1<\/sup>, apaisante et circulatoire<sup>3<\/sup><\/li>\n<li>Huile de coco : une fois saponifi\u00e9e, elle donne un effet naturellement moussant au savon<sup>2<\/sup><\/li>\n<li>Huile essentielle de lavandin : calmante, relaxante, cicatrisante, antalgique et effet de d\u00e9contraction musculaire<sup>3<\/sup><\/li>\n<li>Huile essentielle d\u2019eucalyptus citronn\u00e9 : parfois surnomm\u00e9e \u201chuile essentielle du sportif\u201d, elle est antalgique et anti-inflammatoire<sup>3<\/sup><\/li>\n<li>Argile blanche : soulage les peaux sensibles, absorbe et r\u00e9gule le s\u00e9bum<sup>5<\/sup><\/li>\n<li>Charbon v\u00e9g\u00e9tal activ\u00e9 : assainit la peau et capte les impuret\u00e9s<sup>11<\/sup><\/li>\n<\/ul>\n<\/li>\n<\/ul>\n<p>Voir les <a href=\"https:\/\/www.savonnerie-chapoul.fr\/?p=157\">sources<\/a><\/p>\n","protected":false},"excerpt":{"rendered":"<p>Savon parfum\u00e9 aux huiles essentielles bio de lavandin fran\u00e7ais et d&rsquo;eucalyptus citronn\u00e9, surgras et riche en glyc\u00e9rine naturellement produite lors de la saponification \u00e0 froid.<\/p>\n","protected":false},"featured_media":1029,"comment_status":"open","ping_status":"closed","template":"","meta":[],"product_brand":[],"product_cat":[35,17],"product_tag":[19,18,20,29,28,30],"class_list":{"0":"post-176","1":"product","2":"type-product","3":"status-publish","4":"has-post-thumbnail","6":"product_cat-parfume","7":"product_cat-savons","8":"product_tag-saf","9":"product_tag-savon","10":"product_tag-savon-a-froid","11":"product_tag-savon-parfume","12":"product_tag-savon-saponife-a-froid","13":"product_tag-savon-surgras","15":"first","16":"instock","17":"shipping-taxable","18":"purchasable","19":"product-type-variable"},"yoast_head":"<!-- This site is optimized with the Yoast SEO plugin v27.1.1 - https:\/\/yoast.com\/product\/yoast-seo-wordpress\/ -->\n<title>Savon saponifi\u00e9 \u00e0 froid au lavandin et eucalyptus citronn\u00e9 - Savonnerie Chapoul<\/title>\n<meta name=\"description\" content=\"Le savon P&#039;tite Mousse est surgras et riche en glyc\u00e9rine naturellement produite lors de la saponification \u00e0 froid. Il est parfum\u00e9 aux huiles essentielles\" \/>\n<meta name=\"robots\" content=\"index, follow, max-snippet:-1, max-image-preview:large, max-video-preview:-1\" \/>\n<link rel=\"canonical\" href=\"https:\/\/www.savonnerie-chapoul.fr\/index.php\/produit\/ptite-mousse\/\" \/>\n<meta property=\"og:locale\" content=\"fr_FR\" \/>\n<meta property=\"og:type\" content=\"article\" \/>\n<meta property=\"og:title\" content=\"Savon saponifi\u00e9 \u00e0 froid au lavandin et eucalyptus citronn\u00e9 - Savonnerie Chapoul\" \/>\n<meta property=\"og:description\" content=\"Le savon P&#039;tite Mousse est surgras et riche en glyc\u00e9rine naturellement produite lors de la saponification \u00e0 froid. Il est parfum\u00e9 aux huiles essentielles\" \/>\n<meta property=\"og:url\" content=\"https:\/\/www.savonnerie-chapoul.fr\/index.php\/produit\/ptite-mousse\/\" \/>\n<meta property=\"og:site_name\" content=\"Savonnerie Chapoul\" \/>\n<meta property=\"article:modified_time\" content=\"2026-04-12T21:45:56+00:00\" \/>\n<meta property=\"og:image\" content=\"https:\/\/www.savonnerie-chapoul.fr\/wp-content\/uploads\/2026\/01\/7.png\" \/>\n\t<meta property=\"og:image:width\" content=\"1000\" \/>\n\t<meta property=\"og:image:height\" content=\"1000\" \/>\n\t<meta property=\"og:image:type\" content=\"image\/png\" \/>\n<meta name=\"twitter:card\" content=\"summary_large_image\" \/>\n<meta name=\"twitter:label1\" content=\"Dur\u00e9e de lecture estim\u00e9e\" \/>\n\t<meta name=\"twitter:data1\" content=\"2 minutes\" \/>\n<script type=\"application\/ld+json\" class=\"yoast-schema-graph\">{\"@context\":\"https:\/\/schema.org\",\"@graph\":[{\"@type\":\"WebPage\",\"@id\":\"https:\/\/www.savonnerie-chapoul.fr\/index.php\/produit\/ptite-mousse\/\",\"url\":\"https:\/\/www.savonnerie-chapoul.fr\/index.php\/produit\/ptite-mousse\/\",\"name\":\"Savon saponifi\u00e9 \u00e0 froid au lavandin et eucalyptus citronn\u00e9 - Savonnerie Chapoul\",\"isPartOf\":{\"@id\":\"https:\/\/www.savonnerie-chapoul.fr\/#website\"},\"primaryImageOfPage\":{\"@id\":\"https:\/\/www.savonnerie-chapoul.fr\/index.php\/produit\/ptite-mousse\/#primaryimage\"},\"image\":{\"@id\":\"https:\/\/www.savonnerie-chapoul.fr\/index.php\/produit\/ptite-mousse\/#primaryimage\"},\"thumbnailUrl\":\"https:\/\/i0.wp.com\/www.savonnerie-chapoul.fr\/wp-content\/uploads\/2026\/01\/7.png?fit=1000%2C1000&ssl=1\",\"datePublished\":\"2025-01-26T16:07:15+00:00\",\"dateModified\":\"2026-04-12T21:45:56+00:00\",\"description\":\"Le savon P'tite Mousse est surgras et riche en glyc\u00e9rine naturellement produite lors de la saponification \u00e0 froid. Il est parfum\u00e9 aux huiles essentielles\",\"breadcrumb\":{\"@id\":\"https:\/\/www.savonnerie-chapoul.fr\/index.php\/produit\/ptite-mousse\/#breadcrumb\"},\"inLanguage\":\"fr-FR\",\"potentialAction\":[{\"@type\":\"ReadAction\",\"target\":[\"https:\/\/www.savonnerie-chapoul.fr\/index.php\/produit\/ptite-mousse\/\"]}]},{\"@type\":\"ImageObject\",\"inLanguage\":\"fr-FR\",\"@id\":\"https:\/\/www.savonnerie-chapoul.fr\/index.php\/produit\/ptite-mousse\/#primaryimage\",\"url\":\"https:\/\/i0.wp.com\/www.savonnerie-chapoul.fr\/wp-content\/uploads\/2026\/01\/7.png?fit=1000%2C1000&ssl=1\",\"contentUrl\":\"https:\/\/i0.wp.com\/www.savonnerie-chapoul.fr\/wp-content\/uploads\/2026\/01\/7.png?fit=1000%2C1000&ssl=1\",\"width\":1000,\"height\":1000,\"caption\":\"Savonnerie Chapoul - Savon P'tite Mousse saponifi\u00e9 \u00e0 froid, parfum\u00e9 au lavandin et \u00e0 l'eucalyptus citronn\u00e9 et est enrichi en huile de chanvre et en bi\u00e8re noire\"},{\"@type\":\"BreadcrumbList\",\"@id\":\"https:\/\/www.savonnerie-chapoul.fr\/index.php\/produit\/ptite-mousse\/#breadcrumb\",\"itemListElement\":[{\"@type\":\"ListItem\",\"position\":1,\"name\":\"Accueil\",\"item\":\"https:\/\/www.savonnerie-chapoul.fr\/\"},{\"@type\":\"ListItem\",\"position\":2,\"name\":\"Boutique\",\"item\":\"https:\/\/www.savonnerie-chapoul.fr\/index.php\/boutique-savonnerie-chapoul\/\"},{\"@type\":\"ListItem\",\"position\":3,\"name\":\"Savon saponifi\u00e9 \u00e0 froid au lavandin et eucalyptus citronn\u00e9\"}]},{\"@type\":\"WebSite\",\"@id\":\"https:\/\/www.savonnerie-chapoul.fr\/#website\",\"url\":\"https:\/\/www.savonnerie-chapoul.fr\/\",\"name\":\"savonnerie-chapoul\",\"description\":\"Cosm\u00e9tiques et savons saponifi\u00e9s \u00e0 froid dans la Plaine de Versailles\",\"publisher\":{\"@id\":\"https:\/\/www.savonnerie-chapoul.fr\/#organization\"},\"potentialAction\":[{\"@type\":\"SearchAction\",\"target\":{\"@type\":\"EntryPoint\",\"urlTemplate\":\"https:\/\/www.savonnerie-chapoul.fr\/?s={search_term_string}\"},\"query-input\":{\"@type\":\"PropertyValueSpecification\",\"valueRequired\":true,\"valueName\":\"search_term_string\"}}],\"inLanguage\":\"fr-FR\"},{\"@type\":\"Organization\",\"@id\":\"https:\/\/www.savonnerie-chapoul.fr\/#organization\",\"name\":\"savonnerie chapoul\",\"url\":\"https:\/\/www.savonnerie-chapoul.fr\/\",\"logo\":{\"@type\":\"ImageObject\",\"inLanguage\":\"fr-FR\",\"@id\":\"https:\/\/www.savonnerie-chapoul.fr\/#\/schema\/logo\/image\/\",\"url\":\"https:\/\/i0.wp.com\/www.savonnerie-chapoul.fr\/wp-content\/uploads\/2026\/03\/logo-savonnerie-Chapoul-fond-transparent.png?fit=858%2C272&ssl=1\",\"contentUrl\":\"https:\/\/i0.wp.com\/www.savonnerie-chapoul.fr\/wp-content\/uploads\/2026\/03\/logo-savonnerie-Chapoul-fond-transparent.png?fit=858%2C272&ssl=1\",\"width\":858,\"height\":272,\"caption\":\"savonnerie chapoul\"},\"image\":{\"@id\":\"https:\/\/www.savonnerie-chapoul.fr\/#\/schema\/logo\/image\/\"},\"sameAs\":[\"https:\/\/www.instagram.com\/savonnerie-chapoul\"]}]}<\/script>\n<!-- \/ Yoast SEO plugin. -->","yoast_head_json":{"title":"Savon saponifi\u00e9 \u00e0 froid au lavandin et eucalyptus citronn\u00e9 - Savonnerie Chapoul","description":"Le savon P'tite Mousse est surgras et riche en glyc\u00e9rine naturellement produite lors de la saponification \u00e0 froid. Il est parfum\u00e9 aux huiles essentielles","robots":{"index":"index","follow":"follow","max-snippet":"max-snippet:-1","max-image-preview":"max-image-preview:large","max-video-preview":"max-video-preview:-1"},"canonical":"https:\/\/www.savonnerie-chapoul.fr\/index.php\/produit\/ptite-mousse\/","og_locale":"fr_FR","og_type":"article","og_title":"Savon saponifi\u00e9 \u00e0 froid au lavandin et eucalyptus citronn\u00e9 - Savonnerie Chapoul","og_description":"Le savon P'tite Mousse est surgras et riche en glyc\u00e9rine naturellement produite lors de la saponification \u00e0 froid. Il est parfum\u00e9 aux huiles essentielles","og_url":"https:\/\/www.savonnerie-chapoul.fr\/index.php\/produit\/ptite-mousse\/","og_site_name":"Savonnerie Chapoul","article_modified_time":"2026-04-12T21:45:56+00:00","og_image":[{"width":1000,"height":1000,"url":"https:\/\/www.savonnerie-chapoul.fr\/wp-content\/uploads\/2026\/01\/7.png","type":"image\/png"}],"twitter_card":"summary_large_image","twitter_misc":{"Dur\u00e9e de lecture estim\u00e9e":"2 minutes"},"schema":{"@context":"https:\/\/schema.org","@graph":[{"@type":"WebPage","@id":"https:\/\/www.savonnerie-chapoul.fr\/index.php\/produit\/ptite-mousse\/","url":"https:\/\/www.savonnerie-chapoul.fr\/index.php\/produit\/ptite-mousse\/","name":"Savon saponifi\u00e9 \u00e0 froid au lavandin et eucalyptus citronn\u00e9 - Savonnerie Chapoul","isPartOf":{"@id":"https:\/\/www.savonnerie-chapoul.fr\/#website"},"primaryImageOfPage":{"@id":"https:\/\/www.savonnerie-chapoul.fr\/index.php\/produit\/ptite-mousse\/#primaryimage"},"image":{"@id":"https:\/\/www.savonnerie-chapoul.fr\/index.php\/produit\/ptite-mousse\/#primaryimage"},"thumbnailUrl":"https:\/\/i0.wp.com\/www.savonnerie-chapoul.fr\/wp-content\/uploads\/2026\/01\/7.png?fit=1000%2C1000&ssl=1","datePublished":"2025-01-26T16:07:15+00:00","dateModified":"2026-04-12T21:45:56+00:00","description":"Le savon P'tite Mousse est surgras et riche en glyc\u00e9rine naturellement produite lors de la saponification \u00e0 froid. Il est parfum\u00e9 aux huiles essentielles","breadcrumb":{"@id":"https:\/\/www.savonnerie-chapoul.fr\/index.php\/produit\/ptite-mousse\/#breadcrumb"},"inLanguage":"fr-FR","potentialAction":[{"@type":"ReadAction","target":["https:\/\/www.savonnerie-chapoul.fr\/index.php\/produit\/ptite-mousse\/"]}]},{"@type":"ImageObject","inLanguage":"fr-FR","@id":"https:\/\/www.savonnerie-chapoul.fr\/index.php\/produit\/ptite-mousse\/#primaryimage","url":"https:\/\/i0.wp.com\/www.savonnerie-chapoul.fr\/wp-content\/uploads\/2026\/01\/7.png?fit=1000%2C1000&ssl=1","contentUrl":"https:\/\/i0.wp.com\/www.savonnerie-chapoul.fr\/wp-content\/uploads\/2026\/01\/7.png?fit=1000%2C1000&ssl=1","width":1000,"height":1000,"caption":"Savonnerie Chapoul - Savon P'tite Mousse saponifi\u00e9 \u00e0 froid, parfum\u00e9 au lavandin et \u00e0 l'eucalyptus citronn\u00e9 et est enrichi en huile de chanvre et en bi\u00e8re noire"},{"@type":"BreadcrumbList","@id":"https:\/\/www.savonnerie-chapoul.fr\/index.php\/produit\/ptite-mousse\/#breadcrumb","itemListElement":[{"@type":"ListItem","position":1,"name":"Accueil","item":"https:\/\/www.savonnerie-chapoul.fr\/"},{"@type":"ListItem","position":2,"name":"Boutique","item":"https:\/\/www.savonnerie-chapoul.fr\/index.php\/boutique-savonnerie-chapoul\/"},{"@type":"ListItem","position":3,"name":"Savon saponifi\u00e9 \u00e0 froid au lavandin et eucalyptus citronn\u00e9"}]},{"@type":"WebSite","@id":"https:\/\/www.savonnerie-chapoul.fr\/#website","url":"https:\/\/www.savonnerie-chapoul.fr\/","name":"savonnerie-chapoul","description":"Cosm\u00e9tiques et savons saponifi\u00e9s \u00e0 froid dans la Plaine de Versailles","publisher":{"@id":"https:\/\/www.savonnerie-chapoul.fr\/#organization"},"potentialAction":[{"@type":"SearchAction","target":{"@type":"EntryPoint","urlTemplate":"https:\/\/www.savonnerie-chapoul.fr\/?s={search_term_string}"},"query-input":{"@type":"PropertyValueSpecification","valueRequired":true,"valueName":"search_term_string"}}],"inLanguage":"fr-FR"},{"@type":"Organization","@id":"https:\/\/www.savonnerie-chapoul.fr\/#organization","name":"savonnerie chapoul","url":"https:\/\/www.savonnerie-chapoul.fr\/","logo":{"@type":"ImageObject","inLanguage":"fr-FR","@id":"https:\/\/www.savonnerie-chapoul.fr\/#\/schema\/logo\/image\/","url":"https:\/\/i0.wp.com\/www.savonnerie-chapoul.fr\/wp-content\/uploads\/2026\/03\/logo-savonnerie-Chapoul-fond-transparent.png?fit=858%2C272&ssl=1","contentUrl":"https:\/\/i0.wp.com\/www.savonnerie-chapoul.fr\/wp-content\/uploads\/2026\/03\/logo-savonnerie-Chapoul-fond-transparent.png?fit=858%2C272&ssl=1","width":858,"height":272,"caption":"savonnerie chapoul"},"image":{"@id":"https:\/\/www.savonnerie-chapoul.fr\/#\/schema\/logo\/image\/"},"sameAs":["https:\/\/www.instagram.com\/savonnerie-chapoul"]}]}},"jetpack_sharing_enabled":true,"_links":{"self":[{"href":"https:\/\/www.savonnerie-chapoul.fr\/index.php\/wp-json\/wp\/v2\/product\/176","targetHints":{"allow":["GET"]}}],"collection":[{"href":"https:\/\/www.savonnerie-chapoul.fr\/index.php\/wp-json\/wp\/v2\/product"}],"about":[{"href":"https:\/\/www.savonnerie-chapoul.fr\/index.php\/wp-json\/wp\/v2\/types\/product"}],"replies":[{"embeddable":true,"href":"https:\/\/www.savonnerie-chapoul.fr\/index.php\/wp-json\/wp\/v2\/comments?post=176"}],"wp:featuredmedia":[{"embeddable":true,"href":"https:\/\/www.savonnerie-chapoul.fr\/index.php\/wp-json\/wp\/v2\/media\/1029"}],"wp:attachment":[{"href":"https:\/\/www.savonnerie-chapoul.fr\/index.php\/wp-json\/wp\/v2\/media?parent=176"}],"wp:term":[{"taxonomy":"product_brand","embeddable":true,"href":"https:\/\/www.savonnerie-chapoul.fr\/index.php\/wp-json\/wp\/v2\/product_brand?post=176"},{"taxonomy":"product_cat","embeddable":true,"href":"https:\/\/www.savonnerie-chapoul.fr\/index.php\/wp-json\/wp\/v2\/product_cat?post=176"},{"taxonomy":"product_tag","embeddable":true,"href":"https:\/\/www.savonnerie-chapoul.fr\/index.php\/wp-json\/wp\/v2\/product_tag?post=176"}],"curies":[{"name":"wp","href":"https:\/\/api.w.org\/{rel}","templated":true}]}}