{"id":180,"date":"2025-01-26T17:22:59","date_gmt":"2025-01-26T16:22:59","guid":{"rendered":"https:\/\/www.savonnerie-chapoul.fr\/?post_type=product&#038;p=180"},"modified":"2026-03-29T22:42:43","modified_gmt":"2026-03-29T20:42:43","slug":"baume-a-levres-miel-calendula","status":"publish","type":"product","link":"https:\/\/www.savonnerie-chapoul.fr\/index.php\/produit\/baume-a-levres-miel-calendula\/","title":{"rendered":"Baume \u00e0 l\u00e8vres miel &#038; calendula"},"content":{"rendered":"<p>Ce baume est destin\u00e9 \u00e0 \u00eatre appliqu\u00e9 sur les l\u00e8vres.<br \/>\nIl contient du miel et de la cire d&rsquo;abeille en provenance d&rsquo;un rucher local, ainsi qu&rsquo;un mac\u00e9r\u00e2t de calendula r\u00e9alis\u00e9 par moi-m\u00eame avec les fleurs d&rsquo;<a href=\"https:\/\/lherbierdelsa.fr\/\" target=\"_blank\" rel=\"noopener\">Elsa<\/a>, paysanne herboriste \u00e0 Feucherolles.<br \/>\n100% du total des ingr\u00e9dients sont d&rsquo;origine fran\u00e7aise et 78% sont issus de l&rsquo;agriculture biologique.<\/p>\n<p><strong>Propri\u00e9t\u00e9s des ingr\u00e9dients :<\/strong><!--more--><\/p>\n<ul>\n<li style=\"list-style-type: none;\">\n<ul>\n<li>Huile de tournesol : adoucissante et hydratante. Tr\u00e8s riche en vitamine E et concentr\u00e9e en acides gras essentiels, elle renforce la fonction barri\u00e8re de l\u2019\u00e9piderme et aide \u00e0 la pr\u00e9servation de l\u2019hydratation cutan\u00e9e<sup>1<\/sup><\/li>\n<li>Calendula \/ souci officinal : cicatrisant, anti-inflammatoire, calmant cutane\u0301, apaisant, adoucissant<sup>4<\/sup><\/li>\n<li>Huile de colza : riche en vitamine E<sup>1<\/sup> et acides gras essentiels<sup>2<\/sup><\/li>\n<li>Miel : antiseptique, cicatrisant et anti-inflammatoire<sup>8<\/sup><\/li>\n<li>Cire d\u2019abeille : propri\u00e9t\u00e9s \u00e9mollientes naturelles, adoucit et hydrate la peau. Anti-inflammatoire. Apaise les peaux irrit\u00e9es ou sensibles<sup>9<\/sup><\/li>\n<\/ul>\n<\/li>\n<\/ul>\n<p>Voir les <a href=\"https:\/\/www.savonnerie-chapoul.fr\/?p=157\">sources<\/a><\/p>\n","protected":false},"excerpt":{"rendered":"<p>Baume \u00e0 l\u00e8vres au mac\u00e9rat de calendula et au miel, sans parfum ajout\u00e9.<\/p>\n","protected":false},"featured_media":1103,"comment_status":"open","ping_status":"closed","template":"","meta":[],"product_brand":[],"product_cat":[57,21,46,34],"product_tag":[51,50,52],"class_list":{"0":"post-180","1":"product","2":"type-product","3":"status-publish","4":"has-post-thumbnail","6":"product_cat-idees-cadeaux","7":"product_cat-baume","8":"product_cat-cosmetiques","9":"product_cat-sans-parfum","10":"product_tag-baume-100-francais","11":"product_tag-baume-a-levres","12":"product_tag-baume-sans-parfum-ajoute","14":"first","15":"instock","16":"featured","17":"shipping-taxable","18":"purchasable","19":"product-type-simple"},"yoast_head":"<!-- This site is optimized with the Yoast SEO plugin v27.1.1 - https:\/\/yoast.com\/product\/yoast-seo-wordpress\/ -->\n<title>Baume \u00e0 l\u00e8vres miel &amp; calendula - Savonnerie Chapoul<\/title>\n<meta name=\"description\" content=\"Baume \u00e0 l\u00e8vres 100 fran\u00e7ais. Fabriqu\u00e9 artisanalement \u00e0 partir de mac\u00e9r\u00e2t de calendula fran\u00e7ais et d&#039;origine biologique et de miel yvelinois\" \/>\n<meta name=\"robots\" content=\"index, follow, max-snippet:-1, max-image-preview:large, max-video-preview:-1\" \/>\n<link rel=\"canonical\" href=\"https:\/\/www.savonnerie-chapoul.fr\/index.php\/produit\/baume-a-levres-miel-calendula\/\" \/>\n<meta property=\"og:locale\" content=\"fr_FR\" \/>\n<meta property=\"og:type\" content=\"article\" \/>\n<meta property=\"og:title\" content=\"Baume \u00e0 l\u00e8vres miel &amp; calendula - Savonnerie Chapoul\" \/>\n<meta property=\"og:description\" content=\"Baume \u00e0 l\u00e8vres 100 fran\u00e7ais. Fabriqu\u00e9 artisanalement \u00e0 partir de mac\u00e9r\u00e2t de calendula fran\u00e7ais et d&#039;origine biologique et de miel yvelinois\" \/>\n<meta property=\"og:url\" content=\"https:\/\/www.savonnerie-chapoul.fr\/index.php\/produit\/baume-a-levres-miel-calendula\/\" \/>\n<meta property=\"og:site_name\" content=\"Savonnerie Chapoul\" \/>\n<meta property=\"article:modified_time\" content=\"2026-03-29T20:42:43+00:00\" \/>\n<meta property=\"og:image\" content=\"https:\/\/www.savonnerie-chapoul.fr\/wp-content\/uploads\/2025\/01\/37.png\" \/>\n\t<meta property=\"og:image:width\" content=\"1000\" \/>\n\t<meta property=\"og:image:height\" content=\"1000\" \/>\n\t<meta property=\"og:image:type\" content=\"image\/png\" \/>\n<meta name=\"twitter:card\" content=\"summary_large_image\" \/>\n<meta name=\"twitter:label1\" content=\"Dur\u00e9e de lecture estim\u00e9e\" \/>\n\t<meta name=\"twitter:data1\" content=\"1 minute\" \/>\n<script type=\"application\/ld+json\" class=\"yoast-schema-graph\">{\"@context\":\"https:\/\/schema.org\",\"@graph\":[{\"@type\":\"WebPage\",\"@id\":\"https:\/\/www.savonnerie-chapoul.fr\/index.php\/produit\/baume-a-levres-miel-calendula\/\",\"url\":\"https:\/\/www.savonnerie-chapoul.fr\/index.php\/produit\/baume-a-levres-miel-calendula\/\",\"name\":\"Baume \u00e0 l\u00e8vres miel & calendula - Savonnerie Chapoul\",\"isPartOf\":{\"@id\":\"https:\/\/www.savonnerie-chapoul.fr\/#website\"},\"primaryImageOfPage\":{\"@id\":\"https:\/\/www.savonnerie-chapoul.fr\/index.php\/produit\/baume-a-levres-miel-calendula\/#primaryimage\"},\"image\":{\"@id\":\"https:\/\/www.savonnerie-chapoul.fr\/index.php\/produit\/baume-a-levres-miel-calendula\/#primaryimage\"},\"thumbnailUrl\":\"https:\/\/i0.wp.com\/www.savonnerie-chapoul.fr\/wp-content\/uploads\/2025\/01\/37.png?fit=1000%2C1000&ssl=1\",\"datePublished\":\"2025-01-26T16:22:59+00:00\",\"dateModified\":\"2026-03-29T20:42:43+00:00\",\"description\":\"Baume \u00e0 l\u00e8vres 100 fran\u00e7ais. Fabriqu\u00e9 artisanalement \u00e0 partir de mac\u00e9r\u00e2t de calendula fran\u00e7ais et d'origine biologique et de miel yvelinois\",\"breadcrumb\":{\"@id\":\"https:\/\/www.savonnerie-chapoul.fr\/index.php\/produit\/baume-a-levres-miel-calendula\/#breadcrumb\"},\"inLanguage\":\"fr-FR\",\"potentialAction\":[{\"@type\":\"ReadAction\",\"target\":[\"https:\/\/www.savonnerie-chapoul.fr\/index.php\/produit\/baume-a-levres-miel-calendula\/\"]}]},{\"@type\":\"ImageObject\",\"inLanguage\":\"fr-FR\",\"@id\":\"https:\/\/www.savonnerie-chapoul.fr\/index.php\/produit\/baume-a-levres-miel-calendula\/#primaryimage\",\"url\":\"https:\/\/i0.wp.com\/www.savonnerie-chapoul.fr\/wp-content\/uploads\/2025\/01\/37.png?fit=1000%2C1000&ssl=1\",\"contentUrl\":\"https:\/\/i0.wp.com\/www.savonnerie-chapoul.fr\/wp-content\/uploads\/2025\/01\/37.png?fit=1000%2C1000&ssl=1\",\"width\":1000,\"height\":1000,\"caption\":\"Savonnerie Chapoul - Baume \u00e0 l\u00e8vres au miel et au calendula\"},{\"@type\":\"BreadcrumbList\",\"@id\":\"https:\/\/www.savonnerie-chapoul.fr\/index.php\/produit\/baume-a-levres-miel-calendula\/#breadcrumb\",\"itemListElement\":[{\"@type\":\"ListItem\",\"position\":1,\"name\":\"Accueil\",\"item\":\"https:\/\/www.savonnerie-chapoul.fr\/\"},{\"@type\":\"ListItem\",\"position\":2,\"name\":\"Boutique\",\"item\":\"https:\/\/www.savonnerie-chapoul.fr\/index.php\/boutique-savonnerie-chapoul\/\"},{\"@type\":\"ListItem\",\"position\":3,\"name\":\"Baume \u00e0 l\u00e8vres miel &#038; calendula\"}]},{\"@type\":\"WebSite\",\"@id\":\"https:\/\/www.savonnerie-chapoul.fr\/#website\",\"url\":\"https:\/\/www.savonnerie-chapoul.fr\/\",\"name\":\"savonnerie-chapoul\",\"description\":\"Cosm\u00e9tiques et savons saponifi\u00e9s \u00e0 froid dans la Plaine de Versailles\",\"publisher\":{\"@id\":\"https:\/\/www.savonnerie-chapoul.fr\/#organization\"},\"potentialAction\":[{\"@type\":\"SearchAction\",\"target\":{\"@type\":\"EntryPoint\",\"urlTemplate\":\"https:\/\/www.savonnerie-chapoul.fr\/?s={search_term_string}\"},\"query-input\":{\"@type\":\"PropertyValueSpecification\",\"valueRequired\":true,\"valueName\":\"search_term_string\"}}],\"inLanguage\":\"fr-FR\"},{\"@type\":\"Organization\",\"@id\":\"https:\/\/www.savonnerie-chapoul.fr\/#organization\",\"name\":\"savonnerie chapoul\",\"url\":\"https:\/\/www.savonnerie-chapoul.fr\/\",\"logo\":{\"@type\":\"ImageObject\",\"inLanguage\":\"fr-FR\",\"@id\":\"https:\/\/www.savonnerie-chapoul.fr\/#\/schema\/logo\/image\/\",\"url\":\"https:\/\/i0.wp.com\/www.savonnerie-chapoul.fr\/wp-content\/uploads\/2026\/03\/logo-savonnerie-Chapoul-fond-transparent.png?fit=858%2C272&ssl=1\",\"contentUrl\":\"https:\/\/i0.wp.com\/www.savonnerie-chapoul.fr\/wp-content\/uploads\/2026\/03\/logo-savonnerie-Chapoul-fond-transparent.png?fit=858%2C272&ssl=1\",\"width\":858,\"height\":272,\"caption\":\"savonnerie chapoul\"},\"image\":{\"@id\":\"https:\/\/www.savonnerie-chapoul.fr\/#\/schema\/logo\/image\/\"},\"sameAs\":[\"https:\/\/www.instagram.com\/savonnerie-chapoul\"]}]}<\/script>\n<!-- \/ Yoast SEO plugin. -->","yoast_head_json":{"title":"Baume \u00e0 l\u00e8vres miel & calendula - Savonnerie Chapoul","description":"Baume \u00e0 l\u00e8vres 100 fran\u00e7ais. Fabriqu\u00e9 artisanalement \u00e0 partir de mac\u00e9r\u00e2t de calendula fran\u00e7ais et d'origine biologique et de miel yvelinois","robots":{"index":"index","follow":"follow","max-snippet":"max-snippet:-1","max-image-preview":"max-image-preview:large","max-video-preview":"max-video-preview:-1"},"canonical":"https:\/\/www.savonnerie-chapoul.fr\/index.php\/produit\/baume-a-levres-miel-calendula\/","og_locale":"fr_FR","og_type":"article","og_title":"Baume \u00e0 l\u00e8vres miel & calendula - Savonnerie Chapoul","og_description":"Baume \u00e0 l\u00e8vres 100 fran\u00e7ais. Fabriqu\u00e9 artisanalement \u00e0 partir de mac\u00e9r\u00e2t de calendula fran\u00e7ais et d'origine biologique et de miel yvelinois","og_url":"https:\/\/www.savonnerie-chapoul.fr\/index.php\/produit\/baume-a-levres-miel-calendula\/","og_site_name":"Savonnerie Chapoul","article_modified_time":"2026-03-29T20:42:43+00:00","og_image":[{"width":1000,"height":1000,"url":"https:\/\/www.savonnerie-chapoul.fr\/wp-content\/uploads\/2025\/01\/37.png","type":"image\/png"}],"twitter_card":"summary_large_image","twitter_misc":{"Dur\u00e9e de lecture estim\u00e9e":"1 minute"},"schema":{"@context":"https:\/\/schema.org","@graph":[{"@type":"WebPage","@id":"https:\/\/www.savonnerie-chapoul.fr\/index.php\/produit\/baume-a-levres-miel-calendula\/","url":"https:\/\/www.savonnerie-chapoul.fr\/index.php\/produit\/baume-a-levres-miel-calendula\/","name":"Baume \u00e0 l\u00e8vres miel & calendula - Savonnerie Chapoul","isPartOf":{"@id":"https:\/\/www.savonnerie-chapoul.fr\/#website"},"primaryImageOfPage":{"@id":"https:\/\/www.savonnerie-chapoul.fr\/index.php\/produit\/baume-a-levres-miel-calendula\/#primaryimage"},"image":{"@id":"https:\/\/www.savonnerie-chapoul.fr\/index.php\/produit\/baume-a-levres-miel-calendula\/#primaryimage"},"thumbnailUrl":"https:\/\/i0.wp.com\/www.savonnerie-chapoul.fr\/wp-content\/uploads\/2025\/01\/37.png?fit=1000%2C1000&ssl=1","datePublished":"2025-01-26T16:22:59+00:00","dateModified":"2026-03-29T20:42:43+00:00","description":"Baume \u00e0 l\u00e8vres 100 fran\u00e7ais. Fabriqu\u00e9 artisanalement \u00e0 partir de mac\u00e9r\u00e2t de calendula fran\u00e7ais et d'origine biologique et de miel yvelinois","breadcrumb":{"@id":"https:\/\/www.savonnerie-chapoul.fr\/index.php\/produit\/baume-a-levres-miel-calendula\/#breadcrumb"},"inLanguage":"fr-FR","potentialAction":[{"@type":"ReadAction","target":["https:\/\/www.savonnerie-chapoul.fr\/index.php\/produit\/baume-a-levres-miel-calendula\/"]}]},{"@type":"ImageObject","inLanguage":"fr-FR","@id":"https:\/\/www.savonnerie-chapoul.fr\/index.php\/produit\/baume-a-levres-miel-calendula\/#primaryimage","url":"https:\/\/i0.wp.com\/www.savonnerie-chapoul.fr\/wp-content\/uploads\/2025\/01\/37.png?fit=1000%2C1000&ssl=1","contentUrl":"https:\/\/i0.wp.com\/www.savonnerie-chapoul.fr\/wp-content\/uploads\/2025\/01\/37.png?fit=1000%2C1000&ssl=1","width":1000,"height":1000,"caption":"Savonnerie Chapoul - Baume \u00e0 l\u00e8vres au miel et au calendula"},{"@type":"BreadcrumbList","@id":"https:\/\/www.savonnerie-chapoul.fr\/index.php\/produit\/baume-a-levres-miel-calendula\/#breadcrumb","itemListElement":[{"@type":"ListItem","position":1,"name":"Accueil","item":"https:\/\/www.savonnerie-chapoul.fr\/"},{"@type":"ListItem","position":2,"name":"Boutique","item":"https:\/\/www.savonnerie-chapoul.fr\/index.php\/boutique-savonnerie-chapoul\/"},{"@type":"ListItem","position":3,"name":"Baume \u00e0 l\u00e8vres miel &#038; calendula"}]},{"@type":"WebSite","@id":"https:\/\/www.savonnerie-chapoul.fr\/#website","url":"https:\/\/www.savonnerie-chapoul.fr\/","name":"savonnerie-chapoul","description":"Cosm\u00e9tiques et savons saponifi\u00e9s \u00e0 froid dans la Plaine de Versailles","publisher":{"@id":"https:\/\/www.savonnerie-chapoul.fr\/#organization"},"potentialAction":[{"@type":"SearchAction","target":{"@type":"EntryPoint","urlTemplate":"https:\/\/www.savonnerie-chapoul.fr\/?s={search_term_string}"},"query-input":{"@type":"PropertyValueSpecification","valueRequired":true,"valueName":"search_term_string"}}],"inLanguage":"fr-FR"},{"@type":"Organization","@id":"https:\/\/www.savonnerie-chapoul.fr\/#organization","name":"savonnerie chapoul","url":"https:\/\/www.savonnerie-chapoul.fr\/","logo":{"@type":"ImageObject","inLanguage":"fr-FR","@id":"https:\/\/www.savonnerie-chapoul.fr\/#\/schema\/logo\/image\/","url":"https:\/\/i0.wp.com\/www.savonnerie-chapoul.fr\/wp-content\/uploads\/2026\/03\/logo-savonnerie-Chapoul-fond-transparent.png?fit=858%2C272&ssl=1","contentUrl":"https:\/\/i0.wp.com\/www.savonnerie-chapoul.fr\/wp-content\/uploads\/2026\/03\/logo-savonnerie-Chapoul-fond-transparent.png?fit=858%2C272&ssl=1","width":858,"height":272,"caption":"savonnerie chapoul"},"image":{"@id":"https:\/\/www.savonnerie-chapoul.fr\/#\/schema\/logo\/image\/"},"sameAs":["https:\/\/www.instagram.com\/savonnerie-chapoul"]}]}},"jetpack_sharing_enabled":true,"_links":{"self":[{"href":"https:\/\/www.savonnerie-chapoul.fr\/index.php\/wp-json\/wp\/v2\/product\/180","targetHints":{"allow":["GET"]}}],"collection":[{"href":"https:\/\/www.savonnerie-chapoul.fr\/index.php\/wp-json\/wp\/v2\/product"}],"about":[{"href":"https:\/\/www.savonnerie-chapoul.fr\/index.php\/wp-json\/wp\/v2\/types\/product"}],"replies":[{"embeddable":true,"href":"https:\/\/www.savonnerie-chapoul.fr\/index.php\/wp-json\/wp\/v2\/comments?post=180"}],"wp:featuredmedia":[{"embeddable":true,"href":"https:\/\/www.savonnerie-chapoul.fr\/index.php\/wp-json\/wp\/v2\/media\/1103"}],"wp:attachment":[{"href":"https:\/\/www.savonnerie-chapoul.fr\/index.php\/wp-json\/wp\/v2\/media?parent=180"}],"wp:term":[{"taxonomy":"product_brand","embeddable":true,"href":"https:\/\/www.savonnerie-chapoul.fr\/index.php\/wp-json\/wp\/v2\/product_brand?post=180"},{"taxonomy":"product_cat","embeddable":true,"href":"https:\/\/www.savonnerie-chapoul.fr\/index.php\/wp-json\/wp\/v2\/product_cat?post=180"},{"taxonomy":"product_tag","embeddable":true,"href":"https:\/\/www.savonnerie-chapoul.fr\/index.php\/wp-json\/wp\/v2\/product_tag?post=180"}],"curies":[{"name":"wp","href":"https:\/\/api.w.org\/{rel}","templated":true}]}}