{"id":648,"date":"2025-05-05T23:28:16","date_gmt":"2025-05-05T21:28:16","guid":{"rendered":"https:\/\/www.savonnerie-chapoul.fr\/?post_type=product&#038;p=648"},"modified":"2026-03-08T22:57:16","modified_gmt":"2026-03-08T21:57:16","slug":"savon-vaisselle-solide","status":"publish","type":"product","link":"https:\/\/www.savonnerie-chapoul.fr\/index.php\/produit\/savon-vaisselle-solide\/","title":{"rendered":"Savon vaisselle solide"},"content":{"rendered":"<p>Le savon vaisselle solide au bicarbonate de soude est fabriqu\u00e9 par saponification \u00e0 froid. Il est compos\u00e9 \u00e0 96% d&rsquo;ingr\u00e9dients fran\u00e7ais et est sans parfum ajout\u00e9.<br \/>\nC&rsquo;est un savon qui mousse peu, mais qui est tr\u00e8s efficace.<br \/>\nLa pr\u00e9sence de bicarbonate de soude augmente son efficacit\u00e9 car cet ingr\u00e9dient \u00e9vite la formation de calcaire.<br \/>\nPour utiliser ce savon, ne changez pas vos habitudes : humidifiez votre \u00e9ponge ou votre brosse \u00e0 vaisselle, frottez la sur le savon, puis nettoyez votre vaisselle.<br \/>\nJe vous conseille de poser votre savon vaisselle solide dans une coupelle, un petit bol ou un petit bac. Vous pourrez ensuite utiliser l&rsquo;eau savonneuse r\u00e9siduelle pour faire votre vaisselle.<br \/>\n96% du total des ingr\u00e9dients sont d&rsquo;origine fran\u00e7aise et 66% sont issus de l&rsquo;agriculture biologique.<\/p>\n","protected":false},"excerpt":{"rendered":"<p>Savon vaisselle solide saponifi\u00e9 \u00e0 froid. Savon \u00e0 96% fran\u00e7ais fabriqu\u00e9 \u00e0 partir d&rsquo;huile de tournesol bio et fran\u00e7aise et de bicarbonate de soude.<\/p>\n","protected":false},"featured_media":1116,"comment_status":"open","ping_status":"closed","template":"","meta":[],"product_brand":[],"product_cat":[55,17],"product_tag":[19,18,20,29,28,30],"class_list":{"0":"post-648","1":"product","2":"type-product","3":"status-publish","4":"has-post-thumbnail","6":"product_cat-entretien-de-la-maison","7":"product_cat-savons","8":"product_tag-saf","9":"product_tag-savon","10":"product_tag-savon-a-froid","11":"product_tag-savon-parfume","12":"product_tag-savon-saponife-a-froid","13":"product_tag-savon-surgras","15":"first","16":"instock","17":"shipping-taxable","18":"purchasable","19":"product-type-simple"},"yoast_head":"<!-- This site is optimized with the Yoast SEO plugin v27.1.1 - https:\/\/yoast.com\/product\/yoast-seo-wordpress\/ -->\n<title>Savon vaisselle solide - Savonnerie Chapoul<\/title>\n<meta name=\"description\" content=\"Le savon vaisselle solide est compos\u00e9 \u00e0 96% d&#039;ingr\u00e9dients fran\u00e7ais. Il contient du bicarbonate de soude et est tr\u00e8s efficace.\" \/>\n<meta name=\"robots\" content=\"index, follow, max-snippet:-1, max-image-preview:large, max-video-preview:-1\" \/>\n<link rel=\"canonical\" href=\"https:\/\/www.savonnerie-chapoul.fr\/index.php\/produit\/savon-vaisselle-solide\/\" \/>\n<meta property=\"og:locale\" content=\"fr_FR\" \/>\n<meta property=\"og:type\" content=\"article\" \/>\n<meta property=\"og:title\" content=\"Savon vaisselle solide - Savonnerie Chapoul\" \/>\n<meta property=\"og:description\" content=\"Le savon vaisselle solide est compos\u00e9 \u00e0 96% d&#039;ingr\u00e9dients fran\u00e7ais. Il contient du bicarbonate de soude et est tr\u00e8s efficace.\" \/>\n<meta property=\"og:url\" content=\"https:\/\/www.savonnerie-chapoul.fr\/index.php\/produit\/savon-vaisselle-solide\/\" \/>\n<meta property=\"og:site_name\" content=\"Savonnerie Chapoul\" \/>\n<meta property=\"article:modified_time\" content=\"2026-03-08T21:57:16+00:00\" \/>\n<meta property=\"og:image\" content=\"https:\/\/www.savonnerie-chapoul.fr\/wp-content\/uploads\/2025\/05\/22.png\" \/>\n\t<meta property=\"og:image:width\" content=\"1000\" \/>\n\t<meta property=\"og:image:height\" content=\"1000\" \/>\n\t<meta property=\"og:image:type\" content=\"image\/png\" \/>\n<meta name=\"twitter:card\" content=\"summary_large_image\" \/>\n<meta name=\"twitter:label1\" content=\"Dur\u00e9e de lecture estim\u00e9e\" \/>\n\t<meta name=\"twitter:data1\" content=\"1 minute\" \/>\n<script type=\"application\/ld+json\" class=\"yoast-schema-graph\">{\"@context\":\"https:\/\/schema.org\",\"@graph\":[{\"@type\":\"WebPage\",\"@id\":\"https:\/\/www.savonnerie-chapoul.fr\/index.php\/produit\/savon-vaisselle-solide\/\",\"url\":\"https:\/\/www.savonnerie-chapoul.fr\/index.php\/produit\/savon-vaisselle-solide\/\",\"name\":\"Savon vaisselle solide - Savonnerie Chapoul\",\"isPartOf\":{\"@id\":\"https:\/\/www.savonnerie-chapoul.fr\/#website\"},\"primaryImageOfPage\":{\"@id\":\"https:\/\/www.savonnerie-chapoul.fr\/index.php\/produit\/savon-vaisselle-solide\/#primaryimage\"},\"image\":{\"@id\":\"https:\/\/www.savonnerie-chapoul.fr\/index.php\/produit\/savon-vaisselle-solide\/#primaryimage\"},\"thumbnailUrl\":\"https:\/\/i0.wp.com\/www.savonnerie-chapoul.fr\/wp-content\/uploads\/2025\/05\/22.png?fit=1000%2C1000&ssl=1\",\"datePublished\":\"2025-05-05T21:28:16+00:00\",\"dateModified\":\"2026-03-08T21:57:16+00:00\",\"description\":\"Le savon vaisselle solide est compos\u00e9 \u00e0 96% d'ingr\u00e9dients fran\u00e7ais. Il contient du bicarbonate de soude et est tr\u00e8s efficace.\",\"breadcrumb\":{\"@id\":\"https:\/\/www.savonnerie-chapoul.fr\/index.php\/produit\/savon-vaisselle-solide\/#breadcrumb\"},\"inLanguage\":\"fr-FR\",\"potentialAction\":[{\"@type\":\"ReadAction\",\"target\":[\"https:\/\/www.savonnerie-chapoul.fr\/index.php\/produit\/savon-vaisselle-solide\/\"]}]},{\"@type\":\"ImageObject\",\"inLanguage\":\"fr-FR\",\"@id\":\"https:\/\/www.savonnerie-chapoul.fr\/index.php\/produit\/savon-vaisselle-solide\/#primaryimage\",\"url\":\"https:\/\/i0.wp.com\/www.savonnerie-chapoul.fr\/wp-content\/uploads\/2025\/05\/22.png?fit=1000%2C1000&ssl=1\",\"contentUrl\":\"https:\/\/i0.wp.com\/www.savonnerie-chapoul.fr\/wp-content\/uploads\/2025\/05\/22.png?fit=1000%2C1000&ssl=1\",\"width\":1000,\"height\":1000,\"caption\":\"Savonnerie Chapoul - savon vaisselle solide au bicarbonate de soude\"},{\"@type\":\"BreadcrumbList\",\"@id\":\"https:\/\/www.savonnerie-chapoul.fr\/index.php\/produit\/savon-vaisselle-solide\/#breadcrumb\",\"itemListElement\":[{\"@type\":\"ListItem\",\"position\":1,\"name\":\"Accueil\",\"item\":\"https:\/\/www.savonnerie-chapoul.fr\/\"},{\"@type\":\"ListItem\",\"position\":2,\"name\":\"Boutique\",\"item\":\"https:\/\/www.savonnerie-chapoul.fr\/index.php\/boutique-savonnerie-chapoul\/\"},{\"@type\":\"ListItem\",\"position\":3,\"name\":\"Savon vaisselle solide\"}]},{\"@type\":\"WebSite\",\"@id\":\"https:\/\/www.savonnerie-chapoul.fr\/#website\",\"url\":\"https:\/\/www.savonnerie-chapoul.fr\/\",\"name\":\"savonnerie-chapoul\",\"description\":\"Cosm\u00e9tiques et savons saponifi\u00e9s \u00e0 froid dans la Plaine de Versailles\",\"publisher\":{\"@id\":\"https:\/\/www.savonnerie-chapoul.fr\/#organization\"},\"potentialAction\":[{\"@type\":\"SearchAction\",\"target\":{\"@type\":\"EntryPoint\",\"urlTemplate\":\"https:\/\/www.savonnerie-chapoul.fr\/?s={search_term_string}\"},\"query-input\":{\"@type\":\"PropertyValueSpecification\",\"valueRequired\":true,\"valueName\":\"search_term_string\"}}],\"inLanguage\":\"fr-FR\"},{\"@type\":\"Organization\",\"@id\":\"https:\/\/www.savonnerie-chapoul.fr\/#organization\",\"name\":\"savonnerie chapoul\",\"url\":\"https:\/\/www.savonnerie-chapoul.fr\/\",\"logo\":{\"@type\":\"ImageObject\",\"inLanguage\":\"fr-FR\",\"@id\":\"https:\/\/www.savonnerie-chapoul.fr\/#\/schema\/logo\/image\/\",\"url\":\"https:\/\/i0.wp.com\/www.savonnerie-chapoul.fr\/wp-content\/uploads\/2026\/03\/logo-savonnerie-Chapoul-fond-transparent.png?fit=858%2C272&ssl=1\",\"contentUrl\":\"https:\/\/i0.wp.com\/www.savonnerie-chapoul.fr\/wp-content\/uploads\/2026\/03\/logo-savonnerie-Chapoul-fond-transparent.png?fit=858%2C272&ssl=1\",\"width\":858,\"height\":272,\"caption\":\"savonnerie chapoul\"},\"image\":{\"@id\":\"https:\/\/www.savonnerie-chapoul.fr\/#\/schema\/logo\/image\/\"},\"sameAs\":[\"https:\/\/www.instagram.com\/savonnerie-chapoul\"]}]}<\/script>\n<!-- \/ Yoast SEO plugin. -->","yoast_head_json":{"title":"Savon vaisselle solide - Savonnerie Chapoul","description":"Le savon vaisselle solide est compos\u00e9 \u00e0 96% d'ingr\u00e9dients fran\u00e7ais. Il contient du bicarbonate de soude et est tr\u00e8s efficace.","robots":{"index":"index","follow":"follow","max-snippet":"max-snippet:-1","max-image-preview":"max-image-preview:large","max-video-preview":"max-video-preview:-1"},"canonical":"https:\/\/www.savonnerie-chapoul.fr\/index.php\/produit\/savon-vaisselle-solide\/","og_locale":"fr_FR","og_type":"article","og_title":"Savon vaisselle solide - Savonnerie Chapoul","og_description":"Le savon vaisselle solide est compos\u00e9 \u00e0 96% d'ingr\u00e9dients fran\u00e7ais. Il contient du bicarbonate de soude et est tr\u00e8s efficace.","og_url":"https:\/\/www.savonnerie-chapoul.fr\/index.php\/produit\/savon-vaisselle-solide\/","og_site_name":"Savonnerie Chapoul","article_modified_time":"2026-03-08T21:57:16+00:00","og_image":[{"width":1000,"height":1000,"url":"https:\/\/www.savonnerie-chapoul.fr\/wp-content\/uploads\/2025\/05\/22.png","type":"image\/png"}],"twitter_card":"summary_large_image","twitter_misc":{"Dur\u00e9e de lecture estim\u00e9e":"1 minute"},"schema":{"@context":"https:\/\/schema.org","@graph":[{"@type":"WebPage","@id":"https:\/\/www.savonnerie-chapoul.fr\/index.php\/produit\/savon-vaisselle-solide\/","url":"https:\/\/www.savonnerie-chapoul.fr\/index.php\/produit\/savon-vaisselle-solide\/","name":"Savon vaisselle solide - Savonnerie Chapoul","isPartOf":{"@id":"https:\/\/www.savonnerie-chapoul.fr\/#website"},"primaryImageOfPage":{"@id":"https:\/\/www.savonnerie-chapoul.fr\/index.php\/produit\/savon-vaisselle-solide\/#primaryimage"},"image":{"@id":"https:\/\/www.savonnerie-chapoul.fr\/index.php\/produit\/savon-vaisselle-solide\/#primaryimage"},"thumbnailUrl":"https:\/\/i0.wp.com\/www.savonnerie-chapoul.fr\/wp-content\/uploads\/2025\/05\/22.png?fit=1000%2C1000&ssl=1","datePublished":"2025-05-05T21:28:16+00:00","dateModified":"2026-03-08T21:57:16+00:00","description":"Le savon vaisselle solide est compos\u00e9 \u00e0 96% d'ingr\u00e9dients fran\u00e7ais. Il contient du bicarbonate de soude et est tr\u00e8s efficace.","breadcrumb":{"@id":"https:\/\/www.savonnerie-chapoul.fr\/index.php\/produit\/savon-vaisselle-solide\/#breadcrumb"},"inLanguage":"fr-FR","potentialAction":[{"@type":"ReadAction","target":["https:\/\/www.savonnerie-chapoul.fr\/index.php\/produit\/savon-vaisselle-solide\/"]}]},{"@type":"ImageObject","inLanguage":"fr-FR","@id":"https:\/\/www.savonnerie-chapoul.fr\/index.php\/produit\/savon-vaisselle-solide\/#primaryimage","url":"https:\/\/i0.wp.com\/www.savonnerie-chapoul.fr\/wp-content\/uploads\/2025\/05\/22.png?fit=1000%2C1000&ssl=1","contentUrl":"https:\/\/i0.wp.com\/www.savonnerie-chapoul.fr\/wp-content\/uploads\/2025\/05\/22.png?fit=1000%2C1000&ssl=1","width":1000,"height":1000,"caption":"Savonnerie Chapoul - savon vaisselle solide au bicarbonate de soude"},{"@type":"BreadcrumbList","@id":"https:\/\/www.savonnerie-chapoul.fr\/index.php\/produit\/savon-vaisselle-solide\/#breadcrumb","itemListElement":[{"@type":"ListItem","position":1,"name":"Accueil","item":"https:\/\/www.savonnerie-chapoul.fr\/"},{"@type":"ListItem","position":2,"name":"Boutique","item":"https:\/\/www.savonnerie-chapoul.fr\/index.php\/boutique-savonnerie-chapoul\/"},{"@type":"ListItem","position":3,"name":"Savon vaisselle solide"}]},{"@type":"WebSite","@id":"https:\/\/www.savonnerie-chapoul.fr\/#website","url":"https:\/\/www.savonnerie-chapoul.fr\/","name":"savonnerie-chapoul","description":"Cosm\u00e9tiques et savons saponifi\u00e9s \u00e0 froid dans la Plaine de Versailles","publisher":{"@id":"https:\/\/www.savonnerie-chapoul.fr\/#organization"},"potentialAction":[{"@type":"SearchAction","target":{"@type":"EntryPoint","urlTemplate":"https:\/\/www.savonnerie-chapoul.fr\/?s={search_term_string}"},"query-input":{"@type":"PropertyValueSpecification","valueRequired":true,"valueName":"search_term_string"}}],"inLanguage":"fr-FR"},{"@type":"Organization","@id":"https:\/\/www.savonnerie-chapoul.fr\/#organization","name":"savonnerie chapoul","url":"https:\/\/www.savonnerie-chapoul.fr\/","logo":{"@type":"ImageObject","inLanguage":"fr-FR","@id":"https:\/\/www.savonnerie-chapoul.fr\/#\/schema\/logo\/image\/","url":"https:\/\/i0.wp.com\/www.savonnerie-chapoul.fr\/wp-content\/uploads\/2026\/03\/logo-savonnerie-Chapoul-fond-transparent.png?fit=858%2C272&ssl=1","contentUrl":"https:\/\/i0.wp.com\/www.savonnerie-chapoul.fr\/wp-content\/uploads\/2026\/03\/logo-savonnerie-Chapoul-fond-transparent.png?fit=858%2C272&ssl=1","width":858,"height":272,"caption":"savonnerie chapoul"},"image":{"@id":"https:\/\/www.savonnerie-chapoul.fr\/#\/schema\/logo\/image\/"},"sameAs":["https:\/\/www.instagram.com\/savonnerie-chapoul"]}]}},"jetpack_sharing_enabled":true,"_links":{"self":[{"href":"https:\/\/www.savonnerie-chapoul.fr\/index.php\/wp-json\/wp\/v2\/product\/648","targetHints":{"allow":["GET"]}}],"collection":[{"href":"https:\/\/www.savonnerie-chapoul.fr\/index.php\/wp-json\/wp\/v2\/product"}],"about":[{"href":"https:\/\/www.savonnerie-chapoul.fr\/index.php\/wp-json\/wp\/v2\/types\/product"}],"replies":[{"embeddable":true,"href":"https:\/\/www.savonnerie-chapoul.fr\/index.php\/wp-json\/wp\/v2\/comments?post=648"}],"wp:featuredmedia":[{"embeddable":true,"href":"https:\/\/www.savonnerie-chapoul.fr\/index.php\/wp-json\/wp\/v2\/media\/1116"}],"wp:attachment":[{"href":"https:\/\/www.savonnerie-chapoul.fr\/index.php\/wp-json\/wp\/v2\/media?parent=648"}],"wp:term":[{"taxonomy":"product_brand","embeddable":true,"href":"https:\/\/www.savonnerie-chapoul.fr\/index.php\/wp-json\/wp\/v2\/product_brand?post=648"},{"taxonomy":"product_cat","embeddable":true,"href":"https:\/\/www.savonnerie-chapoul.fr\/index.php\/wp-json\/wp\/v2\/product_cat?post=648"},{"taxonomy":"product_tag","embeddable":true,"href":"https:\/\/www.savonnerie-chapoul.fr\/index.php\/wp-json\/wp\/v2\/product_tag?post=648"}],"curies":[{"name":"wp","href":"https:\/\/api.w.org\/{rel}","templated":true}]}}