{"id":722,"date":"2025-06-17T00:03:23","date_gmt":"2025-06-16T22:03:23","guid":{"rendered":"https:\/\/www.savonnerie-chapoul.fr\/?post_type=product&#038;p=722"},"modified":"2026-03-24T01:14:33","modified_gmt":"2026-03-24T00:14:33","slug":"savons-merci","status":"publish","type":"product","link":"https:\/\/www.savonnerie-chapoul.fr\/index.php\/produit\/savons-merci\/","title":{"rendered":"Savons pour dire \u00ab\u00a0MERCI\u00a0\u00bb"},"content":{"rendered":"<p>Les savons \u00ab\u00a0MERCI\u00a0\u00bb sont des savons de 100g de la collection de la Savonnerie Chapoul.<br \/>\nJe les tamponne un \u00e0 un, \u00e0 la main, avec un tampon fabriqu\u00e9 en France .<br \/>\nC&rsquo;est le cadeau id\u00e9al pour dire merci. Merci \u00e0 un ma\u00eetre ou une ma\u00eetresse \u00e0 la fin de l&rsquo;ann\u00e9e scolaire. Merci \u00e0 une nounou, un prof de sport ou de peinture. Ou merci pour une invitation, un service rendu. Il y a tellement d&rsquo;occasions de dire merci !<br \/>\nIls existent en 4 recettes parfum\u00e9es, et uniquement au format 100g :<br \/>\n&#8211; le savon <a href=\"https:\/\/www.savonnerie-chapoul.fr\/index.php\/produit\/douceur-dete\/\">Douceur d&rsquo;\u00e9t\u00e9<\/a><br \/>\n&#8211; le savon <a href=\"https:\/\/www.savonnerie-chapoul.fr\/index.php\/produit\/vitamine\/\">Vitamin\u00e9<\/a><br \/>\n&#8211; le savon <a href=\"https:\/\/www.savonnerie-chapoul.fr\/index.php\/produit\/ptite-mousse\/\">P&rsquo;tite Mousse<\/a><br \/>\n&#8211; le savon <a href=\"https:\/\/www.savonnerie-chapoul.fr\/index.php\/produit\/la-garrigue\/\">La Garrigue<\/a><\/p>\n<p>&nbsp;<\/p>\n","protected":false},"excerpt":{"rendered":"<p>Les savons \u00ab\u00a0MERCI\u00a0\u00bb sont le cadeau id\u00e9al et utile \u00e0 offrir pour remercier le ma\u00eetre ou la ma\u00eetresse, la nounou, le prof de guitare ou de danse, la fille des voisins qui garde votre chat, ou leur fils qui arrose vos plantes pendant vos vacances.<br \/>\nIls sont disponibles en \u00e9dition ultra limit\u00e9e.<br \/>\nIls existent en 4 recettes et uniquement au format 100g :<br \/>\n&#8211; le savon <a href=\"https:\/\/www.savonnerie-chapoul.fr\/index.php\/produit\/douceur-dete\/\">Douceur d&rsquo;\u00e9t\u00e9<\/a><br \/>\n&#8211; le savon <a href=\"https:\/\/www.savonnerie-chapoul.fr\/index.php\/produit\/vitamine\/\">Vitamin\u00e9<\/a><br \/>\n&#8211; le savon <a href=\"https:\/\/www.savonnerie-chapoul.fr\/index.php\/produit\/ptite-mousse\/\">P&rsquo;tite Mousse<\/a><br \/>\n&#8211; le savon <a href=\"https:\/\/www.savonnerie-chapoul.fr\/index.php\/produit\/la-garrigue\/\">La Garrigue<\/a><\/p>\n<p>Si vous souhaitez associer un savon \u00ab\u00a0MERCI\u00a0\u00bb \u00e0 d&rsquo;autres produits dans une pochette cadeau, dites-le moi dans la section \u00ab\u00a0ajoutez une note \u00e0 votre commande\u00a0\u00bb sur la page Validation de commande.<\/p>\n","protected":false},"featured_media":734,"comment_status":"open","ping_status":"closed","template":"","meta":[],"product_brand":[],"product_cat":[35,17],"product_tag":[36,37,19,18,20,29,28,30],"class_list":{"0":"post-722","1":"product","2":"type-product","3":"status-publish","4":"has-post-thumbnail","6":"product_cat-parfume","7":"product_cat-savons","8":"product_tag-cosmetique","9":"product_tag-cosmetique-naturelle","10":"product_tag-saf","11":"product_tag-savon","12":"product_tag-savon-a-froid","13":"product_tag-savon-parfume","14":"product_tag-savon-saponife-a-froid","15":"product_tag-savon-surgras","17":"first","18":"instock","19":"shipping-taxable","20":"purchasable","21":"product-type-variable"},"yoast_head":"<!-- This site is optimized with the Yoast SEO plugin v27.1.1 - https:\/\/yoast.com\/product\/yoast-seo-wordpress\/ -->\n<title>Savons pour dire &quot;MERCI&quot; - Savonnerie Chapoul<\/title>\n<meta name=\"description\" content=\"Les savons &quot;MERCI&quot; sont \u00e0 offrir pour dire merci au ma\u00eetre ou \u00e0 la ma\u00eetresse, \u00e0 la nounou, au prof de guitare ou de danse, ou \u00e0 qui vous voulez\" \/>\n<meta name=\"robots\" content=\"index, follow, max-snippet:-1, max-image-preview:large, max-video-preview:-1\" \/>\n<link rel=\"canonical\" href=\"https:\/\/www.savonnerie-chapoul.fr\/index.php\/produit\/savons-merci\/\" \/>\n<meta property=\"og:locale\" content=\"fr_FR\" \/>\n<meta property=\"og:type\" content=\"article\" \/>\n<meta property=\"og:title\" content=\"Savons pour dire &quot;MERCI&quot; - Savonnerie Chapoul\" \/>\n<meta property=\"og:description\" content=\"Les savons &quot;MERCI&quot; sont \u00e0 offrir pour dire merci au ma\u00eetre ou \u00e0 la ma\u00eetresse, \u00e0 la nounou, au prof de guitare ou de danse, ou \u00e0 qui vous voulez\" \/>\n<meta property=\"og:url\" content=\"https:\/\/www.savonnerie-chapoul.fr\/index.php\/produit\/savons-merci\/\" \/>\n<meta property=\"og:site_name\" content=\"Savonnerie Chapoul\" \/>\n<meta property=\"article:modified_time\" content=\"2026-03-24T00:14:33+00:00\" \/>\n<meta property=\"og:image\" content=\"https:\/\/www.savonnerie-chapoul.fr\/wp-content\/uploads\/2025\/06\/IMG_6984.jpg\" \/>\n\t<meta property=\"og:image:width\" content=\"756\" \/>\n\t<meta property=\"og:image:height\" content=\"1008\" \/>\n\t<meta property=\"og:image:type\" content=\"image\/jpeg\" \/>\n<meta name=\"twitter:card\" content=\"summary_large_image\" \/>\n<meta name=\"twitter:label1\" content=\"Dur\u00e9e de lecture estim\u00e9e\" \/>\n\t<meta name=\"twitter:data1\" content=\"1 minute\" \/>\n<script type=\"application\/ld+json\" class=\"yoast-schema-graph\">{\"@context\":\"https:\/\/schema.org\",\"@graph\":[{\"@type\":\"WebPage\",\"@id\":\"https:\/\/www.savonnerie-chapoul.fr\/index.php\/produit\/savons-merci\/\",\"url\":\"https:\/\/www.savonnerie-chapoul.fr\/index.php\/produit\/savons-merci\/\",\"name\":\"Savons pour dire \\\"MERCI\\\" - Savonnerie Chapoul\",\"isPartOf\":{\"@id\":\"https:\/\/www.savonnerie-chapoul.fr\/#website\"},\"primaryImageOfPage\":{\"@id\":\"https:\/\/www.savonnerie-chapoul.fr\/index.php\/produit\/savons-merci\/#primaryimage\"},\"image\":{\"@id\":\"https:\/\/www.savonnerie-chapoul.fr\/index.php\/produit\/savons-merci\/#primaryimage\"},\"thumbnailUrl\":\"https:\/\/i0.wp.com\/www.savonnerie-chapoul.fr\/wp-content\/uploads\/2025\/06\/IMG_6984.jpg?fit=756%2C1008&ssl=1\",\"datePublished\":\"2025-06-16T22:03:23+00:00\",\"dateModified\":\"2026-03-24T00:14:33+00:00\",\"description\":\"Les savons \\\"MERCI\\\" sont \u00e0 offrir pour dire merci au ma\u00eetre ou \u00e0 la ma\u00eetresse, \u00e0 la nounou, au prof de guitare ou de danse, ou \u00e0 qui vous voulez\",\"breadcrumb\":{\"@id\":\"https:\/\/www.savonnerie-chapoul.fr\/index.php\/produit\/savons-merci\/#breadcrumb\"},\"inLanguage\":\"fr-FR\",\"potentialAction\":[{\"@type\":\"ReadAction\",\"target\":[\"https:\/\/www.savonnerie-chapoul.fr\/index.php\/produit\/savons-merci\/\"]}]},{\"@type\":\"ImageObject\",\"inLanguage\":\"fr-FR\",\"@id\":\"https:\/\/www.savonnerie-chapoul.fr\/index.php\/produit\/savons-merci\/#primaryimage\",\"url\":\"https:\/\/i0.wp.com\/www.savonnerie-chapoul.fr\/wp-content\/uploads\/2025\/06\/IMG_6984.jpg?fit=756%2C1008&ssl=1\",\"contentUrl\":\"https:\/\/i0.wp.com\/www.savonnerie-chapoul.fr\/wp-content\/uploads\/2025\/06\/IMG_6984.jpg?fit=756%2C1008&ssl=1\",\"width\":756,\"height\":1008,\"caption\":\"Savon Douceur d'\u00e9t\u00e9 \\\"MERCI\\\" - savons \\\"MERCI\\\"\"},{\"@type\":\"BreadcrumbList\",\"@id\":\"https:\/\/www.savonnerie-chapoul.fr\/index.php\/produit\/savons-merci\/#breadcrumb\",\"itemListElement\":[{\"@type\":\"ListItem\",\"position\":1,\"name\":\"Accueil\",\"item\":\"https:\/\/www.savonnerie-chapoul.fr\/\"},{\"@type\":\"ListItem\",\"position\":2,\"name\":\"Boutique\",\"item\":\"https:\/\/www.savonnerie-chapoul.fr\/index.php\/boutique-savonnerie-chapoul\/\"},{\"@type\":\"ListItem\",\"position\":3,\"name\":\"Savons pour dire \u00ab\u00a0MERCI\u00a0\u00bb\"}]},{\"@type\":\"WebSite\",\"@id\":\"https:\/\/www.savonnerie-chapoul.fr\/#website\",\"url\":\"https:\/\/www.savonnerie-chapoul.fr\/\",\"name\":\"savonnerie-chapoul\",\"description\":\"Cosm\u00e9tiques et savons saponifi\u00e9s \u00e0 froid dans la Plaine de Versailles\",\"publisher\":{\"@id\":\"https:\/\/www.savonnerie-chapoul.fr\/#organization\"},\"potentialAction\":[{\"@type\":\"SearchAction\",\"target\":{\"@type\":\"EntryPoint\",\"urlTemplate\":\"https:\/\/www.savonnerie-chapoul.fr\/?s={search_term_string}\"},\"query-input\":{\"@type\":\"PropertyValueSpecification\",\"valueRequired\":true,\"valueName\":\"search_term_string\"}}],\"inLanguage\":\"fr-FR\"},{\"@type\":\"Organization\",\"@id\":\"https:\/\/www.savonnerie-chapoul.fr\/#organization\",\"name\":\"savonnerie chapoul\",\"url\":\"https:\/\/www.savonnerie-chapoul.fr\/\",\"logo\":{\"@type\":\"ImageObject\",\"inLanguage\":\"fr-FR\",\"@id\":\"https:\/\/www.savonnerie-chapoul.fr\/#\/schema\/logo\/image\/\",\"url\":\"https:\/\/i0.wp.com\/www.savonnerie-chapoul.fr\/wp-content\/uploads\/2026\/03\/logo-savonnerie-Chapoul-fond-transparent.png?fit=858%2C272&ssl=1\",\"contentUrl\":\"https:\/\/i0.wp.com\/www.savonnerie-chapoul.fr\/wp-content\/uploads\/2026\/03\/logo-savonnerie-Chapoul-fond-transparent.png?fit=858%2C272&ssl=1\",\"width\":858,\"height\":272,\"caption\":\"savonnerie chapoul\"},\"image\":{\"@id\":\"https:\/\/www.savonnerie-chapoul.fr\/#\/schema\/logo\/image\/\"},\"sameAs\":[\"https:\/\/www.instagram.com\/savonnerie-chapoul\"]}]}<\/script>\n<!-- \/ Yoast SEO plugin. -->","yoast_head_json":{"title":"Savons pour dire \"MERCI\" - Savonnerie Chapoul","description":"Les savons \"MERCI\" sont \u00e0 offrir pour dire merci au ma\u00eetre ou \u00e0 la ma\u00eetresse, \u00e0 la nounou, au prof de guitare ou de danse, ou \u00e0 qui vous voulez","robots":{"index":"index","follow":"follow","max-snippet":"max-snippet:-1","max-image-preview":"max-image-preview:large","max-video-preview":"max-video-preview:-1"},"canonical":"https:\/\/www.savonnerie-chapoul.fr\/index.php\/produit\/savons-merci\/","og_locale":"fr_FR","og_type":"article","og_title":"Savons pour dire \"MERCI\" - Savonnerie Chapoul","og_description":"Les savons \"MERCI\" sont \u00e0 offrir pour dire merci au ma\u00eetre ou \u00e0 la ma\u00eetresse, \u00e0 la nounou, au prof de guitare ou de danse, ou \u00e0 qui vous voulez","og_url":"https:\/\/www.savonnerie-chapoul.fr\/index.php\/produit\/savons-merci\/","og_site_name":"Savonnerie Chapoul","article_modified_time":"2026-03-24T00:14:33+00:00","og_image":[{"width":756,"height":1008,"url":"https:\/\/www.savonnerie-chapoul.fr\/wp-content\/uploads\/2025\/06\/IMG_6984.jpg","type":"image\/jpeg"}],"twitter_card":"summary_large_image","twitter_misc":{"Dur\u00e9e de lecture estim\u00e9e":"1 minute"},"schema":{"@context":"https:\/\/schema.org","@graph":[{"@type":"WebPage","@id":"https:\/\/www.savonnerie-chapoul.fr\/index.php\/produit\/savons-merci\/","url":"https:\/\/www.savonnerie-chapoul.fr\/index.php\/produit\/savons-merci\/","name":"Savons pour dire \"MERCI\" - Savonnerie Chapoul","isPartOf":{"@id":"https:\/\/www.savonnerie-chapoul.fr\/#website"},"primaryImageOfPage":{"@id":"https:\/\/www.savonnerie-chapoul.fr\/index.php\/produit\/savons-merci\/#primaryimage"},"image":{"@id":"https:\/\/www.savonnerie-chapoul.fr\/index.php\/produit\/savons-merci\/#primaryimage"},"thumbnailUrl":"https:\/\/i0.wp.com\/www.savonnerie-chapoul.fr\/wp-content\/uploads\/2025\/06\/IMG_6984.jpg?fit=756%2C1008&ssl=1","datePublished":"2025-06-16T22:03:23+00:00","dateModified":"2026-03-24T00:14:33+00:00","description":"Les savons \"MERCI\" sont \u00e0 offrir pour dire merci au ma\u00eetre ou \u00e0 la ma\u00eetresse, \u00e0 la nounou, au prof de guitare ou de danse, ou \u00e0 qui vous voulez","breadcrumb":{"@id":"https:\/\/www.savonnerie-chapoul.fr\/index.php\/produit\/savons-merci\/#breadcrumb"},"inLanguage":"fr-FR","potentialAction":[{"@type":"ReadAction","target":["https:\/\/www.savonnerie-chapoul.fr\/index.php\/produit\/savons-merci\/"]}]},{"@type":"ImageObject","inLanguage":"fr-FR","@id":"https:\/\/www.savonnerie-chapoul.fr\/index.php\/produit\/savons-merci\/#primaryimage","url":"https:\/\/i0.wp.com\/www.savonnerie-chapoul.fr\/wp-content\/uploads\/2025\/06\/IMG_6984.jpg?fit=756%2C1008&ssl=1","contentUrl":"https:\/\/i0.wp.com\/www.savonnerie-chapoul.fr\/wp-content\/uploads\/2025\/06\/IMG_6984.jpg?fit=756%2C1008&ssl=1","width":756,"height":1008,"caption":"Savon Douceur d'\u00e9t\u00e9 \"MERCI\" - savons \"MERCI\""},{"@type":"BreadcrumbList","@id":"https:\/\/www.savonnerie-chapoul.fr\/index.php\/produit\/savons-merci\/#breadcrumb","itemListElement":[{"@type":"ListItem","position":1,"name":"Accueil","item":"https:\/\/www.savonnerie-chapoul.fr\/"},{"@type":"ListItem","position":2,"name":"Boutique","item":"https:\/\/www.savonnerie-chapoul.fr\/index.php\/boutique-savonnerie-chapoul\/"},{"@type":"ListItem","position":3,"name":"Savons pour dire \u00ab\u00a0MERCI\u00a0\u00bb"}]},{"@type":"WebSite","@id":"https:\/\/www.savonnerie-chapoul.fr\/#website","url":"https:\/\/www.savonnerie-chapoul.fr\/","name":"savonnerie-chapoul","description":"Cosm\u00e9tiques et savons saponifi\u00e9s \u00e0 froid dans la Plaine de Versailles","publisher":{"@id":"https:\/\/www.savonnerie-chapoul.fr\/#organization"},"potentialAction":[{"@type":"SearchAction","target":{"@type":"EntryPoint","urlTemplate":"https:\/\/www.savonnerie-chapoul.fr\/?s={search_term_string}"},"query-input":{"@type":"PropertyValueSpecification","valueRequired":true,"valueName":"search_term_string"}}],"inLanguage":"fr-FR"},{"@type":"Organization","@id":"https:\/\/www.savonnerie-chapoul.fr\/#organization","name":"savonnerie chapoul","url":"https:\/\/www.savonnerie-chapoul.fr\/","logo":{"@type":"ImageObject","inLanguage":"fr-FR","@id":"https:\/\/www.savonnerie-chapoul.fr\/#\/schema\/logo\/image\/","url":"https:\/\/i0.wp.com\/www.savonnerie-chapoul.fr\/wp-content\/uploads\/2026\/03\/logo-savonnerie-Chapoul-fond-transparent.png?fit=858%2C272&ssl=1","contentUrl":"https:\/\/i0.wp.com\/www.savonnerie-chapoul.fr\/wp-content\/uploads\/2026\/03\/logo-savonnerie-Chapoul-fond-transparent.png?fit=858%2C272&ssl=1","width":858,"height":272,"caption":"savonnerie chapoul"},"image":{"@id":"https:\/\/www.savonnerie-chapoul.fr\/#\/schema\/logo\/image\/"},"sameAs":["https:\/\/www.instagram.com\/savonnerie-chapoul"]}]}},"jetpack_sharing_enabled":true,"_links":{"self":[{"href":"https:\/\/www.savonnerie-chapoul.fr\/index.php\/wp-json\/wp\/v2\/product\/722","targetHints":{"allow":["GET"]}}],"collection":[{"href":"https:\/\/www.savonnerie-chapoul.fr\/index.php\/wp-json\/wp\/v2\/product"}],"about":[{"href":"https:\/\/www.savonnerie-chapoul.fr\/index.php\/wp-json\/wp\/v2\/types\/product"}],"replies":[{"embeddable":true,"href":"https:\/\/www.savonnerie-chapoul.fr\/index.php\/wp-json\/wp\/v2\/comments?post=722"}],"wp:featuredmedia":[{"embeddable":true,"href":"https:\/\/www.savonnerie-chapoul.fr\/index.php\/wp-json\/wp\/v2\/media\/734"}],"wp:attachment":[{"href":"https:\/\/www.savonnerie-chapoul.fr\/index.php\/wp-json\/wp\/v2\/media?parent=722"}],"wp:term":[{"taxonomy":"product_brand","embeddable":true,"href":"https:\/\/www.savonnerie-chapoul.fr\/index.php\/wp-json\/wp\/v2\/product_brand?post=722"},{"taxonomy":"product_cat","embeddable":true,"href":"https:\/\/www.savonnerie-chapoul.fr\/index.php\/wp-json\/wp\/v2\/product_cat?post=722"},{"taxonomy":"product_tag","embeddable":true,"href":"https:\/\/www.savonnerie-chapoul.fr\/index.php\/wp-json\/wp\/v2\/product_tag?post=722"}],"curies":[{"name":"wp","href":"https:\/\/api.w.org\/{rel}","templated":true}]}}