{"id":868,"date":"2025-11-24T17:51:18","date_gmt":"2025-11-24T16:51:18","guid":{"rendered":"https:\/\/www.savonnerie-chapoul.fr\/?post_type=product&#038;p=868"},"modified":"2026-03-08T23:13:38","modified_gmt":"2026-03-08T22:13:38","slug":"la-valse-des-senteurs","status":"publish","type":"product","link":"https:\/\/www.savonnerie-chapoul.fr\/index.php\/produit\/la-valse-des-senteurs\/","title":{"rendered":"La valse des senteurs"},"content":{"rendered":"<p>La valse des senteurs se compose de trois savons\u00a0 de 50g \u00e0 choisir parmi les six recettes de savons et d&rsquo;un <a href=\"https:\/\/www.savonnerie-chapoul.fr\/index.php\/produit\/porte-savon-aimante-ventouse\/\">porte-savon aimant\u00e9<\/a> :<br \/>\n&#8211; savon <a href=\"https:\/\/www.savonnerie-chapoul.fr\/index.php\/produit\/louveciennes\/\">Louveciennes<\/a> de 50g<br \/>\n&#8211; savon <a href=\"https:\/\/www.savonnerie-chapoul.fr\/index.php\/produit\/alphonsine\/\">Alphonsine<\/a> de 50g<br \/>\n&#8211; savon <a href=\"https:\/\/www.savonnerie-chapoul.fr\/index.php\/produit\/douceur-dete\/\">Douceur d&rsquo;\u00e9t\u00e9<\/a> de 50g<br \/>\n&#8211; savon <a href=\"https:\/\/www.savonnerie-chapoul.fr\/index.php\/produit\/la-garrigue\/\">La Garrigue<\/a> de 50g<br \/>\n&#8211; savon <a href=\"https:\/\/www.savonnerie-chapoul.fr\/index.php\/produit\/ptite-mousse\/\">P&rsquo;tite Mousse<\/a> de 50g<br \/>\n&#8211; savon <a href=\"https:\/\/www.savonnerie-chapoul.fr\/index.php\/produit\/vitamine\/\">Vitamin\u00e9<\/a> de 50g<\/p>\n<p>La valse des senteurs est \u00e0 offrir ou s&rsquo;offrir afin de d\u00e9couvrir une partie de la gamme de la Savonnerie Chapoul.<\/p>\n<p>Le porte-savon aimant\u00e9 qui accompagne ces trois savons est l&rsquo;accessoire id\u00e9al pour vous offrir la meilleure exp\u00e9rience possible en maximisant la dur\u00e9e de vie de vos savons.<\/p>\n<p>S\u00e9lectionnez 3 savons dans les menus d\u00e9roulants, ou laissez-moi vous surprendre !<\/p>\n","protected":false},"excerpt":{"rendered":"<p>La valse des senteurs est id\u00e9ale pour d\u00e9couvrir les savons saponifi\u00e9s \u00e0 froid de la savonnerie Chapoul.<br \/>\nElle est constitu\u00e9e de 3 savons de 50g \u00e0 choisir parmi les 6 recettes et d&rsquo;un <a href=\"https:\/\/www.savonnerie-chapoul.fr\/index.php\/produit\/porte-savon-aimante-ventouse\/\">porte-savon aimant\u00e9<\/a> :<br \/>\n&#8211; savon <a href=\"https:\/\/www.savonnerie-chapoul.fr\/index.php\/produit\/louveciennes\/\">Louveciennes<\/a> de 50g<br \/>\n&#8211; savon <a href=\"https:\/\/www.savonnerie-chapoul.fr\/index.php\/produit\/alphonsine\/\">Alphonsine<\/a> de 50g<br \/>\n&#8211; savon <a href=\"https:\/\/www.savonnerie-chapoul.fr\/index.php\/produit\/douceur-dete\/\">Douceur d&rsquo;\u00e9t\u00e9<\/a> de 50g<br \/>\n&#8211; savon <a href=\"https:\/\/www.savonnerie-chapoul.fr\/index.php\/produit\/la-garrigue\/\">La Garrigue<\/a> de 50g<br \/>\n&#8211; savon <a href=\"https:\/\/www.savonnerie-chapoul.fr\/index.php\/produit\/ptite-mousse\/\">P&rsquo;tite Mousse<\/a> de 50g<br \/>\n&#8211; savon <a href=\"https:\/\/www.savonnerie-chapoul.fr\/index.php\/produit\/vitamine\/\">Vitamin\u00e9<\/a> de 50g<\/p>\n<p>Vous pouvez \u00e9galement me laisser choisir les parfums, et j&rsquo;assemblerai une valse de trois savons selon mon inspiration en choisissant deux savons parfum\u00e9s et un sans parfum ajout\u00e9. Dans ce cas, choisissez \u00ab\u00a0le choix de la savonni\u00e8re\u00a0\u00bb dans les menus d\u00e9roulants.<\/p>\n","protected":false},"featured_media":1109,"comment_status":"closed","ping_status":"closed","template":"","meta":[],"product_brand":[],"product_cat":[57,17],"product_tag":[],"class_list":{"0":"post-868","1":"product","2":"type-product","3":"status-publish","4":"has-post-thumbnail","6":"product_cat-idees-cadeaux","7":"product_cat-savons","9":"first","10":"instock","11":"shipping-taxable","12":"purchasable","13":"product-type-variable","14":"has-default-attributes"},"yoast_head":"<!-- This site is optimized with the Yoast SEO plugin v27.1.1 - https:\/\/yoast.com\/product\/yoast-seo-wordpress\/ -->\n<title>La valse des senteurs - Savonnerie Chapoul<\/title>\n<meta name=\"description\" content=\"La &quot;valse des senteurs&quot; est id\u00e9ale pour d\u00e9couvrir les savons de la savonnerie Chapoul : 3 savons de 50g \u00e0 choisir parmi les 6 recettes + un porte-savon\" \/>\n<meta name=\"robots\" content=\"index, follow, max-snippet:-1, max-image-preview:large, max-video-preview:-1\" \/>\n<link rel=\"canonical\" href=\"https:\/\/www.savonnerie-chapoul.fr\/index.php\/produit\/la-valse-des-senteurs\/\" \/>\n<meta property=\"og:locale\" content=\"fr_FR\" \/>\n<meta property=\"og:type\" content=\"article\" \/>\n<meta property=\"og:title\" content=\"La valse des senteurs - Savonnerie Chapoul\" \/>\n<meta property=\"og:description\" content=\"La &quot;valse des senteurs&quot; est id\u00e9ale pour d\u00e9couvrir les savons de la savonnerie Chapoul : 3 savons de 50g \u00e0 choisir parmi les 6 recettes + un porte-savon\" \/>\n<meta property=\"og:url\" content=\"https:\/\/www.savonnerie-chapoul.fr\/index.php\/produit\/la-valse-des-senteurs\/\" \/>\n<meta property=\"og:site_name\" content=\"Savonnerie Chapoul\" \/>\n<meta property=\"article:modified_time\" content=\"2026-03-08T22:13:38+00:00\" \/>\n<meta property=\"og:image\" content=\"https:\/\/www.savonnerie-chapoul.fr\/wp-content\/uploads\/2025\/11\/34.png\" \/>\n\t<meta property=\"og:image:width\" content=\"1000\" \/>\n\t<meta property=\"og:image:height\" content=\"1000\" \/>\n\t<meta property=\"og:image:type\" content=\"image\/png\" \/>\n<meta name=\"twitter:card\" content=\"summary_large_image\" \/>\n<meta name=\"twitter:label1\" content=\"Dur\u00e9e de lecture estim\u00e9e\" \/>\n\t<meta name=\"twitter:data1\" content=\"1 minute\" \/>\n<script type=\"application\/ld+json\" class=\"yoast-schema-graph\">{\"@context\":\"https:\/\/schema.org\",\"@graph\":[{\"@type\":\"WebPage\",\"@id\":\"https:\/\/www.savonnerie-chapoul.fr\/index.php\/produit\/la-valse-des-senteurs\/\",\"url\":\"https:\/\/www.savonnerie-chapoul.fr\/index.php\/produit\/la-valse-des-senteurs\/\",\"name\":\"La valse des senteurs - Savonnerie Chapoul\",\"isPartOf\":{\"@id\":\"https:\/\/www.savonnerie-chapoul.fr\/#website\"},\"primaryImageOfPage\":{\"@id\":\"https:\/\/www.savonnerie-chapoul.fr\/index.php\/produit\/la-valse-des-senteurs\/#primaryimage\"},\"image\":{\"@id\":\"https:\/\/www.savonnerie-chapoul.fr\/index.php\/produit\/la-valse-des-senteurs\/#primaryimage\"},\"thumbnailUrl\":\"https:\/\/i0.wp.com\/www.savonnerie-chapoul.fr\/wp-content\/uploads\/2025\/11\/34.png?fit=1000%2C1000&ssl=1\",\"datePublished\":\"2025-11-24T16:51:18+00:00\",\"dateModified\":\"2026-03-08T22:13:38+00:00\",\"description\":\"La \\\"valse des senteurs\\\" est id\u00e9ale pour d\u00e9couvrir les savons de la savonnerie Chapoul : 3 savons de 50g \u00e0 choisir parmi les 6 recettes + un porte-savon\",\"breadcrumb\":{\"@id\":\"https:\/\/www.savonnerie-chapoul.fr\/index.php\/produit\/la-valse-des-senteurs\/#breadcrumb\"},\"inLanguage\":\"fr-FR\",\"potentialAction\":[{\"@type\":\"ReadAction\",\"target\":[\"https:\/\/www.savonnerie-chapoul.fr\/index.php\/produit\/la-valse-des-senteurs\/\"]}]},{\"@type\":\"ImageObject\",\"inLanguage\":\"fr-FR\",\"@id\":\"https:\/\/www.savonnerie-chapoul.fr\/index.php\/produit\/la-valse-des-senteurs\/#primaryimage\",\"url\":\"https:\/\/i0.wp.com\/www.savonnerie-chapoul.fr\/wp-content\/uploads\/2025\/11\/34.png?fit=1000%2C1000&ssl=1\",\"contentUrl\":\"https:\/\/i0.wp.com\/www.savonnerie-chapoul.fr\/wp-content\/uploads\/2025\/11\/34.png?fit=1000%2C1000&ssl=1\",\"width\":1000,\"height\":1000,\"caption\":\"Savonnerie Chapoul - la valse des senteurs - 3 savons de 50g et un porte-savon\"},{\"@type\":\"BreadcrumbList\",\"@id\":\"https:\/\/www.savonnerie-chapoul.fr\/index.php\/produit\/la-valse-des-senteurs\/#breadcrumb\",\"itemListElement\":[{\"@type\":\"ListItem\",\"position\":1,\"name\":\"Accueil\",\"item\":\"https:\/\/www.savonnerie-chapoul.fr\/\"},{\"@type\":\"ListItem\",\"position\":2,\"name\":\"Boutique\",\"item\":\"https:\/\/www.savonnerie-chapoul.fr\/index.php\/boutique-savonnerie-chapoul\/\"},{\"@type\":\"ListItem\",\"position\":3,\"name\":\"La valse des senteurs\"}]},{\"@type\":\"WebSite\",\"@id\":\"https:\/\/www.savonnerie-chapoul.fr\/#website\",\"url\":\"https:\/\/www.savonnerie-chapoul.fr\/\",\"name\":\"savonnerie-chapoul\",\"description\":\"Cosm\u00e9tiques et savons saponifi\u00e9s \u00e0 froid dans la Plaine de Versailles\",\"publisher\":{\"@id\":\"https:\/\/www.savonnerie-chapoul.fr\/#organization\"},\"potentialAction\":[{\"@type\":\"SearchAction\",\"target\":{\"@type\":\"EntryPoint\",\"urlTemplate\":\"https:\/\/www.savonnerie-chapoul.fr\/?s={search_term_string}\"},\"query-input\":{\"@type\":\"PropertyValueSpecification\",\"valueRequired\":true,\"valueName\":\"search_term_string\"}}],\"inLanguage\":\"fr-FR\"},{\"@type\":\"Organization\",\"@id\":\"https:\/\/www.savonnerie-chapoul.fr\/#organization\",\"name\":\"savonnerie chapoul\",\"url\":\"https:\/\/www.savonnerie-chapoul.fr\/\",\"logo\":{\"@type\":\"ImageObject\",\"inLanguage\":\"fr-FR\",\"@id\":\"https:\/\/www.savonnerie-chapoul.fr\/#\/schema\/logo\/image\/\",\"url\":\"https:\/\/i0.wp.com\/www.savonnerie-chapoul.fr\/wp-content\/uploads\/2026\/03\/logo-savonnerie-Chapoul-fond-transparent.png?fit=858%2C272&ssl=1\",\"contentUrl\":\"https:\/\/i0.wp.com\/www.savonnerie-chapoul.fr\/wp-content\/uploads\/2026\/03\/logo-savonnerie-Chapoul-fond-transparent.png?fit=858%2C272&ssl=1\",\"width\":858,\"height\":272,\"caption\":\"savonnerie chapoul\"},\"image\":{\"@id\":\"https:\/\/www.savonnerie-chapoul.fr\/#\/schema\/logo\/image\/\"},\"sameAs\":[\"https:\/\/www.instagram.com\/savonnerie-chapoul\"]}]}<\/script>\n<!-- \/ Yoast SEO plugin. -->","yoast_head_json":{"title":"La valse des senteurs - Savonnerie Chapoul","description":"La \"valse des senteurs\" est id\u00e9ale pour d\u00e9couvrir les savons de la savonnerie Chapoul : 3 savons de 50g \u00e0 choisir parmi les 6 recettes + un porte-savon","robots":{"index":"index","follow":"follow","max-snippet":"max-snippet:-1","max-image-preview":"max-image-preview:large","max-video-preview":"max-video-preview:-1"},"canonical":"https:\/\/www.savonnerie-chapoul.fr\/index.php\/produit\/la-valse-des-senteurs\/","og_locale":"fr_FR","og_type":"article","og_title":"La valse des senteurs - Savonnerie Chapoul","og_description":"La \"valse des senteurs\" est id\u00e9ale pour d\u00e9couvrir les savons de la savonnerie Chapoul : 3 savons de 50g \u00e0 choisir parmi les 6 recettes + un porte-savon","og_url":"https:\/\/www.savonnerie-chapoul.fr\/index.php\/produit\/la-valse-des-senteurs\/","og_site_name":"Savonnerie Chapoul","article_modified_time":"2026-03-08T22:13:38+00:00","og_image":[{"width":1000,"height":1000,"url":"https:\/\/www.savonnerie-chapoul.fr\/wp-content\/uploads\/2025\/11\/34.png","type":"image\/png"}],"twitter_card":"summary_large_image","twitter_misc":{"Dur\u00e9e de lecture estim\u00e9e":"1 minute"},"schema":{"@context":"https:\/\/schema.org","@graph":[{"@type":"WebPage","@id":"https:\/\/www.savonnerie-chapoul.fr\/index.php\/produit\/la-valse-des-senteurs\/","url":"https:\/\/www.savonnerie-chapoul.fr\/index.php\/produit\/la-valse-des-senteurs\/","name":"La valse des senteurs - Savonnerie Chapoul","isPartOf":{"@id":"https:\/\/www.savonnerie-chapoul.fr\/#website"},"primaryImageOfPage":{"@id":"https:\/\/www.savonnerie-chapoul.fr\/index.php\/produit\/la-valse-des-senteurs\/#primaryimage"},"image":{"@id":"https:\/\/www.savonnerie-chapoul.fr\/index.php\/produit\/la-valse-des-senteurs\/#primaryimage"},"thumbnailUrl":"https:\/\/i0.wp.com\/www.savonnerie-chapoul.fr\/wp-content\/uploads\/2025\/11\/34.png?fit=1000%2C1000&ssl=1","datePublished":"2025-11-24T16:51:18+00:00","dateModified":"2026-03-08T22:13:38+00:00","description":"La \"valse des senteurs\" est id\u00e9ale pour d\u00e9couvrir les savons de la savonnerie Chapoul : 3 savons de 50g \u00e0 choisir parmi les 6 recettes + un porte-savon","breadcrumb":{"@id":"https:\/\/www.savonnerie-chapoul.fr\/index.php\/produit\/la-valse-des-senteurs\/#breadcrumb"},"inLanguage":"fr-FR","potentialAction":[{"@type":"ReadAction","target":["https:\/\/www.savonnerie-chapoul.fr\/index.php\/produit\/la-valse-des-senteurs\/"]}]},{"@type":"ImageObject","inLanguage":"fr-FR","@id":"https:\/\/www.savonnerie-chapoul.fr\/index.php\/produit\/la-valse-des-senteurs\/#primaryimage","url":"https:\/\/i0.wp.com\/www.savonnerie-chapoul.fr\/wp-content\/uploads\/2025\/11\/34.png?fit=1000%2C1000&ssl=1","contentUrl":"https:\/\/i0.wp.com\/www.savonnerie-chapoul.fr\/wp-content\/uploads\/2025\/11\/34.png?fit=1000%2C1000&ssl=1","width":1000,"height":1000,"caption":"Savonnerie Chapoul - la valse des senteurs - 3 savons de 50g et un porte-savon"},{"@type":"BreadcrumbList","@id":"https:\/\/www.savonnerie-chapoul.fr\/index.php\/produit\/la-valse-des-senteurs\/#breadcrumb","itemListElement":[{"@type":"ListItem","position":1,"name":"Accueil","item":"https:\/\/www.savonnerie-chapoul.fr\/"},{"@type":"ListItem","position":2,"name":"Boutique","item":"https:\/\/www.savonnerie-chapoul.fr\/index.php\/boutique-savonnerie-chapoul\/"},{"@type":"ListItem","position":3,"name":"La valse des senteurs"}]},{"@type":"WebSite","@id":"https:\/\/www.savonnerie-chapoul.fr\/#website","url":"https:\/\/www.savonnerie-chapoul.fr\/","name":"savonnerie-chapoul","description":"Cosm\u00e9tiques et savons saponifi\u00e9s \u00e0 froid dans la Plaine de Versailles","publisher":{"@id":"https:\/\/www.savonnerie-chapoul.fr\/#organization"},"potentialAction":[{"@type":"SearchAction","target":{"@type":"EntryPoint","urlTemplate":"https:\/\/www.savonnerie-chapoul.fr\/?s={search_term_string}"},"query-input":{"@type":"PropertyValueSpecification","valueRequired":true,"valueName":"search_term_string"}}],"inLanguage":"fr-FR"},{"@type":"Organization","@id":"https:\/\/www.savonnerie-chapoul.fr\/#organization","name":"savonnerie chapoul","url":"https:\/\/www.savonnerie-chapoul.fr\/","logo":{"@type":"ImageObject","inLanguage":"fr-FR","@id":"https:\/\/www.savonnerie-chapoul.fr\/#\/schema\/logo\/image\/","url":"https:\/\/i0.wp.com\/www.savonnerie-chapoul.fr\/wp-content\/uploads\/2026\/03\/logo-savonnerie-Chapoul-fond-transparent.png?fit=858%2C272&ssl=1","contentUrl":"https:\/\/i0.wp.com\/www.savonnerie-chapoul.fr\/wp-content\/uploads\/2026\/03\/logo-savonnerie-Chapoul-fond-transparent.png?fit=858%2C272&ssl=1","width":858,"height":272,"caption":"savonnerie chapoul"},"image":{"@id":"https:\/\/www.savonnerie-chapoul.fr\/#\/schema\/logo\/image\/"},"sameAs":["https:\/\/www.instagram.com\/savonnerie-chapoul"]}]}},"jetpack_sharing_enabled":true,"_links":{"self":[{"href":"https:\/\/www.savonnerie-chapoul.fr\/index.php\/wp-json\/wp\/v2\/product\/868","targetHints":{"allow":["GET"]}}],"collection":[{"href":"https:\/\/www.savonnerie-chapoul.fr\/index.php\/wp-json\/wp\/v2\/product"}],"about":[{"href":"https:\/\/www.savonnerie-chapoul.fr\/index.php\/wp-json\/wp\/v2\/types\/product"}],"replies":[{"embeddable":true,"href":"https:\/\/www.savonnerie-chapoul.fr\/index.php\/wp-json\/wp\/v2\/comments?post=868"}],"wp:featuredmedia":[{"embeddable":true,"href":"https:\/\/www.savonnerie-chapoul.fr\/index.php\/wp-json\/wp\/v2\/media\/1109"}],"wp:attachment":[{"href":"https:\/\/www.savonnerie-chapoul.fr\/index.php\/wp-json\/wp\/v2\/media?parent=868"}],"wp:term":[{"taxonomy":"product_brand","embeddable":true,"href":"https:\/\/www.savonnerie-chapoul.fr\/index.php\/wp-json\/wp\/v2\/product_brand?post=868"},{"taxonomy":"product_cat","embeddable":true,"href":"https:\/\/www.savonnerie-chapoul.fr\/index.php\/wp-json\/wp\/v2\/product_cat?post=868"},{"taxonomy":"product_tag","embeddable":true,"href":"https:\/\/www.savonnerie-chapoul.fr\/index.php\/wp-json\/wp\/v2\/product_tag?post=868"}],"curies":[{"name":"wp","href":"https:\/\/api.w.org\/{rel}","templated":true}]}}