{"id":915,"date":"2025-11-25T12:00:53","date_gmt":"2025-11-25T11:00:53","guid":{"rendered":"https:\/\/www.savonnerie-chapoul.fr\/?post_type=product&#038;p=915"},"modified":"2026-03-07T20:51:28","modified_gmt":"2026-03-07T19:51:28","slug":"improvisation","status":"publish","type":"product","link":"https:\/\/www.savonnerie-chapoul.fr\/index.php\/produit\/improvisation\/","title":{"rendered":"Improvisation"},"content":{"rendered":"<h2>Un savon saponifi\u00e9 \u00e0 froid de 100g, un savon de 50g, un baume \u00e0 l\u00e8vres 100% fran\u00e7ais et un porte-savon<\/h2>\n<p>L&rsquo;improvisation permet de d\u00e9couvrir deux savons : l&rsquo;un au format 100g, l&rsquo;autre au format 50g.<br \/>\nL&rsquo;improvisation contient \u00e9galement un <a href=\"https:\/\/www.savonnerie-chapoul.fr\/index.php\/produit\/baume-a-levres-miel-calendula\/\">baume \u00e0 l\u00e8vres miel &amp; calendula<\/a> et un porte-savon : soit le savOsec soit le porte-savon aimant\u00e9.<\/p>\n<p>Vous pouvez choisir quels savons vous souhaitez d\u00e9couvrir ou faire d\u00e9couvrir, ou me laisser s\u00e9lectionner deux savons selon mon inspiration du moment. Dans ce cas, s\u00e9lectionnez \u00ab\u00a0le choix de la savonni\u00e8re\u00a0\u00bb dans les menus d\u00e9roulants.<\/p>\n<p>Voici la liste des savons :<br \/>\n&#8211; savon <a href=\"https:\/\/www.savonnerie-chapoul.fr\/index.php\/produit\/louveciennes\/\">Louveciennes<\/a><br \/>\n&#8211; savon <a href=\"https:\/\/www.savonnerie-chapoul.fr\/index.php\/produit\/alphonsine\/\">Alphonsine<\/a><br \/>\n&#8211; savon <a href=\"https:\/\/www.savonnerie-chapoul.fr\/index.php\/produit\/douceur-dete\/\">Douceur d&rsquo;\u00e9t\u00e9<\/a><br \/>\n&#8211; savon <a href=\"https:\/\/www.savonnerie-chapoul.fr\/index.php\/produit\/la-garrigue\/\">La Garrigue<\/a><br \/>\n&#8211; savon <a href=\"https:\/\/www.savonnerie-chapoul.fr\/index.php\/produit\/ptite-mousse\/\">P&rsquo;tite Mousse<\/a><br \/>\n&#8211; savon <a href=\"https:\/\/www.savonnerie-chapoul.fr\/index.php\/produit\/vitamine\/\">Vitamin\u00e9<\/a><\/p>\n<p>Et les deux porte-savons au choix :<br \/>\n&#8211; le <a href=\"https:\/\/www.savonnerie-chapoul.fr\/index.php\/produit\/porte-savon-savosec\/\">SavOsec<\/a> ou<br \/>\n&#8211; le <a href=\"https:\/\/www.savonnerie-chapoul.fr\/index.php\/produit\/porte-savon-aimante-ventouse\/\">porte-savon aimant\u00e9<\/a><\/p>\n","protected":false},"excerpt":{"rendered":"<p>L&rsquo;improvisation permet de d\u00e9couvrir deux savons : l&rsquo;un au format 100g, l&rsquo;autre au format 50g.<br \/>\nL&rsquo;improvisation contient \u00e9galement un <a href=\"https:\/\/www.savonnerie-chapoul.fr\/index.php\/produit\/baume-a-levres-miel-calendula\/\">baume \u00e0 l\u00e8vres miel &amp; calendula<\/a> et un porte-savon, soit le savOsec soit le porte-savon aimant\u00e9.<\/p>\n<p>Vous pouvez choisir quels savons vous souhaitez d\u00e9couvrir ou faire d\u00e9couvrir, ou me laisser s\u00e9lectionner deux savons selon mon inspiration du moment. Dans ce cas, s\u00e9lectionnez \u00ab\u00a0le choix de la savonni\u00e8re\u00a0\u00bb dans les menus d\u00e9roulants.<\/p>\n<p>Voici la liste des savons : le savon <a href=\"https:\/\/www.savonnerie-chapoul.fr\/index.php\/produit\/louveciennes\/\">Louveciennes<\/a>, le savon <a href=\"https:\/\/www.savonnerie-chapoul.fr\/index.php\/produit\/alphonsine\/\">Alphonsine<\/a>, le savon <a href=\"https:\/\/www.savonnerie-chapoul.fr\/index.php\/produit\/douceur-dete\/\">Douceur d&rsquo;\u00e9t\u00e9<\/a>, le savon <a href=\"https:\/\/www.savonnerie-chapoul.fr\/index.php\/produit\/la-garrigue\/\">La Garrigue<\/a>, le savon <a href=\"https:\/\/www.savonnerie-chapoul.fr\/index.php\/produit\/ptite-mousse\/\">P&rsquo;tite Mousse<\/a>, et le savon <a href=\"https:\/\/www.savonnerie-chapoul.fr\/index.php\/produit\/vitamine\/\">Vitamin\u00e9<\/a><\/p>\n<p>Et les deux porte-savons au choix sont : le <a href=\"https:\/\/www.savonnerie-chapoul.fr\/index.php\/produit\/porte-savon-savosec\/\">SavOsec<\/a> ou le <a href=\"https:\/\/www.savonnerie-chapoul.fr\/index.php\/produit\/porte-savon-aimante-ventouse\/\">porte-savon aimant\u00e9<\/a><\/p>\n","protected":false},"featured_media":1105,"comment_status":"closed","ping_status":"closed","template":"","meta":[],"product_brand":[],"product_cat":[57,17],"product_tag":[],"class_list":{"0":"post-915","1":"product","2":"type-product","3":"status-publish","4":"has-post-thumbnail","6":"product_cat-idees-cadeaux","7":"product_cat-savons","9":"first","10":"instock","11":"featured","12":"shipping-taxable","13":"purchasable","14":"product-type-variable","15":"has-default-attributes"},"yoast_head":"<!-- This site is optimized with the Yoast SEO plugin v27.1.1 - https:\/\/yoast.com\/product\/yoast-seo-wordpress\/ -->\n<title>Improvisation - Savonnerie Chapoul<\/title>\n<meta name=\"description\" content=\"L&#039;Improvisation est id\u00e9ale pour d\u00e9couvrir deux savons de la Savonnerie Chapoul ainsi que le baume \u00e0 l\u00e8vres miel &amp; calendula\" \/>\n<meta name=\"robots\" content=\"index, follow, max-snippet:-1, max-image-preview:large, max-video-preview:-1\" \/>\n<link rel=\"canonical\" href=\"https:\/\/www.savonnerie-chapoul.fr\/index.php\/produit\/improvisation\/\" \/>\n<meta property=\"og:locale\" content=\"fr_FR\" \/>\n<meta property=\"og:type\" content=\"article\" \/>\n<meta property=\"og:title\" content=\"Improvisation - Savonnerie Chapoul\" \/>\n<meta property=\"og:description\" content=\"L&#039;Improvisation est id\u00e9ale pour d\u00e9couvrir deux savons de la Savonnerie Chapoul ainsi que le baume \u00e0 l\u00e8vres miel &amp; calendula\" \/>\n<meta property=\"og:url\" content=\"https:\/\/www.savonnerie-chapoul.fr\/index.php\/produit\/improvisation\/\" \/>\n<meta property=\"og:site_name\" content=\"Savonnerie Chapoul\" \/>\n<meta property=\"article:modified_time\" content=\"2026-03-07T19:51:28+00:00\" \/>\n<meta property=\"og:image\" content=\"https:\/\/www.savonnerie-chapoul.fr\/wp-content\/uploads\/2025\/11\/27.png\" \/>\n\t<meta property=\"og:image:width\" content=\"1000\" \/>\n\t<meta property=\"og:image:height\" content=\"1000\" \/>\n\t<meta property=\"og:image:type\" content=\"image\/png\" \/>\n<meta name=\"twitter:card\" content=\"summary_large_image\" \/>\n<meta name=\"twitter:label1\" content=\"Dur\u00e9e de lecture estim\u00e9e\" \/>\n\t<meta name=\"twitter:data1\" content=\"1 minute\" \/>\n<script type=\"application\/ld+json\" class=\"yoast-schema-graph\">{\"@context\":\"https:\/\/schema.org\",\"@graph\":[{\"@type\":\"WebPage\",\"@id\":\"https:\/\/www.savonnerie-chapoul.fr\/index.php\/produit\/improvisation\/\",\"url\":\"https:\/\/www.savonnerie-chapoul.fr\/index.php\/produit\/improvisation\/\",\"name\":\"Improvisation - Savonnerie Chapoul\",\"isPartOf\":{\"@id\":\"https:\/\/www.savonnerie-chapoul.fr\/#website\"},\"primaryImageOfPage\":{\"@id\":\"https:\/\/www.savonnerie-chapoul.fr\/index.php\/produit\/improvisation\/#primaryimage\"},\"image\":{\"@id\":\"https:\/\/www.savonnerie-chapoul.fr\/index.php\/produit\/improvisation\/#primaryimage\"},\"thumbnailUrl\":\"https:\/\/i0.wp.com\/www.savonnerie-chapoul.fr\/wp-content\/uploads\/2025\/11\/27.png?fit=1000%2C1000&ssl=1\",\"datePublished\":\"2025-11-25T11:00:53+00:00\",\"dateModified\":\"2026-03-07T19:51:28+00:00\",\"description\":\"L'Improvisation est id\u00e9ale pour d\u00e9couvrir deux savons de la Savonnerie Chapoul ainsi que le baume \u00e0 l\u00e8vres miel & calendula\",\"breadcrumb\":{\"@id\":\"https:\/\/www.savonnerie-chapoul.fr\/index.php\/produit\/improvisation\/#breadcrumb\"},\"inLanguage\":\"fr-FR\",\"potentialAction\":[{\"@type\":\"ReadAction\",\"target\":[\"https:\/\/www.savonnerie-chapoul.fr\/index.php\/produit\/improvisation\/\"]}]},{\"@type\":\"ImageObject\",\"inLanguage\":\"fr-FR\",\"@id\":\"https:\/\/www.savonnerie-chapoul.fr\/index.php\/produit\/improvisation\/#primaryimage\",\"url\":\"https:\/\/i0.wp.com\/www.savonnerie-chapoul.fr\/wp-content\/uploads\/2025\/11\/27.png?fit=1000%2C1000&ssl=1\",\"contentUrl\":\"https:\/\/i0.wp.com\/www.savonnerie-chapoul.fr\/wp-content\/uploads\/2025\/11\/27.png?fit=1000%2C1000&ssl=1\",\"width\":1000,\"height\":1000,\"caption\":\"Savonnerie Chapoul - Improvisation - un savon saponifi\u00e9 \u00e0 froid de 100g, un de 50g, un baume \u00e0 l\u00e8vres et un porte-savon\"},{\"@type\":\"BreadcrumbList\",\"@id\":\"https:\/\/www.savonnerie-chapoul.fr\/index.php\/produit\/improvisation\/#breadcrumb\",\"itemListElement\":[{\"@type\":\"ListItem\",\"position\":1,\"name\":\"Accueil\",\"item\":\"https:\/\/www.savonnerie-chapoul.fr\/\"},{\"@type\":\"ListItem\",\"position\":2,\"name\":\"Boutique\",\"item\":\"https:\/\/www.savonnerie-chapoul.fr\/index.php\/boutique-savonnerie-chapoul\/\"},{\"@type\":\"ListItem\",\"position\":3,\"name\":\"Improvisation\"}]},{\"@type\":\"WebSite\",\"@id\":\"https:\/\/www.savonnerie-chapoul.fr\/#website\",\"url\":\"https:\/\/www.savonnerie-chapoul.fr\/\",\"name\":\"savonnerie-chapoul\",\"description\":\"Cosm\u00e9tiques et savons saponifi\u00e9s \u00e0 froid dans la Plaine de Versailles\",\"publisher\":{\"@id\":\"https:\/\/www.savonnerie-chapoul.fr\/#organization\"},\"potentialAction\":[{\"@type\":\"SearchAction\",\"target\":{\"@type\":\"EntryPoint\",\"urlTemplate\":\"https:\/\/www.savonnerie-chapoul.fr\/?s={search_term_string}\"},\"query-input\":{\"@type\":\"PropertyValueSpecification\",\"valueRequired\":true,\"valueName\":\"search_term_string\"}}],\"inLanguage\":\"fr-FR\"},{\"@type\":\"Organization\",\"@id\":\"https:\/\/www.savonnerie-chapoul.fr\/#organization\",\"name\":\"savonnerie chapoul\",\"url\":\"https:\/\/www.savonnerie-chapoul.fr\/\",\"logo\":{\"@type\":\"ImageObject\",\"inLanguage\":\"fr-FR\",\"@id\":\"https:\/\/www.savonnerie-chapoul.fr\/#\/schema\/logo\/image\/\",\"url\":\"https:\/\/i0.wp.com\/www.savonnerie-chapoul.fr\/wp-content\/uploads\/2026\/03\/logo-savonnerie-Chapoul-fond-transparent.png?fit=858%2C272&ssl=1\",\"contentUrl\":\"https:\/\/i0.wp.com\/www.savonnerie-chapoul.fr\/wp-content\/uploads\/2026\/03\/logo-savonnerie-Chapoul-fond-transparent.png?fit=858%2C272&ssl=1\",\"width\":858,\"height\":272,\"caption\":\"savonnerie chapoul\"},\"image\":{\"@id\":\"https:\/\/www.savonnerie-chapoul.fr\/#\/schema\/logo\/image\/\"},\"sameAs\":[\"https:\/\/www.instagram.com\/savonnerie-chapoul\"]}]}<\/script>\n<!-- \/ Yoast SEO plugin. -->","yoast_head_json":{"title":"Improvisation - Savonnerie Chapoul","description":"L'Improvisation est id\u00e9ale pour d\u00e9couvrir deux savons de la Savonnerie Chapoul ainsi que le baume \u00e0 l\u00e8vres miel & calendula","robots":{"index":"index","follow":"follow","max-snippet":"max-snippet:-1","max-image-preview":"max-image-preview:large","max-video-preview":"max-video-preview:-1"},"canonical":"https:\/\/www.savonnerie-chapoul.fr\/index.php\/produit\/improvisation\/","og_locale":"fr_FR","og_type":"article","og_title":"Improvisation - Savonnerie Chapoul","og_description":"L'Improvisation est id\u00e9ale pour d\u00e9couvrir deux savons de la Savonnerie Chapoul ainsi que le baume \u00e0 l\u00e8vres miel & calendula","og_url":"https:\/\/www.savonnerie-chapoul.fr\/index.php\/produit\/improvisation\/","og_site_name":"Savonnerie Chapoul","article_modified_time":"2026-03-07T19:51:28+00:00","og_image":[{"width":1000,"height":1000,"url":"https:\/\/www.savonnerie-chapoul.fr\/wp-content\/uploads\/2025\/11\/27.png","type":"image\/png"}],"twitter_card":"summary_large_image","twitter_misc":{"Dur\u00e9e de lecture estim\u00e9e":"1 minute"},"schema":{"@context":"https:\/\/schema.org","@graph":[{"@type":"WebPage","@id":"https:\/\/www.savonnerie-chapoul.fr\/index.php\/produit\/improvisation\/","url":"https:\/\/www.savonnerie-chapoul.fr\/index.php\/produit\/improvisation\/","name":"Improvisation - Savonnerie Chapoul","isPartOf":{"@id":"https:\/\/www.savonnerie-chapoul.fr\/#website"},"primaryImageOfPage":{"@id":"https:\/\/www.savonnerie-chapoul.fr\/index.php\/produit\/improvisation\/#primaryimage"},"image":{"@id":"https:\/\/www.savonnerie-chapoul.fr\/index.php\/produit\/improvisation\/#primaryimage"},"thumbnailUrl":"https:\/\/i0.wp.com\/www.savonnerie-chapoul.fr\/wp-content\/uploads\/2025\/11\/27.png?fit=1000%2C1000&ssl=1","datePublished":"2025-11-25T11:00:53+00:00","dateModified":"2026-03-07T19:51:28+00:00","description":"L'Improvisation est id\u00e9ale pour d\u00e9couvrir deux savons de la Savonnerie Chapoul ainsi que le baume \u00e0 l\u00e8vres miel & calendula","breadcrumb":{"@id":"https:\/\/www.savonnerie-chapoul.fr\/index.php\/produit\/improvisation\/#breadcrumb"},"inLanguage":"fr-FR","potentialAction":[{"@type":"ReadAction","target":["https:\/\/www.savonnerie-chapoul.fr\/index.php\/produit\/improvisation\/"]}]},{"@type":"ImageObject","inLanguage":"fr-FR","@id":"https:\/\/www.savonnerie-chapoul.fr\/index.php\/produit\/improvisation\/#primaryimage","url":"https:\/\/i0.wp.com\/www.savonnerie-chapoul.fr\/wp-content\/uploads\/2025\/11\/27.png?fit=1000%2C1000&ssl=1","contentUrl":"https:\/\/i0.wp.com\/www.savonnerie-chapoul.fr\/wp-content\/uploads\/2025\/11\/27.png?fit=1000%2C1000&ssl=1","width":1000,"height":1000,"caption":"Savonnerie Chapoul - Improvisation - un savon saponifi\u00e9 \u00e0 froid de 100g, un de 50g, un baume \u00e0 l\u00e8vres et un porte-savon"},{"@type":"BreadcrumbList","@id":"https:\/\/www.savonnerie-chapoul.fr\/index.php\/produit\/improvisation\/#breadcrumb","itemListElement":[{"@type":"ListItem","position":1,"name":"Accueil","item":"https:\/\/www.savonnerie-chapoul.fr\/"},{"@type":"ListItem","position":2,"name":"Boutique","item":"https:\/\/www.savonnerie-chapoul.fr\/index.php\/boutique-savonnerie-chapoul\/"},{"@type":"ListItem","position":3,"name":"Improvisation"}]},{"@type":"WebSite","@id":"https:\/\/www.savonnerie-chapoul.fr\/#website","url":"https:\/\/www.savonnerie-chapoul.fr\/","name":"savonnerie-chapoul","description":"Cosm\u00e9tiques et savons saponifi\u00e9s \u00e0 froid dans la Plaine de Versailles","publisher":{"@id":"https:\/\/www.savonnerie-chapoul.fr\/#organization"},"potentialAction":[{"@type":"SearchAction","target":{"@type":"EntryPoint","urlTemplate":"https:\/\/www.savonnerie-chapoul.fr\/?s={search_term_string}"},"query-input":{"@type":"PropertyValueSpecification","valueRequired":true,"valueName":"search_term_string"}}],"inLanguage":"fr-FR"},{"@type":"Organization","@id":"https:\/\/www.savonnerie-chapoul.fr\/#organization","name":"savonnerie chapoul","url":"https:\/\/www.savonnerie-chapoul.fr\/","logo":{"@type":"ImageObject","inLanguage":"fr-FR","@id":"https:\/\/www.savonnerie-chapoul.fr\/#\/schema\/logo\/image\/","url":"https:\/\/i0.wp.com\/www.savonnerie-chapoul.fr\/wp-content\/uploads\/2026\/03\/logo-savonnerie-Chapoul-fond-transparent.png?fit=858%2C272&ssl=1","contentUrl":"https:\/\/i0.wp.com\/www.savonnerie-chapoul.fr\/wp-content\/uploads\/2026\/03\/logo-savonnerie-Chapoul-fond-transparent.png?fit=858%2C272&ssl=1","width":858,"height":272,"caption":"savonnerie chapoul"},"image":{"@id":"https:\/\/www.savonnerie-chapoul.fr\/#\/schema\/logo\/image\/"},"sameAs":["https:\/\/www.instagram.com\/savonnerie-chapoul"]}]}},"jetpack_sharing_enabled":true,"_links":{"self":[{"href":"https:\/\/www.savonnerie-chapoul.fr\/index.php\/wp-json\/wp\/v2\/product\/915","targetHints":{"allow":["GET"]}}],"collection":[{"href":"https:\/\/www.savonnerie-chapoul.fr\/index.php\/wp-json\/wp\/v2\/product"}],"about":[{"href":"https:\/\/www.savonnerie-chapoul.fr\/index.php\/wp-json\/wp\/v2\/types\/product"}],"replies":[{"embeddable":true,"href":"https:\/\/www.savonnerie-chapoul.fr\/index.php\/wp-json\/wp\/v2\/comments?post=915"}],"wp:featuredmedia":[{"embeddable":true,"href":"https:\/\/www.savonnerie-chapoul.fr\/index.php\/wp-json\/wp\/v2\/media\/1105"}],"wp:attachment":[{"href":"https:\/\/www.savonnerie-chapoul.fr\/index.php\/wp-json\/wp\/v2\/media?parent=915"}],"wp:term":[{"taxonomy":"product_brand","embeddable":true,"href":"https:\/\/www.savonnerie-chapoul.fr\/index.php\/wp-json\/wp\/v2\/product_brand?post=915"},{"taxonomy":"product_cat","embeddable":true,"href":"https:\/\/www.savonnerie-chapoul.fr\/index.php\/wp-json\/wp\/v2\/product_cat?post=915"},{"taxonomy":"product_tag","embeddable":true,"href":"https:\/\/www.savonnerie-chapoul.fr\/index.php\/wp-json\/wp\/v2\/product_tag?post=915"}],"curies":[{"name":"wp","href":"https:\/\/api.w.org\/{rel}","templated":true}]}}