{"id":918,"date":"2025-11-25T11:56:15","date_gmt":"2025-11-25T10:56:15","guid":{"rendered":"https:\/\/www.savonnerie-chapoul.fr\/?post_type=product&#038;p=918"},"modified":"2026-03-08T23:08:36","modified_gmt":"2026-03-08T22:08:36","slug":"harmonie-du-rucher","status":"publish","type":"product","link":"https:\/\/www.savonnerie-chapoul.fr\/index.php\/produit\/harmonie-du-rucher\/","title":{"rendered":"Harmonie du rucher"},"content":{"rendered":"<p>L&rsquo;Harmonie du rucher contient 3 produits dans la composition desquels entrent le miel et\/ou la cire d&rsquo;abeille, et un porte savon.<br \/>\nVous y retrouverez :<br \/>\n&#8211; 1 <a href=\"https:\/\/www.savonnerie-chapoul.fr\/index.php\/produit\/savon-louveciennes\/\">savon Louveciennes<\/a> de 100g (au miel et \u00e0 la cire d&rsquo;abeille)<br \/>\n&#8211; 1 <a href=\"https:\/\/www.savonnerie-chapoul.fr\/index.php\/produit\/baume-a-levres-miel-calendula\/\">baume \u00e0 l\u00e8vres miel &amp; calendula<\/a> (au miel et \u00e0 la cire d&rsquo;abeille)<br \/>\n&#8211; 1 <a href=\"https:\/\/www.savonnerie-chapoul.fr\/index.php\/produit\/liniment-oleo-calcaire\/\">liniment<\/a> de 250ml \u00e0 la cire d&rsquo;abeille<br \/>\nLe porte-savon est \u00e0 choisir entre :<br \/>\n&#8211; le <a href=\"https:\/\/www.savonnerie-chapoul.fr\/index.php\/produit\/porte-savon-savosec\/\">SavOsec<\/a> et<br \/>\n&#8211; le <a href=\"https:\/\/www.savonnerie-chapoul.fr\/index.php\/produit\/porte-savon-aimante-ventouse\/\">porte-savon aimant\u00e9<\/a><\/p>\n<p>L&rsquo;Harmonie du rucher contient uniquement des produits sans parfum ajout\u00e9. Il est donc adapt\u00e9 \u00e0 tous types de peaux, m\u00eame celles des plus jeunes.<\/p>\n<p>Le miel et la cire proviennent d&rsquo;un rucher des Yvelines (78).<\/p>\n","protected":false},"excerpt":{"rendered":"<p>Harmonie du rucher est un hommage aux abeilles. Il contient 3 produits dans la composition desquels entrent le miel et\/ou la cire d&rsquo;abeille, et un porte savon.<br \/>\nVous y retrouverez :<br \/>\n&#8211; 1 <a href=\"https:\/\/www.savonnerie-chapoul.fr\/index.php\/produit\/savon-louveciennes\/\">savon Louveciennes<\/a> de 100g (au miel et \u00e0 la cire d&rsquo;abeille)<br \/>\n&#8211; 1 <a href=\"https:\/\/www.savonnerie-chapoul.fr\/index.php\/produit\/baume-a-levres-miel-calendula\/\">baume \u00e0 l\u00e8vres miel &amp; calendula<\/a> (au miel et \u00e0 la cire d&rsquo;abeille)<br \/>\n&#8211; 1 <a href=\"https:\/\/www.savonnerie-chapoul.fr\/index.php\/produit\/liniment-oleo-calcaire\/\">liniment<\/a> de 250ml \u00e0 la cire d&rsquo;abeille<br \/>\nLe porte-savon est \u00e0 choisir entre :<br \/>\n&#8211; le <a href=\"https:\/\/www.savonnerie-chapoul.fr\/index.php\/produit\/porte-savon-savosec\/\">SavOsec<\/a> et<br \/>\n&#8211; le <a href=\"https:\/\/www.savonnerie-chapoul.fr\/index.php\/produit\/porte-savon-aimante-ventouse\/\">porte-savon aimant\u00e9<\/a><\/p>\n","protected":false},"featured_media":1117,"comment_status":"closed","ping_status":"closed","template":"","meta":[],"product_brand":[],"product_cat":[57,17],"product_tag":[],"class_list":{"0":"post-918","1":"product","2":"type-product","3":"status-publish","4":"has-post-thumbnail","6":"product_cat-idees-cadeaux","7":"product_cat-savons","9":"first","10":"instock","11":"shipping-taxable","12":"purchasable","13":"product-type-variable","14":"has-default-attributes"},"yoast_head":"<!-- This site is optimized with the Yoast SEO plugin v27.1.1 - https:\/\/yoast.com\/product\/yoast-seo-wordpress\/ -->\n<title>Harmonie du rucher - Savonnerie Chapoul<\/title>\n<meta name=\"description\" content=\"Le pack Harmonie du Rucher vous permet de d\u00e9couvrir les cosm\u00e9tiques de la Savonnerie Chapoul contenant des produits de la ruche (miel et cire d&#039;abeille)\" \/>\n<meta name=\"robots\" content=\"index, follow, max-snippet:-1, max-image-preview:large, max-video-preview:-1\" \/>\n<link rel=\"canonical\" href=\"https:\/\/www.savonnerie-chapoul.fr\/index.php\/produit\/harmonie-du-rucher\/\" \/>\n<meta property=\"og:locale\" content=\"fr_FR\" \/>\n<meta property=\"og:type\" content=\"article\" \/>\n<meta property=\"og:title\" content=\"Harmonie du rucher - Savonnerie Chapoul\" \/>\n<meta property=\"og:description\" content=\"Le pack Harmonie du Rucher vous permet de d\u00e9couvrir les cosm\u00e9tiques de la Savonnerie Chapoul contenant des produits de la ruche (miel et cire d&#039;abeille)\" \/>\n<meta property=\"og:url\" content=\"https:\/\/www.savonnerie-chapoul.fr\/index.php\/produit\/harmonie-du-rucher\/\" \/>\n<meta property=\"og:site_name\" content=\"Savonnerie Chapoul\" \/>\n<meta property=\"article:modified_time\" content=\"2026-03-08T22:08:36+00:00\" \/>\n<meta property=\"og:image\" content=\"https:\/\/www.savonnerie-chapoul.fr\/wp-content\/uploads\/2025\/11\/Packshot-eBoutique-1000x1000-5.png\" \/>\n\t<meta property=\"og:image:width\" content=\"1000\" \/>\n\t<meta property=\"og:image:height\" content=\"1000\" \/>\n\t<meta property=\"og:image:type\" content=\"image\/png\" \/>\n<meta name=\"twitter:card\" content=\"summary_large_image\" \/>\n<meta name=\"twitter:label1\" content=\"Dur\u00e9e de lecture estim\u00e9e\" \/>\n\t<meta name=\"twitter:data1\" content=\"1 minute\" \/>\n<script type=\"application\/ld+json\" class=\"yoast-schema-graph\">{\"@context\":\"https:\/\/schema.org\",\"@graph\":[{\"@type\":\"WebPage\",\"@id\":\"https:\/\/www.savonnerie-chapoul.fr\/index.php\/produit\/harmonie-du-rucher\/\",\"url\":\"https:\/\/www.savonnerie-chapoul.fr\/index.php\/produit\/harmonie-du-rucher\/\",\"name\":\"Harmonie du rucher - Savonnerie Chapoul\",\"isPartOf\":{\"@id\":\"https:\/\/www.savonnerie-chapoul.fr\/#website\"},\"primaryImageOfPage\":{\"@id\":\"https:\/\/www.savonnerie-chapoul.fr\/index.php\/produit\/harmonie-du-rucher\/#primaryimage\"},\"image\":{\"@id\":\"https:\/\/www.savonnerie-chapoul.fr\/index.php\/produit\/harmonie-du-rucher\/#primaryimage\"},\"thumbnailUrl\":\"https:\/\/i0.wp.com\/www.savonnerie-chapoul.fr\/wp-content\/uploads\/2025\/11\/Packshot-eBoutique-1000x1000-5.png?fit=1000%2C1000&ssl=1\",\"datePublished\":\"2025-11-25T10:56:15+00:00\",\"dateModified\":\"2026-03-08T22:08:36+00:00\",\"description\":\"Le pack Harmonie du Rucher vous permet de d\u00e9couvrir les cosm\u00e9tiques de la Savonnerie Chapoul contenant des produits de la ruche (miel et cire d'abeille)\",\"breadcrumb\":{\"@id\":\"https:\/\/www.savonnerie-chapoul.fr\/index.php\/produit\/harmonie-du-rucher\/#breadcrumb\"},\"inLanguage\":\"fr-FR\",\"potentialAction\":[{\"@type\":\"ReadAction\",\"target\":[\"https:\/\/www.savonnerie-chapoul.fr\/index.php\/produit\/harmonie-du-rucher\/\"]}]},{\"@type\":\"ImageObject\",\"inLanguage\":\"fr-FR\",\"@id\":\"https:\/\/www.savonnerie-chapoul.fr\/index.php\/produit\/harmonie-du-rucher\/#primaryimage\",\"url\":\"https:\/\/i0.wp.com\/www.savonnerie-chapoul.fr\/wp-content\/uploads\/2025\/11\/Packshot-eBoutique-1000x1000-5.png?fit=1000%2C1000&ssl=1\",\"contentUrl\":\"https:\/\/i0.wp.com\/www.savonnerie-chapoul.fr\/wp-content\/uploads\/2025\/11\/Packshot-eBoutique-1000x1000-5.png?fit=1000%2C1000&ssl=1\",\"width\":1000,\"height\":1000,\"caption\":\"Savonnerie Chapoul - Harmonie du rucher - liniment, savon miel et cire et baume \u00e0 l\u00e8vres\"},{\"@type\":\"BreadcrumbList\",\"@id\":\"https:\/\/www.savonnerie-chapoul.fr\/index.php\/produit\/harmonie-du-rucher\/#breadcrumb\",\"itemListElement\":[{\"@type\":\"ListItem\",\"position\":1,\"name\":\"Accueil\",\"item\":\"https:\/\/www.savonnerie-chapoul.fr\/\"},{\"@type\":\"ListItem\",\"position\":2,\"name\":\"Boutique\",\"item\":\"https:\/\/www.savonnerie-chapoul.fr\/index.php\/boutique-savonnerie-chapoul\/\"},{\"@type\":\"ListItem\",\"position\":3,\"name\":\"Harmonie du rucher\"}]},{\"@type\":\"WebSite\",\"@id\":\"https:\/\/www.savonnerie-chapoul.fr\/#website\",\"url\":\"https:\/\/www.savonnerie-chapoul.fr\/\",\"name\":\"savonnerie-chapoul\",\"description\":\"Cosm\u00e9tiques et savons saponifi\u00e9s \u00e0 froid dans la Plaine de Versailles\",\"publisher\":{\"@id\":\"https:\/\/www.savonnerie-chapoul.fr\/#organization\"},\"potentialAction\":[{\"@type\":\"SearchAction\",\"target\":{\"@type\":\"EntryPoint\",\"urlTemplate\":\"https:\/\/www.savonnerie-chapoul.fr\/?s={search_term_string}\"},\"query-input\":{\"@type\":\"PropertyValueSpecification\",\"valueRequired\":true,\"valueName\":\"search_term_string\"}}],\"inLanguage\":\"fr-FR\"},{\"@type\":\"Organization\",\"@id\":\"https:\/\/www.savonnerie-chapoul.fr\/#organization\",\"name\":\"savonnerie chapoul\",\"url\":\"https:\/\/www.savonnerie-chapoul.fr\/\",\"logo\":{\"@type\":\"ImageObject\",\"inLanguage\":\"fr-FR\",\"@id\":\"https:\/\/www.savonnerie-chapoul.fr\/#\/schema\/logo\/image\/\",\"url\":\"https:\/\/i0.wp.com\/www.savonnerie-chapoul.fr\/wp-content\/uploads\/2026\/03\/logo-savonnerie-Chapoul-fond-transparent.png?fit=858%2C272&ssl=1\",\"contentUrl\":\"https:\/\/i0.wp.com\/www.savonnerie-chapoul.fr\/wp-content\/uploads\/2026\/03\/logo-savonnerie-Chapoul-fond-transparent.png?fit=858%2C272&ssl=1\",\"width\":858,\"height\":272,\"caption\":\"savonnerie chapoul\"},\"image\":{\"@id\":\"https:\/\/www.savonnerie-chapoul.fr\/#\/schema\/logo\/image\/\"},\"sameAs\":[\"https:\/\/www.instagram.com\/savonnerie-chapoul\"]}]}<\/script>\n<!-- \/ Yoast SEO plugin. -->","yoast_head_json":{"title":"Harmonie du rucher - Savonnerie Chapoul","description":"Le pack Harmonie du Rucher vous permet de d\u00e9couvrir les cosm\u00e9tiques de la Savonnerie Chapoul contenant des produits de la ruche (miel et cire d'abeille)","robots":{"index":"index","follow":"follow","max-snippet":"max-snippet:-1","max-image-preview":"max-image-preview:large","max-video-preview":"max-video-preview:-1"},"canonical":"https:\/\/www.savonnerie-chapoul.fr\/index.php\/produit\/harmonie-du-rucher\/","og_locale":"fr_FR","og_type":"article","og_title":"Harmonie du rucher - Savonnerie Chapoul","og_description":"Le pack Harmonie du Rucher vous permet de d\u00e9couvrir les cosm\u00e9tiques de la Savonnerie Chapoul contenant des produits de la ruche (miel et cire d'abeille)","og_url":"https:\/\/www.savonnerie-chapoul.fr\/index.php\/produit\/harmonie-du-rucher\/","og_site_name":"Savonnerie Chapoul","article_modified_time":"2026-03-08T22:08:36+00:00","og_image":[{"width":1000,"height":1000,"url":"https:\/\/www.savonnerie-chapoul.fr\/wp-content\/uploads\/2025\/11\/Packshot-eBoutique-1000x1000-5.png","type":"image\/png"}],"twitter_card":"summary_large_image","twitter_misc":{"Dur\u00e9e de lecture estim\u00e9e":"1 minute"},"schema":{"@context":"https:\/\/schema.org","@graph":[{"@type":"WebPage","@id":"https:\/\/www.savonnerie-chapoul.fr\/index.php\/produit\/harmonie-du-rucher\/","url":"https:\/\/www.savonnerie-chapoul.fr\/index.php\/produit\/harmonie-du-rucher\/","name":"Harmonie du rucher - Savonnerie Chapoul","isPartOf":{"@id":"https:\/\/www.savonnerie-chapoul.fr\/#website"},"primaryImageOfPage":{"@id":"https:\/\/www.savonnerie-chapoul.fr\/index.php\/produit\/harmonie-du-rucher\/#primaryimage"},"image":{"@id":"https:\/\/www.savonnerie-chapoul.fr\/index.php\/produit\/harmonie-du-rucher\/#primaryimage"},"thumbnailUrl":"https:\/\/i0.wp.com\/www.savonnerie-chapoul.fr\/wp-content\/uploads\/2025\/11\/Packshot-eBoutique-1000x1000-5.png?fit=1000%2C1000&ssl=1","datePublished":"2025-11-25T10:56:15+00:00","dateModified":"2026-03-08T22:08:36+00:00","description":"Le pack Harmonie du Rucher vous permet de d\u00e9couvrir les cosm\u00e9tiques de la Savonnerie Chapoul contenant des produits de la ruche (miel et cire d'abeille)","breadcrumb":{"@id":"https:\/\/www.savonnerie-chapoul.fr\/index.php\/produit\/harmonie-du-rucher\/#breadcrumb"},"inLanguage":"fr-FR","potentialAction":[{"@type":"ReadAction","target":["https:\/\/www.savonnerie-chapoul.fr\/index.php\/produit\/harmonie-du-rucher\/"]}]},{"@type":"ImageObject","inLanguage":"fr-FR","@id":"https:\/\/www.savonnerie-chapoul.fr\/index.php\/produit\/harmonie-du-rucher\/#primaryimage","url":"https:\/\/i0.wp.com\/www.savonnerie-chapoul.fr\/wp-content\/uploads\/2025\/11\/Packshot-eBoutique-1000x1000-5.png?fit=1000%2C1000&ssl=1","contentUrl":"https:\/\/i0.wp.com\/www.savonnerie-chapoul.fr\/wp-content\/uploads\/2025\/11\/Packshot-eBoutique-1000x1000-5.png?fit=1000%2C1000&ssl=1","width":1000,"height":1000,"caption":"Savonnerie Chapoul - Harmonie du rucher - liniment, savon miel et cire et baume \u00e0 l\u00e8vres"},{"@type":"BreadcrumbList","@id":"https:\/\/www.savonnerie-chapoul.fr\/index.php\/produit\/harmonie-du-rucher\/#breadcrumb","itemListElement":[{"@type":"ListItem","position":1,"name":"Accueil","item":"https:\/\/www.savonnerie-chapoul.fr\/"},{"@type":"ListItem","position":2,"name":"Boutique","item":"https:\/\/www.savonnerie-chapoul.fr\/index.php\/boutique-savonnerie-chapoul\/"},{"@type":"ListItem","position":3,"name":"Harmonie du rucher"}]},{"@type":"WebSite","@id":"https:\/\/www.savonnerie-chapoul.fr\/#website","url":"https:\/\/www.savonnerie-chapoul.fr\/","name":"savonnerie-chapoul","description":"Cosm\u00e9tiques et savons saponifi\u00e9s \u00e0 froid dans la Plaine de Versailles","publisher":{"@id":"https:\/\/www.savonnerie-chapoul.fr\/#organization"},"potentialAction":[{"@type":"SearchAction","target":{"@type":"EntryPoint","urlTemplate":"https:\/\/www.savonnerie-chapoul.fr\/?s={search_term_string}"},"query-input":{"@type":"PropertyValueSpecification","valueRequired":true,"valueName":"search_term_string"}}],"inLanguage":"fr-FR"},{"@type":"Organization","@id":"https:\/\/www.savonnerie-chapoul.fr\/#organization","name":"savonnerie chapoul","url":"https:\/\/www.savonnerie-chapoul.fr\/","logo":{"@type":"ImageObject","inLanguage":"fr-FR","@id":"https:\/\/www.savonnerie-chapoul.fr\/#\/schema\/logo\/image\/","url":"https:\/\/i0.wp.com\/www.savonnerie-chapoul.fr\/wp-content\/uploads\/2026\/03\/logo-savonnerie-Chapoul-fond-transparent.png?fit=858%2C272&ssl=1","contentUrl":"https:\/\/i0.wp.com\/www.savonnerie-chapoul.fr\/wp-content\/uploads\/2026\/03\/logo-savonnerie-Chapoul-fond-transparent.png?fit=858%2C272&ssl=1","width":858,"height":272,"caption":"savonnerie chapoul"},"image":{"@id":"https:\/\/www.savonnerie-chapoul.fr\/#\/schema\/logo\/image\/"},"sameAs":["https:\/\/www.instagram.com\/savonnerie-chapoul"]}]}},"jetpack_sharing_enabled":true,"_links":{"self":[{"href":"https:\/\/www.savonnerie-chapoul.fr\/index.php\/wp-json\/wp\/v2\/product\/918","targetHints":{"allow":["GET"]}}],"collection":[{"href":"https:\/\/www.savonnerie-chapoul.fr\/index.php\/wp-json\/wp\/v2\/product"}],"about":[{"href":"https:\/\/www.savonnerie-chapoul.fr\/index.php\/wp-json\/wp\/v2\/types\/product"}],"replies":[{"embeddable":true,"href":"https:\/\/www.savonnerie-chapoul.fr\/index.php\/wp-json\/wp\/v2\/comments?post=918"}],"wp:featuredmedia":[{"embeddable":true,"href":"https:\/\/www.savonnerie-chapoul.fr\/index.php\/wp-json\/wp\/v2\/media\/1117"}],"wp:attachment":[{"href":"https:\/\/www.savonnerie-chapoul.fr\/index.php\/wp-json\/wp\/v2\/media?parent=918"}],"wp:term":[{"taxonomy":"product_brand","embeddable":true,"href":"https:\/\/www.savonnerie-chapoul.fr\/index.php\/wp-json\/wp\/v2\/product_brand?post=918"},{"taxonomy":"product_cat","embeddable":true,"href":"https:\/\/www.savonnerie-chapoul.fr\/index.php\/wp-json\/wp\/v2\/product_cat?post=918"},{"taxonomy":"product_tag","embeddable":true,"href":"https:\/\/www.savonnerie-chapoul.fr\/index.php\/wp-json\/wp\/v2\/product_tag?post=918"}],"curies":[{"name":"wp","href":"https:\/\/api.w.org\/{rel}","templated":true}]}}