{"id":921,"date":"2025-11-25T12:01:11","date_gmt":"2025-11-25T11:01:11","guid":{"rendered":"https:\/\/www.savonnerie-chapoul.fr\/?post_type=product&#038;p=921"},"modified":"2026-03-07T20:18:52","modified_gmt":"2026-03-07T19:18:52","slug":"la-symphonie-olfactive","status":"publish","type":"product","link":"https:\/\/www.savonnerie-chapoul.fr\/index.php\/produit\/la-symphonie-olfactive\/","title":{"rendered":"La symphonie olfactive"},"content":{"rendered":"<p>Offrez ou offrez-vous la Symphonie Olfactive de la Savonnerie Chapoul.<br \/>\nCette s\u00e9lection permet de tester 3 savons au format 100g, 3 savons au format 50g, le baume \u00e0 l\u00e8vres, et un porte-savon.<\/p>\n<p>Vous pouvez s\u00e9lectionner les savons que vous souhaitez parmi la liste ci-dessous, ou me laisser les choisir selon l&rsquo;inspiration du moment (dans ce cas, s\u00e9lectionnez \u00ab\u00a0le choix de la savonni\u00e8re\u00a0\u00bb) :<br \/>\n&#8211; un savon <a href=\"https:\/\/www.savonnerie-chapoul.fr\/index.php\/produit\/louveciennes\/\">Louveciennes<\/a> de 50g ou 100g<br \/>\n&#8211; un savon <a href=\"https:\/\/www.savonnerie-chapoul.fr\/index.php\/produit\/alphonsine\/\">Alphonsine<\/a> de 50g ou 100g<br \/>\n&#8211; un savon <a href=\"https:\/\/www.savonnerie-chapoul.fr\/index.php\/produit\/douceur-dete\/\">Douceur d&rsquo;\u00e9t\u00e9<\/a> de 50g ou 100g<br \/>\n&#8211; un savon <a href=\"https:\/\/www.savonnerie-chapoul.fr\/index.php\/produit\/la-garrigue\/\">La Garrigue<\/a> de 50g ou 100g<br \/>\n&#8211; un savon <a href=\"https:\/\/www.savonnerie-chapoul.fr\/index.php\/produit\/ptite-mousse\/\">P&rsquo;tite Mousse<\/a> de 100g<br \/>\n&#8211; un savon <a href=\"https:\/\/www.savonnerie-chapoul.fr\/index.php\/produit\/vitamine\/\">Vitamin\u00e9<\/a> de 50g ou 100g<\/p>\n<p>Pour le porte-savon, vous avez le choix entre deux mod\u00e8les :<br \/>\n&#8211; le <a href=\"https:\/\/www.savonnerie-chapoul.fr\/index.php\/produit\/porte-savon-savosec\/\">SavOsec<\/a> et<br \/>\n&#8211; le <a href=\"https:\/\/www.savonnerie-chapoul.fr\/index.php\/produit\/porte-savon-aimante-ventouse\/\">porte-savon aimant\u00e9<\/a><\/p>\n<p>Et le <a href=\"https:\/\/www.savonnerie-chapoul.fr\/index.php\/produit\/baume-a-levres-miel-calendula\/\">baume \u00e0 l\u00e8vres miel &amp; calendula<\/a> vient compl\u00e9ter cette s\u00e9lection gourmande.<\/p>\n","protected":false},"excerpt":{"rendered":"<p>Offrez ou offrez-vous la Symphonie Olfactive de la Savonnerie Chapoul.<br \/>\nCette s\u00e9lection permet de tester 3 savons au format 100g, 3 savons au format 50g, le baume \u00e0 l\u00e8vres, et un porte-savon.<\/p>\n<p>Vous pouvez s\u00e9lectionner les savons que vous souhaitez parmi la liste ci-dessous, ou me laisser les choisir selon l&rsquo;inspiration du moment (dans ce cas, choisissez \u00ab\u00a0le choix de la savonni\u00e8re\u00a0\u00bb dans les menus d\u00e9roulants) : un savon <a href=\"https:\/\/www.savonnerie-chapoul.fr\/index.php\/produit\/louveciennes\/\">Louveciennes<\/a>, un savon <a href=\"https:\/\/www.savonnerie-chapoul.fr\/index.php\/produit\/alphonsine\/\">Alphonsine<\/a>, un savon <a href=\"https:\/\/www.savonnerie-chapoul.fr\/index.php\/produit\/douceur-dete\/\">Douceur d&rsquo;\u00e9t\u00e9<\/a>, un savon <a href=\"https:\/\/www.savonnerie-chapoul.fr\/index.php\/produit\/la-garrigue\/\">La Garrigue<\/a>, un savon <a href=\"https:\/\/www.savonnerie-chapoul.fr\/index.php\/produit\/ptite-mousse\/\">P&rsquo;tite Mousse<\/a>, un savon <a href=\"https:\/\/www.savonnerie-chapoul.fr\/index.php\/produit\/vitamine\/\">Vitamin\u00e9<\/a>.<\/p>\n<p>Un porte-savon vient compl\u00e9ter la Symphonie olfactive afin de vous offrir la meilleure exp\u00e9rience possible avec vos savons saponifi\u00e9s \u00e0 froid. Il vous suffit de choisir entre : le <a href=\"https:\/\/www.savonnerie-chapoul.fr\/index.php\/produit\/porte-savon-savosec\/\">SavOsec<\/a> et le <a href=\"https:\/\/www.savonnerie-chapoul.fr\/index.php\/produit\/porte-savon-aimante-ventouse\/\">porte-savon aimant\u00e9<\/a><\/p>\n<p>Et le <a href=\"https:\/\/www.savonnerie-chapoul.fr\/index.php\/produit\/baume-a-levres-miel-calendula\/\">baume \u00e0 l\u00e8vres miel &amp; calendula<\/a> vient parfaire cette s\u00e9lection gourmande.<\/p>\n","protected":false},"featured_media":1094,"comment_status":"closed","ping_status":"closed","template":"","meta":[],"product_brand":[],"product_cat":[57,17],"product_tag":[],"class_list":{"0":"post-921","1":"product","2":"type-product","3":"status-publish","4":"has-post-thumbnail","6":"product_cat-idees-cadeaux","7":"product_cat-savons","9":"first","10":"instock","11":"shipping-taxable","12":"purchasable","13":"product-type-variable","14":"has-default-attributes"},"yoast_head":"<!-- This site is optimized with the Yoast SEO plugin v27.1.1 - https:\/\/yoast.com\/product\/yoast-seo-wordpress\/ -->\n<title>La symphonie olfactive - Savonnerie Chapoul<\/title>\n<meta name=\"description\" content=\"La Symphonie Olfactive de la Savonnerie Chapoul permet de tester les 6 recettes de savon, le baume \u00e0 l\u00e8vres miel &amp; calendula et un porte-savon\" \/>\n<meta name=\"robots\" content=\"index, follow, max-snippet:-1, max-image-preview:large, max-video-preview:-1\" \/>\n<link rel=\"canonical\" href=\"https:\/\/www.savonnerie-chapoul.fr\/index.php\/produit\/la-symphonie-olfactive\/\" \/>\n<meta property=\"og:locale\" content=\"fr_FR\" \/>\n<meta property=\"og:type\" content=\"article\" \/>\n<meta property=\"og:title\" content=\"La symphonie olfactive - Savonnerie Chapoul\" \/>\n<meta property=\"og:description\" content=\"La Symphonie Olfactive de la Savonnerie Chapoul permet de tester les 6 recettes de savon, le baume \u00e0 l\u00e8vres miel &amp; calendula et un porte-savon\" \/>\n<meta property=\"og:url\" content=\"https:\/\/www.savonnerie-chapoul.fr\/index.php\/produit\/la-symphonie-olfactive\/\" \/>\n<meta property=\"og:site_name\" content=\"Savonnerie Chapoul\" \/>\n<meta property=\"article:modified_time\" content=\"2026-03-07T19:18:52+00:00\" \/>\n<meta property=\"og:image\" content=\"https:\/\/www.savonnerie-chapoul.fr\/wp-content\/uploads\/2025\/11\/24.png\" \/>\n\t<meta property=\"og:image:width\" content=\"1000\" \/>\n\t<meta property=\"og:image:height\" content=\"1000\" \/>\n\t<meta property=\"og:image:type\" content=\"image\/png\" \/>\n<meta name=\"twitter:card\" content=\"summary_large_image\" \/>\n<meta name=\"twitter:label1\" content=\"Dur\u00e9e de lecture estim\u00e9e\" \/>\n\t<meta name=\"twitter:data1\" content=\"1 minute\" \/>\n<script type=\"application\/ld+json\" class=\"yoast-schema-graph\">{\"@context\":\"https:\/\/schema.org\",\"@graph\":[{\"@type\":\"WebPage\",\"@id\":\"https:\/\/www.savonnerie-chapoul.fr\/index.php\/produit\/la-symphonie-olfactive\/\",\"url\":\"https:\/\/www.savonnerie-chapoul.fr\/index.php\/produit\/la-symphonie-olfactive\/\",\"name\":\"La symphonie olfactive - Savonnerie Chapoul\",\"isPartOf\":{\"@id\":\"https:\/\/www.savonnerie-chapoul.fr\/#website\"},\"primaryImageOfPage\":{\"@id\":\"https:\/\/www.savonnerie-chapoul.fr\/index.php\/produit\/la-symphonie-olfactive\/#primaryimage\"},\"image\":{\"@id\":\"https:\/\/www.savonnerie-chapoul.fr\/index.php\/produit\/la-symphonie-olfactive\/#primaryimage\"},\"thumbnailUrl\":\"https:\/\/i0.wp.com\/www.savonnerie-chapoul.fr\/wp-content\/uploads\/2025\/11\/24.png?fit=1000%2C1000&ssl=1\",\"datePublished\":\"2025-11-25T11:01:11+00:00\",\"dateModified\":\"2026-03-07T19:18:52+00:00\",\"description\":\"La Symphonie Olfactive de la Savonnerie Chapoul permet de tester les 6 recettes de savon, le baume \u00e0 l\u00e8vres miel & calendula et un porte-savon\",\"breadcrumb\":{\"@id\":\"https:\/\/www.savonnerie-chapoul.fr\/index.php\/produit\/la-symphonie-olfactive\/#breadcrumb\"},\"inLanguage\":\"fr-FR\",\"potentialAction\":[{\"@type\":\"ReadAction\",\"target\":[\"https:\/\/www.savonnerie-chapoul.fr\/index.php\/produit\/la-symphonie-olfactive\/\"]}]},{\"@type\":\"ImageObject\",\"inLanguage\":\"fr-FR\",\"@id\":\"https:\/\/www.savonnerie-chapoul.fr\/index.php\/produit\/la-symphonie-olfactive\/#primaryimage\",\"url\":\"https:\/\/i0.wp.com\/www.savonnerie-chapoul.fr\/wp-content\/uploads\/2025\/11\/24.png?fit=1000%2C1000&ssl=1\",\"contentUrl\":\"https:\/\/i0.wp.com\/www.savonnerie-chapoul.fr\/wp-content\/uploads\/2025\/11\/24.png?fit=1000%2C1000&ssl=1\",\"width\":1000,\"height\":1000,\"caption\":\"Savonnerie Chapoul - Symphonie olfactive - 6 savons, 1 baume \u00e0 l\u00e8vres, 1 porte-savon ventouse\"},{\"@type\":\"BreadcrumbList\",\"@id\":\"https:\/\/www.savonnerie-chapoul.fr\/index.php\/produit\/la-symphonie-olfactive\/#breadcrumb\",\"itemListElement\":[{\"@type\":\"ListItem\",\"position\":1,\"name\":\"Accueil\",\"item\":\"https:\/\/www.savonnerie-chapoul.fr\/\"},{\"@type\":\"ListItem\",\"position\":2,\"name\":\"Boutique\",\"item\":\"https:\/\/www.savonnerie-chapoul.fr\/index.php\/boutique-savonnerie-chapoul\/\"},{\"@type\":\"ListItem\",\"position\":3,\"name\":\"La symphonie olfactive\"}]},{\"@type\":\"WebSite\",\"@id\":\"https:\/\/www.savonnerie-chapoul.fr\/#website\",\"url\":\"https:\/\/www.savonnerie-chapoul.fr\/\",\"name\":\"savonnerie-chapoul\",\"description\":\"Cosm\u00e9tiques et savons saponifi\u00e9s \u00e0 froid dans la Plaine de Versailles\",\"publisher\":{\"@id\":\"https:\/\/www.savonnerie-chapoul.fr\/#organization\"},\"potentialAction\":[{\"@type\":\"SearchAction\",\"target\":{\"@type\":\"EntryPoint\",\"urlTemplate\":\"https:\/\/www.savonnerie-chapoul.fr\/?s={search_term_string}\"},\"query-input\":{\"@type\":\"PropertyValueSpecification\",\"valueRequired\":true,\"valueName\":\"search_term_string\"}}],\"inLanguage\":\"fr-FR\"},{\"@type\":\"Organization\",\"@id\":\"https:\/\/www.savonnerie-chapoul.fr\/#organization\",\"name\":\"savonnerie chapoul\",\"url\":\"https:\/\/www.savonnerie-chapoul.fr\/\",\"logo\":{\"@type\":\"ImageObject\",\"inLanguage\":\"fr-FR\",\"@id\":\"https:\/\/www.savonnerie-chapoul.fr\/#\/schema\/logo\/image\/\",\"url\":\"https:\/\/i0.wp.com\/www.savonnerie-chapoul.fr\/wp-content\/uploads\/2026\/03\/logo-savonnerie-Chapoul-fond-transparent.png?fit=858%2C272&ssl=1\",\"contentUrl\":\"https:\/\/i0.wp.com\/www.savonnerie-chapoul.fr\/wp-content\/uploads\/2026\/03\/logo-savonnerie-Chapoul-fond-transparent.png?fit=858%2C272&ssl=1\",\"width\":858,\"height\":272,\"caption\":\"savonnerie chapoul\"},\"image\":{\"@id\":\"https:\/\/www.savonnerie-chapoul.fr\/#\/schema\/logo\/image\/\"},\"sameAs\":[\"https:\/\/www.instagram.com\/savonnerie-chapoul\"]}]}<\/script>\n<!-- \/ Yoast SEO plugin. -->","yoast_head_json":{"title":"La symphonie olfactive - Savonnerie Chapoul","description":"La Symphonie Olfactive de la Savonnerie Chapoul permet de tester les 6 recettes de savon, le baume \u00e0 l\u00e8vres miel & calendula et un porte-savon","robots":{"index":"index","follow":"follow","max-snippet":"max-snippet:-1","max-image-preview":"max-image-preview:large","max-video-preview":"max-video-preview:-1"},"canonical":"https:\/\/www.savonnerie-chapoul.fr\/index.php\/produit\/la-symphonie-olfactive\/","og_locale":"fr_FR","og_type":"article","og_title":"La symphonie olfactive - Savonnerie Chapoul","og_description":"La Symphonie Olfactive de la Savonnerie Chapoul permet de tester les 6 recettes de savon, le baume \u00e0 l\u00e8vres miel & calendula et un porte-savon","og_url":"https:\/\/www.savonnerie-chapoul.fr\/index.php\/produit\/la-symphonie-olfactive\/","og_site_name":"Savonnerie Chapoul","article_modified_time":"2026-03-07T19:18:52+00:00","og_image":[{"width":1000,"height":1000,"url":"https:\/\/www.savonnerie-chapoul.fr\/wp-content\/uploads\/2025\/11\/24.png","type":"image\/png"}],"twitter_card":"summary_large_image","twitter_misc":{"Dur\u00e9e de lecture estim\u00e9e":"1 minute"},"schema":{"@context":"https:\/\/schema.org","@graph":[{"@type":"WebPage","@id":"https:\/\/www.savonnerie-chapoul.fr\/index.php\/produit\/la-symphonie-olfactive\/","url":"https:\/\/www.savonnerie-chapoul.fr\/index.php\/produit\/la-symphonie-olfactive\/","name":"La symphonie olfactive - Savonnerie Chapoul","isPartOf":{"@id":"https:\/\/www.savonnerie-chapoul.fr\/#website"},"primaryImageOfPage":{"@id":"https:\/\/www.savonnerie-chapoul.fr\/index.php\/produit\/la-symphonie-olfactive\/#primaryimage"},"image":{"@id":"https:\/\/www.savonnerie-chapoul.fr\/index.php\/produit\/la-symphonie-olfactive\/#primaryimage"},"thumbnailUrl":"https:\/\/i0.wp.com\/www.savonnerie-chapoul.fr\/wp-content\/uploads\/2025\/11\/24.png?fit=1000%2C1000&ssl=1","datePublished":"2025-11-25T11:01:11+00:00","dateModified":"2026-03-07T19:18:52+00:00","description":"La Symphonie Olfactive de la Savonnerie Chapoul permet de tester les 6 recettes de savon, le baume \u00e0 l\u00e8vres miel & calendula et un porte-savon","breadcrumb":{"@id":"https:\/\/www.savonnerie-chapoul.fr\/index.php\/produit\/la-symphonie-olfactive\/#breadcrumb"},"inLanguage":"fr-FR","potentialAction":[{"@type":"ReadAction","target":["https:\/\/www.savonnerie-chapoul.fr\/index.php\/produit\/la-symphonie-olfactive\/"]}]},{"@type":"ImageObject","inLanguage":"fr-FR","@id":"https:\/\/www.savonnerie-chapoul.fr\/index.php\/produit\/la-symphonie-olfactive\/#primaryimage","url":"https:\/\/i0.wp.com\/www.savonnerie-chapoul.fr\/wp-content\/uploads\/2025\/11\/24.png?fit=1000%2C1000&ssl=1","contentUrl":"https:\/\/i0.wp.com\/www.savonnerie-chapoul.fr\/wp-content\/uploads\/2025\/11\/24.png?fit=1000%2C1000&ssl=1","width":1000,"height":1000,"caption":"Savonnerie Chapoul - Symphonie olfactive - 6 savons, 1 baume \u00e0 l\u00e8vres, 1 porte-savon ventouse"},{"@type":"BreadcrumbList","@id":"https:\/\/www.savonnerie-chapoul.fr\/index.php\/produit\/la-symphonie-olfactive\/#breadcrumb","itemListElement":[{"@type":"ListItem","position":1,"name":"Accueil","item":"https:\/\/www.savonnerie-chapoul.fr\/"},{"@type":"ListItem","position":2,"name":"Boutique","item":"https:\/\/www.savonnerie-chapoul.fr\/index.php\/boutique-savonnerie-chapoul\/"},{"@type":"ListItem","position":3,"name":"La symphonie olfactive"}]},{"@type":"WebSite","@id":"https:\/\/www.savonnerie-chapoul.fr\/#website","url":"https:\/\/www.savonnerie-chapoul.fr\/","name":"savonnerie-chapoul","description":"Cosm\u00e9tiques et savons saponifi\u00e9s \u00e0 froid dans la Plaine de Versailles","publisher":{"@id":"https:\/\/www.savonnerie-chapoul.fr\/#organization"},"potentialAction":[{"@type":"SearchAction","target":{"@type":"EntryPoint","urlTemplate":"https:\/\/www.savonnerie-chapoul.fr\/?s={search_term_string}"},"query-input":{"@type":"PropertyValueSpecification","valueRequired":true,"valueName":"search_term_string"}}],"inLanguage":"fr-FR"},{"@type":"Organization","@id":"https:\/\/www.savonnerie-chapoul.fr\/#organization","name":"savonnerie chapoul","url":"https:\/\/www.savonnerie-chapoul.fr\/","logo":{"@type":"ImageObject","inLanguage":"fr-FR","@id":"https:\/\/www.savonnerie-chapoul.fr\/#\/schema\/logo\/image\/","url":"https:\/\/i0.wp.com\/www.savonnerie-chapoul.fr\/wp-content\/uploads\/2026\/03\/logo-savonnerie-Chapoul-fond-transparent.png?fit=858%2C272&ssl=1","contentUrl":"https:\/\/i0.wp.com\/www.savonnerie-chapoul.fr\/wp-content\/uploads\/2026\/03\/logo-savonnerie-Chapoul-fond-transparent.png?fit=858%2C272&ssl=1","width":858,"height":272,"caption":"savonnerie chapoul"},"image":{"@id":"https:\/\/www.savonnerie-chapoul.fr\/#\/schema\/logo\/image\/"},"sameAs":["https:\/\/www.instagram.com\/savonnerie-chapoul"]}]}},"jetpack_sharing_enabled":true,"_links":{"self":[{"href":"https:\/\/www.savonnerie-chapoul.fr\/index.php\/wp-json\/wp\/v2\/product\/921","targetHints":{"allow":["GET"]}}],"collection":[{"href":"https:\/\/www.savonnerie-chapoul.fr\/index.php\/wp-json\/wp\/v2\/product"}],"about":[{"href":"https:\/\/www.savonnerie-chapoul.fr\/index.php\/wp-json\/wp\/v2\/types\/product"}],"replies":[{"embeddable":true,"href":"https:\/\/www.savonnerie-chapoul.fr\/index.php\/wp-json\/wp\/v2\/comments?post=921"}],"wp:featuredmedia":[{"embeddable":true,"href":"https:\/\/www.savonnerie-chapoul.fr\/index.php\/wp-json\/wp\/v2\/media\/1094"}],"wp:attachment":[{"href":"https:\/\/www.savonnerie-chapoul.fr\/index.php\/wp-json\/wp\/v2\/media?parent=921"}],"wp:term":[{"taxonomy":"product_brand","embeddable":true,"href":"https:\/\/www.savonnerie-chapoul.fr\/index.php\/wp-json\/wp\/v2\/product_brand?post=921"},{"taxonomy":"product_cat","embeddable":true,"href":"https:\/\/www.savonnerie-chapoul.fr\/index.php\/wp-json\/wp\/v2\/product_cat?post=921"},{"taxonomy":"product_tag","embeddable":true,"href":"https:\/\/www.savonnerie-chapoul.fr\/index.php\/wp-json\/wp\/v2\/product_tag?post=921"}],"curies":[{"name":"wp","href":"https:\/\/api.w.org\/{rel}","templated":true}]}}