{"id":964,"date":"2025-12-11T00:03:21","date_gmt":"2025-12-10T23:03:21","guid":{"rendered":"https:\/\/www.savonnerie-chapoul.fr\/?post_type=product&#038;p=964"},"modified":"2026-03-24T01:05:45","modified_gmt":"2026-03-24T00:05:45","slug":"lait-pour-le-corps-la-garrigue","status":"publish","type":"product","link":"https:\/\/www.savonnerie-chapoul.fr\/index.php\/produit\/lait-pour-le-corps-la-garrigue\/","title":{"rendered":"Lait pour le corps La Garrigue"},"content":{"rendered":"<p>Pour prolonger l&rsquo;exp\u00e9rience du <a href=\"https:\/\/www.savonnerie-chapoul.fr\/index.php\/produit\/savon-la-garrigue\/\">savon La Garrigue<\/a>, et pour une peau douce et parfum\u00e9e, laissez-vous tenter par le lait pour le corps La Garrigue. Il est d\u00e9licatement parfum\u00e9 \u00e0 la lavande fine et au gen\u00e9vrier cade. Ces deux huiles sont d&rsquo;origine fran\u00e7aise. Je me fournis directement aupr\u00e8s de la distillerie.<br \/>\nIl p\u00e9n\u00e8tre rapidement dans la peau et permet de s&rsquo;habiller peu de temps apr\u00e8s son application.<br \/>\nLe lait pour le corps La Garrigue s&rsquo;utilise sur le corps ou peut se substituer \u00e0 une cr\u00e8me pour les mains.<br \/>\nIl a donc toute sa place dans votre salle de bain ou sur votre table de nuit.<br \/>\nCe lait pour le corps est fabriqu\u00e9 \u00e0 la main artisanalement dans le Plaine de Versailles. Il comporte 99% d&rsquo;ingr\u00e9dients fran\u00e7ais et est 100% naturel.<\/p>\n","protected":false},"excerpt":{"rendered":"<p>Pour prolonger l&rsquo;exp\u00e9rience du savon La Garrigue, et pour une peau douce et parfum\u00e9e, laissez-vous tenter par le lait pour le corps La Garrigue. Il est d\u00e9licatement parfum\u00e9 \u00e0 la lavande fine et au gen\u00e9vrier cade, deux huiles essentielles fran\u00e7aises.<\/p>\n","protected":false},"featured_media":1100,"comment_status":"closed","ping_status":"closed","template":"","meta":[],"product_brand":[],"product_cat":[46,35],"product_tag":[],"class_list":{"0":"post-964","1":"product","2":"type-product","3":"status-publish","4":"has-post-thumbnail","6":"product_cat-cosmetiques","7":"product_cat-parfume","9":"first","10":"instock","11":"shipping-taxable","12":"purchasable","13":"product-type-simple"},"yoast_head":"<!-- This site is optimized with the Yoast SEO plugin v27.1.1 - https:\/\/yoast.com\/product\/yoast-seo-wordpress\/ -->\n<title>Lait pour le corps La Garrigue - Savonnerie Chapoul<\/title>\n<meta name=\"description\" content=\"Le lait pour le corps La Garrigue est un lait coordonn\u00e9 au parfum du savon La Garrigue, il est d\u00e9licatement parfum\u00e9 \u00e0 la lavande fine et au gen\u00e9vrier cade\" \/>\n<meta name=\"robots\" content=\"index, follow, max-snippet:-1, max-image-preview:large, max-video-preview:-1\" \/>\n<link rel=\"canonical\" href=\"https:\/\/www.savonnerie-chapoul.fr\/index.php\/produit\/lait-pour-le-corps-la-garrigue\/\" \/>\n<meta property=\"og:locale\" content=\"fr_FR\" \/>\n<meta property=\"og:type\" content=\"article\" \/>\n<meta property=\"og:title\" content=\"Lait pour le corps La Garrigue - Savonnerie Chapoul\" \/>\n<meta property=\"og:description\" content=\"Le lait pour le corps La Garrigue est un lait coordonn\u00e9 au parfum du savon La Garrigue, il est d\u00e9licatement parfum\u00e9 \u00e0 la lavande fine et au gen\u00e9vrier cade\" \/>\n<meta property=\"og:url\" content=\"https:\/\/www.savonnerie-chapoul.fr\/index.php\/produit\/lait-pour-le-corps-la-garrigue\/\" \/>\n<meta property=\"og:site_name\" content=\"Savonnerie Chapoul\" \/>\n<meta property=\"article:modified_time\" content=\"2026-03-24T00:05:45+00:00\" \/>\n<meta property=\"og:image\" content=\"https:\/\/www.savonnerie-chapoul.fr\/wp-content\/uploads\/2025\/12\/1-1.png\" \/>\n\t<meta property=\"og:image:width\" content=\"1000\" \/>\n\t<meta property=\"og:image:height\" content=\"1000\" \/>\n\t<meta property=\"og:image:type\" content=\"image\/png\" \/>\n<meta name=\"twitter:card\" content=\"summary_large_image\" \/>\n<meta name=\"twitter:label1\" content=\"Dur\u00e9e de lecture estim\u00e9e\" \/>\n\t<meta name=\"twitter:data1\" content=\"1 minute\" \/>\n<script type=\"application\/ld+json\" class=\"yoast-schema-graph\">{\"@context\":\"https:\/\/schema.org\",\"@graph\":[{\"@type\":\"WebPage\",\"@id\":\"https:\/\/www.savonnerie-chapoul.fr\/index.php\/produit\/lait-pour-le-corps-la-garrigue\/\",\"url\":\"https:\/\/www.savonnerie-chapoul.fr\/index.php\/produit\/lait-pour-le-corps-la-garrigue\/\",\"name\":\"Lait pour le corps La Garrigue - Savonnerie Chapoul\",\"isPartOf\":{\"@id\":\"https:\/\/www.savonnerie-chapoul.fr\/#website\"},\"primaryImageOfPage\":{\"@id\":\"https:\/\/www.savonnerie-chapoul.fr\/index.php\/produit\/lait-pour-le-corps-la-garrigue\/#primaryimage\"},\"image\":{\"@id\":\"https:\/\/www.savonnerie-chapoul.fr\/index.php\/produit\/lait-pour-le-corps-la-garrigue\/#primaryimage\"},\"thumbnailUrl\":\"https:\/\/i0.wp.com\/www.savonnerie-chapoul.fr\/wp-content\/uploads\/2025\/12\/1-1.png?fit=1000%2C1000&ssl=1\",\"datePublished\":\"2025-12-10T23:03:21+00:00\",\"dateModified\":\"2026-03-24T00:05:45+00:00\",\"description\":\"Le lait pour le corps La Garrigue est un lait coordonn\u00e9 au parfum du savon La Garrigue, il est d\u00e9licatement parfum\u00e9 \u00e0 la lavande fine et au gen\u00e9vrier cade\",\"breadcrumb\":{\"@id\":\"https:\/\/www.savonnerie-chapoul.fr\/index.php\/produit\/lait-pour-le-corps-la-garrigue\/#breadcrumb\"},\"inLanguage\":\"fr-FR\",\"potentialAction\":[{\"@type\":\"ReadAction\",\"target\":[\"https:\/\/www.savonnerie-chapoul.fr\/index.php\/produit\/lait-pour-le-corps-la-garrigue\/\"]}]},{\"@type\":\"ImageObject\",\"inLanguage\":\"fr-FR\",\"@id\":\"https:\/\/www.savonnerie-chapoul.fr\/index.php\/produit\/lait-pour-le-corps-la-garrigue\/#primaryimage\",\"url\":\"https:\/\/i0.wp.com\/www.savonnerie-chapoul.fr\/wp-content\/uploads\/2025\/12\/1-1.png?fit=1000%2C1000&ssl=1\",\"contentUrl\":\"https:\/\/i0.wp.com\/www.savonnerie-chapoul.fr\/wp-content\/uploads\/2025\/12\/1-1.png?fit=1000%2C1000&ssl=1\",\"width\":1000,\"height\":1000,\"caption\":\"Savonnerie Chapoul - Lait pour le corps La Garrigue parfum\u00e9 \u00e0 la lavande fine et au gen\u00e9vrier cade\"},{\"@type\":\"BreadcrumbList\",\"@id\":\"https:\/\/www.savonnerie-chapoul.fr\/index.php\/produit\/lait-pour-le-corps-la-garrigue\/#breadcrumb\",\"itemListElement\":[{\"@type\":\"ListItem\",\"position\":1,\"name\":\"Accueil\",\"item\":\"https:\/\/www.savonnerie-chapoul.fr\/\"},{\"@type\":\"ListItem\",\"position\":2,\"name\":\"Boutique\",\"item\":\"https:\/\/www.savonnerie-chapoul.fr\/index.php\/boutique-savonnerie-chapoul\/\"},{\"@type\":\"ListItem\",\"position\":3,\"name\":\"Lait pour le corps La Garrigue\"}]},{\"@type\":\"WebSite\",\"@id\":\"https:\/\/www.savonnerie-chapoul.fr\/#website\",\"url\":\"https:\/\/www.savonnerie-chapoul.fr\/\",\"name\":\"savonnerie-chapoul\",\"description\":\"Cosm\u00e9tiques et savons saponifi\u00e9s \u00e0 froid dans la Plaine de Versailles\",\"publisher\":{\"@id\":\"https:\/\/www.savonnerie-chapoul.fr\/#organization\"},\"potentialAction\":[{\"@type\":\"SearchAction\",\"target\":{\"@type\":\"EntryPoint\",\"urlTemplate\":\"https:\/\/www.savonnerie-chapoul.fr\/?s={search_term_string}\"},\"query-input\":{\"@type\":\"PropertyValueSpecification\",\"valueRequired\":true,\"valueName\":\"search_term_string\"}}],\"inLanguage\":\"fr-FR\"},{\"@type\":\"Organization\",\"@id\":\"https:\/\/www.savonnerie-chapoul.fr\/#organization\",\"name\":\"savonnerie chapoul\",\"url\":\"https:\/\/www.savonnerie-chapoul.fr\/\",\"logo\":{\"@type\":\"ImageObject\",\"inLanguage\":\"fr-FR\",\"@id\":\"https:\/\/www.savonnerie-chapoul.fr\/#\/schema\/logo\/image\/\",\"url\":\"https:\/\/i0.wp.com\/www.savonnerie-chapoul.fr\/wp-content\/uploads\/2026\/03\/logo-savonnerie-Chapoul-fond-transparent.png?fit=858%2C272&ssl=1\",\"contentUrl\":\"https:\/\/i0.wp.com\/www.savonnerie-chapoul.fr\/wp-content\/uploads\/2026\/03\/logo-savonnerie-Chapoul-fond-transparent.png?fit=858%2C272&ssl=1\",\"width\":858,\"height\":272,\"caption\":\"savonnerie chapoul\"},\"image\":{\"@id\":\"https:\/\/www.savonnerie-chapoul.fr\/#\/schema\/logo\/image\/\"},\"sameAs\":[\"https:\/\/www.instagram.com\/savonnerie-chapoul\"]}]}<\/script>\n<!-- \/ Yoast SEO plugin. -->","yoast_head_json":{"title":"Lait pour le corps La Garrigue - Savonnerie Chapoul","description":"Le lait pour le corps La Garrigue est un lait coordonn\u00e9 au parfum du savon La Garrigue, il est d\u00e9licatement parfum\u00e9 \u00e0 la lavande fine et au gen\u00e9vrier cade","robots":{"index":"index","follow":"follow","max-snippet":"max-snippet:-1","max-image-preview":"max-image-preview:large","max-video-preview":"max-video-preview:-1"},"canonical":"https:\/\/www.savonnerie-chapoul.fr\/index.php\/produit\/lait-pour-le-corps-la-garrigue\/","og_locale":"fr_FR","og_type":"article","og_title":"Lait pour le corps La Garrigue - Savonnerie Chapoul","og_description":"Le lait pour le corps La Garrigue est un lait coordonn\u00e9 au parfum du savon La Garrigue, il est d\u00e9licatement parfum\u00e9 \u00e0 la lavande fine et au gen\u00e9vrier cade","og_url":"https:\/\/www.savonnerie-chapoul.fr\/index.php\/produit\/lait-pour-le-corps-la-garrigue\/","og_site_name":"Savonnerie Chapoul","article_modified_time":"2026-03-24T00:05:45+00:00","og_image":[{"width":1000,"height":1000,"url":"https:\/\/www.savonnerie-chapoul.fr\/wp-content\/uploads\/2025\/12\/1-1.png","type":"image\/png"}],"twitter_card":"summary_large_image","twitter_misc":{"Dur\u00e9e de lecture estim\u00e9e":"1 minute"},"schema":{"@context":"https:\/\/schema.org","@graph":[{"@type":"WebPage","@id":"https:\/\/www.savonnerie-chapoul.fr\/index.php\/produit\/lait-pour-le-corps-la-garrigue\/","url":"https:\/\/www.savonnerie-chapoul.fr\/index.php\/produit\/lait-pour-le-corps-la-garrigue\/","name":"Lait pour le corps La Garrigue - Savonnerie Chapoul","isPartOf":{"@id":"https:\/\/www.savonnerie-chapoul.fr\/#website"},"primaryImageOfPage":{"@id":"https:\/\/www.savonnerie-chapoul.fr\/index.php\/produit\/lait-pour-le-corps-la-garrigue\/#primaryimage"},"image":{"@id":"https:\/\/www.savonnerie-chapoul.fr\/index.php\/produit\/lait-pour-le-corps-la-garrigue\/#primaryimage"},"thumbnailUrl":"https:\/\/i0.wp.com\/www.savonnerie-chapoul.fr\/wp-content\/uploads\/2025\/12\/1-1.png?fit=1000%2C1000&ssl=1","datePublished":"2025-12-10T23:03:21+00:00","dateModified":"2026-03-24T00:05:45+00:00","description":"Le lait pour le corps La Garrigue est un lait coordonn\u00e9 au parfum du savon La Garrigue, il est d\u00e9licatement parfum\u00e9 \u00e0 la lavande fine et au gen\u00e9vrier cade","breadcrumb":{"@id":"https:\/\/www.savonnerie-chapoul.fr\/index.php\/produit\/lait-pour-le-corps-la-garrigue\/#breadcrumb"},"inLanguage":"fr-FR","potentialAction":[{"@type":"ReadAction","target":["https:\/\/www.savonnerie-chapoul.fr\/index.php\/produit\/lait-pour-le-corps-la-garrigue\/"]}]},{"@type":"ImageObject","inLanguage":"fr-FR","@id":"https:\/\/www.savonnerie-chapoul.fr\/index.php\/produit\/lait-pour-le-corps-la-garrigue\/#primaryimage","url":"https:\/\/i0.wp.com\/www.savonnerie-chapoul.fr\/wp-content\/uploads\/2025\/12\/1-1.png?fit=1000%2C1000&ssl=1","contentUrl":"https:\/\/i0.wp.com\/www.savonnerie-chapoul.fr\/wp-content\/uploads\/2025\/12\/1-1.png?fit=1000%2C1000&ssl=1","width":1000,"height":1000,"caption":"Savonnerie Chapoul - Lait pour le corps La Garrigue parfum\u00e9 \u00e0 la lavande fine et au gen\u00e9vrier cade"},{"@type":"BreadcrumbList","@id":"https:\/\/www.savonnerie-chapoul.fr\/index.php\/produit\/lait-pour-le-corps-la-garrigue\/#breadcrumb","itemListElement":[{"@type":"ListItem","position":1,"name":"Accueil","item":"https:\/\/www.savonnerie-chapoul.fr\/"},{"@type":"ListItem","position":2,"name":"Boutique","item":"https:\/\/www.savonnerie-chapoul.fr\/index.php\/boutique-savonnerie-chapoul\/"},{"@type":"ListItem","position":3,"name":"Lait pour le corps La Garrigue"}]},{"@type":"WebSite","@id":"https:\/\/www.savonnerie-chapoul.fr\/#website","url":"https:\/\/www.savonnerie-chapoul.fr\/","name":"savonnerie-chapoul","description":"Cosm\u00e9tiques et savons saponifi\u00e9s \u00e0 froid dans la Plaine de Versailles","publisher":{"@id":"https:\/\/www.savonnerie-chapoul.fr\/#organization"},"potentialAction":[{"@type":"SearchAction","target":{"@type":"EntryPoint","urlTemplate":"https:\/\/www.savonnerie-chapoul.fr\/?s={search_term_string}"},"query-input":{"@type":"PropertyValueSpecification","valueRequired":true,"valueName":"search_term_string"}}],"inLanguage":"fr-FR"},{"@type":"Organization","@id":"https:\/\/www.savonnerie-chapoul.fr\/#organization","name":"savonnerie chapoul","url":"https:\/\/www.savonnerie-chapoul.fr\/","logo":{"@type":"ImageObject","inLanguage":"fr-FR","@id":"https:\/\/www.savonnerie-chapoul.fr\/#\/schema\/logo\/image\/","url":"https:\/\/i0.wp.com\/www.savonnerie-chapoul.fr\/wp-content\/uploads\/2026\/03\/logo-savonnerie-Chapoul-fond-transparent.png?fit=858%2C272&ssl=1","contentUrl":"https:\/\/i0.wp.com\/www.savonnerie-chapoul.fr\/wp-content\/uploads\/2026\/03\/logo-savonnerie-Chapoul-fond-transparent.png?fit=858%2C272&ssl=1","width":858,"height":272,"caption":"savonnerie chapoul"},"image":{"@id":"https:\/\/www.savonnerie-chapoul.fr\/#\/schema\/logo\/image\/"},"sameAs":["https:\/\/www.instagram.com\/savonnerie-chapoul"]}]}},"jetpack_sharing_enabled":true,"_links":{"self":[{"href":"https:\/\/www.savonnerie-chapoul.fr\/index.php\/wp-json\/wp\/v2\/product\/964","targetHints":{"allow":["GET"]}}],"collection":[{"href":"https:\/\/www.savonnerie-chapoul.fr\/index.php\/wp-json\/wp\/v2\/product"}],"about":[{"href":"https:\/\/www.savonnerie-chapoul.fr\/index.php\/wp-json\/wp\/v2\/types\/product"}],"replies":[{"embeddable":true,"href":"https:\/\/www.savonnerie-chapoul.fr\/index.php\/wp-json\/wp\/v2\/comments?post=964"}],"wp:featuredmedia":[{"embeddable":true,"href":"https:\/\/www.savonnerie-chapoul.fr\/index.php\/wp-json\/wp\/v2\/media\/1100"}],"wp:attachment":[{"href":"https:\/\/www.savonnerie-chapoul.fr\/index.php\/wp-json\/wp\/v2\/media?parent=964"}],"wp:term":[{"taxonomy":"product_brand","embeddable":true,"href":"https:\/\/www.savonnerie-chapoul.fr\/index.php\/wp-json\/wp\/v2\/product_brand?post=964"},{"taxonomy":"product_cat","embeddable":true,"href":"https:\/\/www.savonnerie-chapoul.fr\/index.php\/wp-json\/wp\/v2\/product_cat?post=964"},{"taxonomy":"product_tag","embeddable":true,"href":"https:\/\/www.savonnerie-chapoul.fr\/index.php\/wp-json\/wp\/v2\/product_tag?post=964"}],"curies":[{"name":"wp","href":"https:\/\/api.w.org\/{rel}","templated":true}]}}