{"id":969,"date":"2025-12-11T00:22:01","date_gmt":"2025-12-10T23:22:01","guid":{"rendered":"https:\/\/www.savonnerie-chapoul.fr\/?post_type=product&#038;p=969"},"modified":"2026-03-07T20:37:15","modified_gmt":"2026-03-07T19:37:15","slug":"lait-demaquillant-au-bleuet-et-a-la-camomille-romaine","status":"publish","type":"product","link":"https:\/\/www.savonnerie-chapoul.fr\/index.php\/produit\/lait-demaquillant-au-bleuet-et-a-la-camomille-romaine\/","title":{"rendered":"Lait d\u00e9maquillant au bleuet et \u00e0 la camomille romaine"},"content":{"rendered":"<p>Ce lait d\u00e9maquillant cr\u00e9meux et sans parfum ajout\u00e9 est tr\u00e8s doux et permet de d\u00e9maquiller m\u00eame le maquillage waterproof.<br \/>\nIl comporte deux mac\u00e9r\u00e2ts de plantes que je r\u00e9alise moi-m\u00eame : mac\u00e9r\u00e2t de bleuet et mac\u00e9r\u00e2t de camomille romaine.<br \/>\nCes deux plantes proviennent de l&rsquo;<a href=\"https:\/\/lherbierdelsa.fr\/\" target=\"_blank\" rel=\"noopener\">Herbier d&rsquo;Elsa<\/a>, paysanne herboriste bio \u00e0 Feucherolles dans la Plaine de Versailles.<br \/>\nJe fabrique le lait d\u00e9maquillant \u00e0 la main <a href=\"https:\/\/www.savonnerie-chapoul.fr\/index.php\/2025\/01\/31\/secrets-de-fabrication\/\">artisanalement dans mon atelier<\/a> situ\u00e9 dans la Plaine de Versailles.<\/p>\n","protected":false},"excerpt":{"rendered":"<p>Ce lait d\u00e9maquillant sans parfum ajout\u00e9 est tr\u00e8s doux et permet de d\u00e9maquiller m\u00eame le maquillage waterproof.<br \/>\nIl comporte deux mac\u00e9r\u00e2ts de plantes que je r\u00e9alise moi-m\u00eame : mac\u00e9r\u00e2t de bleuet et mac\u00e9r\u00e2t de camomille romaine \u00e0 partir de fleurs bio qui sont <a href=\"https:\/\/www.savonnerie-chapoul.fr\/index.php\/2025\/01\/31\/le-choix-des-ingredients-dans-mes-recettes\/\">cultiv\u00e9es dans les Yvelines<\/a>.<\/p>\n","protected":false},"featured_media":1099,"comment_status":"closed","ping_status":"closed","template":"","meta":[],"product_brand":[],"product_cat":[46,34],"product_tag":[],"class_list":{"0":"post-969","1":"product","2":"type-product","3":"status-publish","4":"has-post-thumbnail","6":"product_cat-cosmetiques","7":"product_cat-sans-parfum","9":"first","10":"instock","11":"shipping-taxable","12":"purchasable","13":"product-type-simple"},"yoast_head":"<!-- This site is optimized with the Yoast SEO plugin v27.1.1 - https:\/\/yoast.com\/product\/yoast-seo-wordpress\/ -->\n<title>Lait d\u00e9maquillant au bleuet et \u00e0 la camomille romaine - Savonnerie Chapoul<\/title>\n<meta name=\"description\" content=\"Le lait d\u00e9maquillant au bleuet et \u00e0 la camomille romaine contient des mac\u00e9r\u00e2ts de plantes et permet de d\u00e9maquiller m\u00eame le maquillage waterproof\" \/>\n<meta name=\"robots\" content=\"index, follow, max-snippet:-1, max-image-preview:large, max-video-preview:-1\" \/>\n<link rel=\"canonical\" href=\"https:\/\/www.savonnerie-chapoul.fr\/index.php\/produit\/lait-demaquillant-au-bleuet-et-a-la-camomille-romaine\/\" \/>\n<meta property=\"og:locale\" content=\"fr_FR\" \/>\n<meta property=\"og:type\" content=\"article\" \/>\n<meta property=\"og:title\" content=\"Lait d\u00e9maquillant au bleuet et \u00e0 la camomille romaine - Savonnerie Chapoul\" \/>\n<meta property=\"og:description\" content=\"Le lait d\u00e9maquillant au bleuet et \u00e0 la camomille romaine contient des mac\u00e9r\u00e2ts de plantes et permet de d\u00e9maquiller m\u00eame le maquillage waterproof\" \/>\n<meta property=\"og:url\" content=\"https:\/\/www.savonnerie-chapoul.fr\/index.php\/produit\/lait-demaquillant-au-bleuet-et-a-la-camomille-romaine\/\" \/>\n<meta property=\"og:site_name\" content=\"Savonnerie Chapoul\" \/>\n<meta property=\"article:modified_time\" content=\"2026-03-07T19:37:15+00:00\" \/>\n<meta property=\"og:image\" content=\"https:\/\/www.savonnerie-chapoul.fr\/wp-content\/uploads\/2025\/12\/Packshot-eBoutique-1000x1000-2.png\" \/>\n\t<meta property=\"og:image:width\" content=\"1000\" \/>\n\t<meta property=\"og:image:height\" content=\"1000\" \/>\n\t<meta property=\"og:image:type\" content=\"image\/png\" \/>\n<meta name=\"twitter:card\" content=\"summary_large_image\" \/>\n<meta name=\"twitter:label1\" content=\"Dur\u00e9e de lecture estim\u00e9e\" \/>\n\t<meta name=\"twitter:data1\" content=\"1 minute\" \/>\n<script type=\"application\/ld+json\" class=\"yoast-schema-graph\">{\"@context\":\"https:\/\/schema.org\",\"@graph\":[{\"@type\":\"WebPage\",\"@id\":\"https:\/\/www.savonnerie-chapoul.fr\/index.php\/produit\/lait-demaquillant-au-bleuet-et-a-la-camomille-romaine\/\",\"url\":\"https:\/\/www.savonnerie-chapoul.fr\/index.php\/produit\/lait-demaquillant-au-bleuet-et-a-la-camomille-romaine\/\",\"name\":\"Lait d\u00e9maquillant au bleuet et \u00e0 la camomille romaine - Savonnerie Chapoul\",\"isPartOf\":{\"@id\":\"https:\/\/www.savonnerie-chapoul.fr\/#website\"},\"primaryImageOfPage\":{\"@id\":\"https:\/\/www.savonnerie-chapoul.fr\/index.php\/produit\/lait-demaquillant-au-bleuet-et-a-la-camomille-romaine\/#primaryimage\"},\"image\":{\"@id\":\"https:\/\/www.savonnerie-chapoul.fr\/index.php\/produit\/lait-demaquillant-au-bleuet-et-a-la-camomille-romaine\/#primaryimage\"},\"thumbnailUrl\":\"https:\/\/i0.wp.com\/www.savonnerie-chapoul.fr\/wp-content\/uploads\/2025\/12\/Packshot-eBoutique-1000x1000-2.png?fit=1000%2C1000&ssl=1\",\"datePublished\":\"2025-12-10T23:22:01+00:00\",\"dateModified\":\"2026-03-07T19:37:15+00:00\",\"description\":\"Le lait d\u00e9maquillant au bleuet et \u00e0 la camomille romaine contient des mac\u00e9r\u00e2ts de plantes et permet de d\u00e9maquiller m\u00eame le maquillage waterproof\",\"breadcrumb\":{\"@id\":\"https:\/\/www.savonnerie-chapoul.fr\/index.php\/produit\/lait-demaquillant-au-bleuet-et-a-la-camomille-romaine\/#breadcrumb\"},\"inLanguage\":\"fr-FR\",\"potentialAction\":[{\"@type\":\"ReadAction\",\"target\":[\"https:\/\/www.savonnerie-chapoul.fr\/index.php\/produit\/lait-demaquillant-au-bleuet-et-a-la-camomille-romaine\/\"]}]},{\"@type\":\"ImageObject\",\"inLanguage\":\"fr-FR\",\"@id\":\"https:\/\/www.savonnerie-chapoul.fr\/index.php\/produit\/lait-demaquillant-au-bleuet-et-a-la-camomille-romaine\/#primaryimage\",\"url\":\"https:\/\/i0.wp.com\/www.savonnerie-chapoul.fr\/wp-content\/uploads\/2025\/12\/Packshot-eBoutique-1000x1000-2.png?fit=1000%2C1000&ssl=1\",\"contentUrl\":\"https:\/\/i0.wp.com\/www.savonnerie-chapoul.fr\/wp-content\/uploads\/2025\/12\/Packshot-eBoutique-1000x1000-2.png?fit=1000%2C1000&ssl=1\",\"width\":1000,\"height\":1000,\"caption\":\"Savonnerie Chapoul - Lait d\u00e9maquillant au bleuet et \u00e0 la camomille romaine\"},{\"@type\":\"BreadcrumbList\",\"@id\":\"https:\/\/www.savonnerie-chapoul.fr\/index.php\/produit\/lait-demaquillant-au-bleuet-et-a-la-camomille-romaine\/#breadcrumb\",\"itemListElement\":[{\"@type\":\"ListItem\",\"position\":1,\"name\":\"Accueil\",\"item\":\"https:\/\/www.savonnerie-chapoul.fr\/\"},{\"@type\":\"ListItem\",\"position\":2,\"name\":\"Boutique\",\"item\":\"https:\/\/www.savonnerie-chapoul.fr\/index.php\/boutique-savonnerie-chapoul\/\"},{\"@type\":\"ListItem\",\"position\":3,\"name\":\"Lait d\u00e9maquillant au bleuet et \u00e0 la camomille romaine\"}]},{\"@type\":\"WebSite\",\"@id\":\"https:\/\/www.savonnerie-chapoul.fr\/#website\",\"url\":\"https:\/\/www.savonnerie-chapoul.fr\/\",\"name\":\"savonnerie-chapoul\",\"description\":\"Cosm\u00e9tiques et savons saponifi\u00e9s \u00e0 froid dans la Plaine de Versailles\",\"publisher\":{\"@id\":\"https:\/\/www.savonnerie-chapoul.fr\/#organization\"},\"potentialAction\":[{\"@type\":\"SearchAction\",\"target\":{\"@type\":\"EntryPoint\",\"urlTemplate\":\"https:\/\/www.savonnerie-chapoul.fr\/?s={search_term_string}\"},\"query-input\":{\"@type\":\"PropertyValueSpecification\",\"valueRequired\":true,\"valueName\":\"search_term_string\"}}],\"inLanguage\":\"fr-FR\"},{\"@type\":\"Organization\",\"@id\":\"https:\/\/www.savonnerie-chapoul.fr\/#organization\",\"name\":\"savonnerie chapoul\",\"url\":\"https:\/\/www.savonnerie-chapoul.fr\/\",\"logo\":{\"@type\":\"ImageObject\",\"inLanguage\":\"fr-FR\",\"@id\":\"https:\/\/www.savonnerie-chapoul.fr\/#\/schema\/logo\/image\/\",\"url\":\"https:\/\/i0.wp.com\/www.savonnerie-chapoul.fr\/wp-content\/uploads\/2026\/03\/logo-savonnerie-Chapoul-fond-transparent.png?fit=858%2C272&ssl=1\",\"contentUrl\":\"https:\/\/i0.wp.com\/www.savonnerie-chapoul.fr\/wp-content\/uploads\/2026\/03\/logo-savonnerie-Chapoul-fond-transparent.png?fit=858%2C272&ssl=1\",\"width\":858,\"height\":272,\"caption\":\"savonnerie chapoul\"},\"image\":{\"@id\":\"https:\/\/www.savonnerie-chapoul.fr\/#\/schema\/logo\/image\/\"},\"sameAs\":[\"https:\/\/www.instagram.com\/savonnerie-chapoul\"]}]}<\/script>\n<!-- \/ Yoast SEO plugin. -->","yoast_head_json":{"title":"Lait d\u00e9maquillant au bleuet et \u00e0 la camomille romaine - Savonnerie Chapoul","description":"Le lait d\u00e9maquillant au bleuet et \u00e0 la camomille romaine contient des mac\u00e9r\u00e2ts de plantes et permet de d\u00e9maquiller m\u00eame le maquillage waterproof","robots":{"index":"index","follow":"follow","max-snippet":"max-snippet:-1","max-image-preview":"max-image-preview:large","max-video-preview":"max-video-preview:-1"},"canonical":"https:\/\/www.savonnerie-chapoul.fr\/index.php\/produit\/lait-demaquillant-au-bleuet-et-a-la-camomille-romaine\/","og_locale":"fr_FR","og_type":"article","og_title":"Lait d\u00e9maquillant au bleuet et \u00e0 la camomille romaine - Savonnerie Chapoul","og_description":"Le lait d\u00e9maquillant au bleuet et \u00e0 la camomille romaine contient des mac\u00e9r\u00e2ts de plantes et permet de d\u00e9maquiller m\u00eame le maquillage waterproof","og_url":"https:\/\/www.savonnerie-chapoul.fr\/index.php\/produit\/lait-demaquillant-au-bleuet-et-a-la-camomille-romaine\/","og_site_name":"Savonnerie Chapoul","article_modified_time":"2026-03-07T19:37:15+00:00","og_image":[{"width":1000,"height":1000,"url":"https:\/\/www.savonnerie-chapoul.fr\/wp-content\/uploads\/2025\/12\/Packshot-eBoutique-1000x1000-2.png","type":"image\/png"}],"twitter_card":"summary_large_image","twitter_misc":{"Dur\u00e9e de lecture estim\u00e9e":"1 minute"},"schema":{"@context":"https:\/\/schema.org","@graph":[{"@type":"WebPage","@id":"https:\/\/www.savonnerie-chapoul.fr\/index.php\/produit\/lait-demaquillant-au-bleuet-et-a-la-camomille-romaine\/","url":"https:\/\/www.savonnerie-chapoul.fr\/index.php\/produit\/lait-demaquillant-au-bleuet-et-a-la-camomille-romaine\/","name":"Lait d\u00e9maquillant au bleuet et \u00e0 la camomille romaine - Savonnerie Chapoul","isPartOf":{"@id":"https:\/\/www.savonnerie-chapoul.fr\/#website"},"primaryImageOfPage":{"@id":"https:\/\/www.savonnerie-chapoul.fr\/index.php\/produit\/lait-demaquillant-au-bleuet-et-a-la-camomille-romaine\/#primaryimage"},"image":{"@id":"https:\/\/www.savonnerie-chapoul.fr\/index.php\/produit\/lait-demaquillant-au-bleuet-et-a-la-camomille-romaine\/#primaryimage"},"thumbnailUrl":"https:\/\/i0.wp.com\/www.savonnerie-chapoul.fr\/wp-content\/uploads\/2025\/12\/Packshot-eBoutique-1000x1000-2.png?fit=1000%2C1000&ssl=1","datePublished":"2025-12-10T23:22:01+00:00","dateModified":"2026-03-07T19:37:15+00:00","description":"Le lait d\u00e9maquillant au bleuet et \u00e0 la camomille romaine contient des mac\u00e9r\u00e2ts de plantes et permet de d\u00e9maquiller m\u00eame le maquillage waterproof","breadcrumb":{"@id":"https:\/\/www.savonnerie-chapoul.fr\/index.php\/produit\/lait-demaquillant-au-bleuet-et-a-la-camomille-romaine\/#breadcrumb"},"inLanguage":"fr-FR","potentialAction":[{"@type":"ReadAction","target":["https:\/\/www.savonnerie-chapoul.fr\/index.php\/produit\/lait-demaquillant-au-bleuet-et-a-la-camomille-romaine\/"]}]},{"@type":"ImageObject","inLanguage":"fr-FR","@id":"https:\/\/www.savonnerie-chapoul.fr\/index.php\/produit\/lait-demaquillant-au-bleuet-et-a-la-camomille-romaine\/#primaryimage","url":"https:\/\/i0.wp.com\/www.savonnerie-chapoul.fr\/wp-content\/uploads\/2025\/12\/Packshot-eBoutique-1000x1000-2.png?fit=1000%2C1000&ssl=1","contentUrl":"https:\/\/i0.wp.com\/www.savonnerie-chapoul.fr\/wp-content\/uploads\/2025\/12\/Packshot-eBoutique-1000x1000-2.png?fit=1000%2C1000&ssl=1","width":1000,"height":1000,"caption":"Savonnerie Chapoul - Lait d\u00e9maquillant au bleuet et \u00e0 la camomille romaine"},{"@type":"BreadcrumbList","@id":"https:\/\/www.savonnerie-chapoul.fr\/index.php\/produit\/lait-demaquillant-au-bleuet-et-a-la-camomille-romaine\/#breadcrumb","itemListElement":[{"@type":"ListItem","position":1,"name":"Accueil","item":"https:\/\/www.savonnerie-chapoul.fr\/"},{"@type":"ListItem","position":2,"name":"Boutique","item":"https:\/\/www.savonnerie-chapoul.fr\/index.php\/boutique-savonnerie-chapoul\/"},{"@type":"ListItem","position":3,"name":"Lait d\u00e9maquillant au bleuet et \u00e0 la camomille romaine"}]},{"@type":"WebSite","@id":"https:\/\/www.savonnerie-chapoul.fr\/#website","url":"https:\/\/www.savonnerie-chapoul.fr\/","name":"savonnerie-chapoul","description":"Cosm\u00e9tiques et savons saponifi\u00e9s \u00e0 froid dans la Plaine de Versailles","publisher":{"@id":"https:\/\/www.savonnerie-chapoul.fr\/#organization"},"potentialAction":[{"@type":"SearchAction","target":{"@type":"EntryPoint","urlTemplate":"https:\/\/www.savonnerie-chapoul.fr\/?s={search_term_string}"},"query-input":{"@type":"PropertyValueSpecification","valueRequired":true,"valueName":"search_term_string"}}],"inLanguage":"fr-FR"},{"@type":"Organization","@id":"https:\/\/www.savonnerie-chapoul.fr\/#organization","name":"savonnerie chapoul","url":"https:\/\/www.savonnerie-chapoul.fr\/","logo":{"@type":"ImageObject","inLanguage":"fr-FR","@id":"https:\/\/www.savonnerie-chapoul.fr\/#\/schema\/logo\/image\/","url":"https:\/\/i0.wp.com\/www.savonnerie-chapoul.fr\/wp-content\/uploads\/2026\/03\/logo-savonnerie-Chapoul-fond-transparent.png?fit=858%2C272&ssl=1","contentUrl":"https:\/\/i0.wp.com\/www.savonnerie-chapoul.fr\/wp-content\/uploads\/2026\/03\/logo-savonnerie-Chapoul-fond-transparent.png?fit=858%2C272&ssl=1","width":858,"height":272,"caption":"savonnerie chapoul"},"image":{"@id":"https:\/\/www.savonnerie-chapoul.fr\/#\/schema\/logo\/image\/"},"sameAs":["https:\/\/www.instagram.com\/savonnerie-chapoul"]}]}},"jetpack_sharing_enabled":true,"_links":{"self":[{"href":"https:\/\/www.savonnerie-chapoul.fr\/index.php\/wp-json\/wp\/v2\/product\/969","targetHints":{"allow":["GET"]}}],"collection":[{"href":"https:\/\/www.savonnerie-chapoul.fr\/index.php\/wp-json\/wp\/v2\/product"}],"about":[{"href":"https:\/\/www.savonnerie-chapoul.fr\/index.php\/wp-json\/wp\/v2\/types\/product"}],"replies":[{"embeddable":true,"href":"https:\/\/www.savonnerie-chapoul.fr\/index.php\/wp-json\/wp\/v2\/comments?post=969"}],"wp:featuredmedia":[{"embeddable":true,"href":"https:\/\/www.savonnerie-chapoul.fr\/index.php\/wp-json\/wp\/v2\/media\/1099"}],"wp:attachment":[{"href":"https:\/\/www.savonnerie-chapoul.fr\/index.php\/wp-json\/wp\/v2\/media?parent=969"}],"wp:term":[{"taxonomy":"product_brand","embeddable":true,"href":"https:\/\/www.savonnerie-chapoul.fr\/index.php\/wp-json\/wp\/v2\/product_brand?post=969"},{"taxonomy":"product_cat","embeddable":true,"href":"https:\/\/www.savonnerie-chapoul.fr\/index.php\/wp-json\/wp\/v2\/product_cat?post=969"},{"taxonomy":"product_tag","embeddable":true,"href":"https:\/\/www.savonnerie-chapoul.fr\/index.php\/wp-json\/wp\/v2\/product_tag?post=969"}],"curies":[{"name":"wp","href":"https:\/\/api.w.org\/{rel}","templated":true}]}}