{"id":970,"date":"2025-12-11T00:42:45","date_gmt":"2025-12-10T23:42:45","guid":{"rendered":"https:\/\/www.savonnerie-chapoul.fr\/?post_type=product&#038;p=970"},"modified":"2026-02-23T23:31:20","modified_gmt":"2026-02-23T22:31:20","slug":"harmonie-olfactive-douceur-dete","status":"publish","type":"product","link":"https:\/\/www.savonnerie-chapoul.fr\/index.php\/produit\/harmonie-olfactive-douceur-dete\/","title":{"rendered":"Harmonie Olfactive Douceur d&rsquo;\u00e9t\u00e9"},"content":{"rendered":"<h2>Un savon et un lait pour le corps parfum\u00e9s au g\u00e9ranium rosat et au pamplemousse blanc<\/h2>\n<p>L&rsquo;harmonie Olfactive Douceur d&rsquo;\u00e9t\u00e9 comprend un <a href=\"https:\/\/www.savonnerie-chapoul.fr\/index.php\/produit\/savon-douceur-dete\/\">savon Douceur d&rsquo;\u00e9t\u00e9<\/a> surgras au format 100g, un <a href=\"https:\/\/www.savonnerie-chapoul.fr\/index.php\/produit\/lait-pour-le-corps-douceur-dete\/\">lait pour le corps Douceur d&rsquo;\u00e9t\u00e9<\/a> de 250ml et un porte savon.<br \/>\nL&rsquo;harmonie Olfactive vous permet de vivre pleinement un petit voyage en \u00e9t\u00e9 gr\u00e2ce \u00e0 son parfum floral et d\u00e9licat de g\u00e9ranium rosat associ\u00e9 au pamplemousse rose.<\/p>\n<p>Je fabrique \u00e0 la main dans mon atelier de la Plaine de Versailles les savons et les laits. Je cr\u00e9e mes parfums \u00e0 partir d&rsquo;huiles essentielles.<\/p>\n<p>Le porte-savon est \u00e0 choisir parmi ces deux mod\u00e8les :<br \/>\n&#8211; le <a href=\"https:\/\/www.savonnerie-chapoul.fr\/index.php\/produit\/porte-savon-savosec\/\">SavOsec<\/a> et<br \/>\n&#8211; le <a href=\"https:\/\/www.savonnerie-chapoul.fr\/index.php\/produit\/porte-savon-aimante-ventouse\/\">porte-savon aimant\u00e9<\/a><br \/>\nCes deux produits sont tous deux fabriqu\u00e9s en France.<\/p>\n","protected":false},"excerpt":{"rendered":"<p>Harmonie Olfactive Douceur d&rsquo;\u00e9t\u00e9 comprend un <a href=\"https:\/\/www.savonnerie-chapoul.fr\/index.php\/produit\/savon-douceur-dete\/\">savon Douceur d&rsquo;\u00e9t\u00e9<\/a> surgras au format 100g, un <a href=\"https:\/\/www.savonnerie-chapoul.fr\/index.php\/produit\/lait-pour-le-corps-douceur-dete\/\">lait pour le corps Douceur d&rsquo;\u00e9t\u00e9<\/a> de 250ml et un porte savon.<br \/>\nL&rsquo;harmonie Olfactive vous permet de vivre pleinement un petit voyage en \u00e9t\u00e9 gr\u00e2ce \u00e0 son parfum floral et d\u00e9licat de g\u00e9ranium rosat associ\u00e9 au pamplemousse rose.<\/p>\n<p>Je fabrique \u00e0 la main dans mon atelier de la Plaine de Versailles les savons et les laits. Je cr\u00e9e mes parfums \u00e0 partir d&rsquo;huiles essentielles.<\/p>\n<p>Le porte-savon est \u00e0 choisir parmi ces deux mod\u00e8les :<br \/>\n&#8211; le <a href=\"https:\/\/www.savonnerie-chapoul.fr\/index.php\/produit\/porte-savon-savosec\/\">SavOsec<\/a> et<br \/>\n&#8211; le <a href=\"https:\/\/www.savonnerie-chapoul.fr\/index.php\/produit\/porte-savon-aimante-ventouse\/\">porte-savon aimant\u00e9<\/a><br \/>\nCes deux produits sont tous deux fabriqu\u00e9s en France.<\/p>\n","protected":false},"featured_media":1064,"comment_status":"closed","ping_status":"closed","template":"","meta":[],"product_brand":[],"product_cat":[57,46,35],"product_tag":[],"class_list":{"0":"post-970","1":"product","2":"type-product","3":"status-publish","4":"has-post-thumbnail","6":"product_cat-idees-cadeaux","7":"product_cat-cosmetiques","8":"product_cat-parfume","10":"first","11":"instock","12":"featured","13":"shipping-taxable","14":"purchasable","15":"product-type-variable","16":"has-default-attributes"},"yoast_head":"<!-- This site is optimized with the Yoast SEO plugin v27.1.1 - https:\/\/yoast.com\/product\/yoast-seo-wordpress\/ -->\n<title>Harmonie Olfactive Douceur d&#039;\u00e9t\u00e9 - Savonnerie Chapoul<\/title>\n<meta name=\"description\" content=\"L&#039;harmonie Olfactive Douceur d&#039;\u00e9t\u00e9 vous permet de prolonger l&#039;exp\u00e9rience du savon Douceur d&#039;\u00e9t\u00e9 par l&#039;application du lait pour le corps au parfum coordonn\u00e9\" \/>\n<meta name=\"robots\" content=\"index, follow, max-snippet:-1, max-image-preview:large, max-video-preview:-1\" \/>\n<link rel=\"canonical\" href=\"https:\/\/www.savonnerie-chapoul.fr\/index.php\/produit\/harmonie-olfactive-douceur-dete\/\" \/>\n<meta property=\"og:locale\" content=\"fr_FR\" \/>\n<meta property=\"og:type\" content=\"article\" \/>\n<meta property=\"og:title\" content=\"Harmonie Olfactive Douceur d&#039;\u00e9t\u00e9 - Savonnerie Chapoul\" \/>\n<meta property=\"og:description\" content=\"L&#039;harmonie Olfactive Douceur d&#039;\u00e9t\u00e9 vous permet de prolonger l&#039;exp\u00e9rience du savon Douceur d&#039;\u00e9t\u00e9 par l&#039;application du lait pour le corps au parfum coordonn\u00e9\" \/>\n<meta property=\"og:url\" content=\"https:\/\/www.savonnerie-chapoul.fr\/index.php\/produit\/harmonie-olfactive-douceur-dete\/\" \/>\n<meta property=\"og:site_name\" content=\"Savonnerie Chapoul\" \/>\n<meta property=\"article:modified_time\" content=\"2026-02-23T22:31:20+00:00\" \/>\n<meta property=\"og:image\" content=\"https:\/\/www.savonnerie-chapoul.fr\/wp-content\/uploads\/2025\/12\/14.png\" \/>\n\t<meta property=\"og:image:width\" content=\"1000\" \/>\n\t<meta property=\"og:image:height\" content=\"1000\" \/>\n\t<meta property=\"og:image:type\" content=\"image\/png\" \/>\n<meta name=\"twitter:card\" content=\"summary_large_image\" \/>\n<meta name=\"twitter:label1\" content=\"Dur\u00e9e de lecture estim\u00e9e\" \/>\n\t<meta name=\"twitter:data1\" content=\"1 minute\" \/>\n<script type=\"application\/ld+json\" class=\"yoast-schema-graph\">{\"@context\":\"https:\/\/schema.org\",\"@graph\":[{\"@type\":\"WebPage\",\"@id\":\"https:\/\/www.savonnerie-chapoul.fr\/index.php\/produit\/harmonie-olfactive-douceur-dete\/\",\"url\":\"https:\/\/www.savonnerie-chapoul.fr\/index.php\/produit\/harmonie-olfactive-douceur-dete\/\",\"name\":\"Harmonie Olfactive Douceur d'\u00e9t\u00e9 - Savonnerie Chapoul\",\"isPartOf\":{\"@id\":\"https:\/\/www.savonnerie-chapoul.fr\/#website\"},\"primaryImageOfPage\":{\"@id\":\"https:\/\/www.savonnerie-chapoul.fr\/index.php\/produit\/harmonie-olfactive-douceur-dete\/#primaryimage\"},\"image\":{\"@id\":\"https:\/\/www.savonnerie-chapoul.fr\/index.php\/produit\/harmonie-olfactive-douceur-dete\/#primaryimage\"},\"thumbnailUrl\":\"https:\/\/i0.wp.com\/www.savonnerie-chapoul.fr\/wp-content\/uploads\/2025\/12\/14.png?fit=1000%2C1000&ssl=1\",\"datePublished\":\"2025-12-10T23:42:45+00:00\",\"dateModified\":\"2026-02-23T22:31:20+00:00\",\"description\":\"L'harmonie Olfactive Douceur d'\u00e9t\u00e9 vous permet de prolonger l'exp\u00e9rience du savon Douceur d'\u00e9t\u00e9 par l'application du lait pour le corps au parfum coordonn\u00e9\",\"breadcrumb\":{\"@id\":\"https:\/\/www.savonnerie-chapoul.fr\/index.php\/produit\/harmonie-olfactive-douceur-dete\/#breadcrumb\"},\"inLanguage\":\"fr-FR\",\"potentialAction\":[{\"@type\":\"ReadAction\",\"target\":[\"https:\/\/www.savonnerie-chapoul.fr\/index.php\/produit\/harmonie-olfactive-douceur-dete\/\"]}]},{\"@type\":\"ImageObject\",\"inLanguage\":\"fr-FR\",\"@id\":\"https:\/\/www.savonnerie-chapoul.fr\/index.php\/produit\/harmonie-olfactive-douceur-dete\/#primaryimage\",\"url\":\"https:\/\/i0.wp.com\/www.savonnerie-chapoul.fr\/wp-content\/uploads\/2025\/12\/14.png?fit=1000%2C1000&ssl=1\",\"contentUrl\":\"https:\/\/i0.wp.com\/www.savonnerie-chapoul.fr\/wp-content\/uploads\/2025\/12\/14.png?fit=1000%2C1000&ssl=1\",\"width\":1000,\"height\":1000,\"caption\":\"Savonnerie Chapoul - Harmonie Olfactive Douceur d'\u00e9t\u00e9 - savon Douceur d'\u00e9t\u00e9 et lait pour le corps Douceur d'\u00e9t\u00e9 parfum\u00e9s au g\u00e9ranium rosat et au pamplemousse blanc + porte-savon ventouse\"},{\"@type\":\"BreadcrumbList\",\"@id\":\"https:\/\/www.savonnerie-chapoul.fr\/index.php\/produit\/harmonie-olfactive-douceur-dete\/#breadcrumb\",\"itemListElement\":[{\"@type\":\"ListItem\",\"position\":1,\"name\":\"Accueil\",\"item\":\"https:\/\/www.savonnerie-chapoul.fr\/\"},{\"@type\":\"ListItem\",\"position\":2,\"name\":\"Boutique\",\"item\":\"https:\/\/www.savonnerie-chapoul.fr\/index.php\/boutique-savonnerie-chapoul\/\"},{\"@type\":\"ListItem\",\"position\":3,\"name\":\"Harmonie Olfactive Douceur d&rsquo;\u00e9t\u00e9\"}]},{\"@type\":\"WebSite\",\"@id\":\"https:\/\/www.savonnerie-chapoul.fr\/#website\",\"url\":\"https:\/\/www.savonnerie-chapoul.fr\/\",\"name\":\"savonnerie-chapoul\",\"description\":\"Cosm\u00e9tiques et savons saponifi\u00e9s \u00e0 froid dans la Plaine de Versailles\",\"publisher\":{\"@id\":\"https:\/\/www.savonnerie-chapoul.fr\/#organization\"},\"potentialAction\":[{\"@type\":\"SearchAction\",\"target\":{\"@type\":\"EntryPoint\",\"urlTemplate\":\"https:\/\/www.savonnerie-chapoul.fr\/?s={search_term_string}\"},\"query-input\":{\"@type\":\"PropertyValueSpecification\",\"valueRequired\":true,\"valueName\":\"search_term_string\"}}],\"inLanguage\":\"fr-FR\"},{\"@type\":\"Organization\",\"@id\":\"https:\/\/www.savonnerie-chapoul.fr\/#organization\",\"name\":\"savonnerie chapoul\",\"url\":\"https:\/\/www.savonnerie-chapoul.fr\/\",\"logo\":{\"@type\":\"ImageObject\",\"inLanguage\":\"fr-FR\",\"@id\":\"https:\/\/www.savonnerie-chapoul.fr\/#\/schema\/logo\/image\/\",\"url\":\"https:\/\/i0.wp.com\/www.savonnerie-chapoul.fr\/wp-content\/uploads\/2026\/03\/logo-savonnerie-Chapoul-fond-transparent.png?fit=858%2C272&ssl=1\",\"contentUrl\":\"https:\/\/i0.wp.com\/www.savonnerie-chapoul.fr\/wp-content\/uploads\/2026\/03\/logo-savonnerie-Chapoul-fond-transparent.png?fit=858%2C272&ssl=1\",\"width\":858,\"height\":272,\"caption\":\"savonnerie chapoul\"},\"image\":{\"@id\":\"https:\/\/www.savonnerie-chapoul.fr\/#\/schema\/logo\/image\/\"},\"sameAs\":[\"https:\/\/www.instagram.com\/savonnerie-chapoul\"]}]}<\/script>\n<!-- \/ Yoast SEO plugin. -->","yoast_head_json":{"title":"Harmonie Olfactive Douceur d'\u00e9t\u00e9 - Savonnerie Chapoul","description":"L'harmonie Olfactive Douceur d'\u00e9t\u00e9 vous permet de prolonger l'exp\u00e9rience du savon Douceur d'\u00e9t\u00e9 par l'application du lait pour le corps au parfum coordonn\u00e9","robots":{"index":"index","follow":"follow","max-snippet":"max-snippet:-1","max-image-preview":"max-image-preview:large","max-video-preview":"max-video-preview:-1"},"canonical":"https:\/\/www.savonnerie-chapoul.fr\/index.php\/produit\/harmonie-olfactive-douceur-dete\/","og_locale":"fr_FR","og_type":"article","og_title":"Harmonie Olfactive Douceur d'\u00e9t\u00e9 - Savonnerie Chapoul","og_description":"L'harmonie Olfactive Douceur d'\u00e9t\u00e9 vous permet de prolonger l'exp\u00e9rience du savon Douceur d'\u00e9t\u00e9 par l'application du lait pour le corps au parfum coordonn\u00e9","og_url":"https:\/\/www.savonnerie-chapoul.fr\/index.php\/produit\/harmonie-olfactive-douceur-dete\/","og_site_name":"Savonnerie Chapoul","article_modified_time":"2026-02-23T22:31:20+00:00","og_image":[{"width":1000,"height":1000,"url":"https:\/\/www.savonnerie-chapoul.fr\/wp-content\/uploads\/2025\/12\/14.png","type":"image\/png"}],"twitter_card":"summary_large_image","twitter_misc":{"Dur\u00e9e de lecture estim\u00e9e":"1 minute"},"schema":{"@context":"https:\/\/schema.org","@graph":[{"@type":"WebPage","@id":"https:\/\/www.savonnerie-chapoul.fr\/index.php\/produit\/harmonie-olfactive-douceur-dete\/","url":"https:\/\/www.savonnerie-chapoul.fr\/index.php\/produit\/harmonie-olfactive-douceur-dete\/","name":"Harmonie Olfactive Douceur d'\u00e9t\u00e9 - Savonnerie Chapoul","isPartOf":{"@id":"https:\/\/www.savonnerie-chapoul.fr\/#website"},"primaryImageOfPage":{"@id":"https:\/\/www.savonnerie-chapoul.fr\/index.php\/produit\/harmonie-olfactive-douceur-dete\/#primaryimage"},"image":{"@id":"https:\/\/www.savonnerie-chapoul.fr\/index.php\/produit\/harmonie-olfactive-douceur-dete\/#primaryimage"},"thumbnailUrl":"https:\/\/i0.wp.com\/www.savonnerie-chapoul.fr\/wp-content\/uploads\/2025\/12\/14.png?fit=1000%2C1000&ssl=1","datePublished":"2025-12-10T23:42:45+00:00","dateModified":"2026-02-23T22:31:20+00:00","description":"L'harmonie Olfactive Douceur d'\u00e9t\u00e9 vous permet de prolonger l'exp\u00e9rience du savon Douceur d'\u00e9t\u00e9 par l'application du lait pour le corps au parfum coordonn\u00e9","breadcrumb":{"@id":"https:\/\/www.savonnerie-chapoul.fr\/index.php\/produit\/harmonie-olfactive-douceur-dete\/#breadcrumb"},"inLanguage":"fr-FR","potentialAction":[{"@type":"ReadAction","target":["https:\/\/www.savonnerie-chapoul.fr\/index.php\/produit\/harmonie-olfactive-douceur-dete\/"]}]},{"@type":"ImageObject","inLanguage":"fr-FR","@id":"https:\/\/www.savonnerie-chapoul.fr\/index.php\/produit\/harmonie-olfactive-douceur-dete\/#primaryimage","url":"https:\/\/i0.wp.com\/www.savonnerie-chapoul.fr\/wp-content\/uploads\/2025\/12\/14.png?fit=1000%2C1000&ssl=1","contentUrl":"https:\/\/i0.wp.com\/www.savonnerie-chapoul.fr\/wp-content\/uploads\/2025\/12\/14.png?fit=1000%2C1000&ssl=1","width":1000,"height":1000,"caption":"Savonnerie Chapoul - Harmonie Olfactive Douceur d'\u00e9t\u00e9 - savon Douceur d'\u00e9t\u00e9 et lait pour le corps Douceur d'\u00e9t\u00e9 parfum\u00e9s au g\u00e9ranium rosat et au pamplemousse blanc + porte-savon ventouse"},{"@type":"BreadcrumbList","@id":"https:\/\/www.savonnerie-chapoul.fr\/index.php\/produit\/harmonie-olfactive-douceur-dete\/#breadcrumb","itemListElement":[{"@type":"ListItem","position":1,"name":"Accueil","item":"https:\/\/www.savonnerie-chapoul.fr\/"},{"@type":"ListItem","position":2,"name":"Boutique","item":"https:\/\/www.savonnerie-chapoul.fr\/index.php\/boutique-savonnerie-chapoul\/"},{"@type":"ListItem","position":3,"name":"Harmonie Olfactive Douceur d&rsquo;\u00e9t\u00e9"}]},{"@type":"WebSite","@id":"https:\/\/www.savonnerie-chapoul.fr\/#website","url":"https:\/\/www.savonnerie-chapoul.fr\/","name":"savonnerie-chapoul","description":"Cosm\u00e9tiques et savons saponifi\u00e9s \u00e0 froid dans la Plaine de Versailles","publisher":{"@id":"https:\/\/www.savonnerie-chapoul.fr\/#organization"},"potentialAction":[{"@type":"SearchAction","target":{"@type":"EntryPoint","urlTemplate":"https:\/\/www.savonnerie-chapoul.fr\/?s={search_term_string}"},"query-input":{"@type":"PropertyValueSpecification","valueRequired":true,"valueName":"search_term_string"}}],"inLanguage":"fr-FR"},{"@type":"Organization","@id":"https:\/\/www.savonnerie-chapoul.fr\/#organization","name":"savonnerie chapoul","url":"https:\/\/www.savonnerie-chapoul.fr\/","logo":{"@type":"ImageObject","inLanguage":"fr-FR","@id":"https:\/\/www.savonnerie-chapoul.fr\/#\/schema\/logo\/image\/","url":"https:\/\/i0.wp.com\/www.savonnerie-chapoul.fr\/wp-content\/uploads\/2026\/03\/logo-savonnerie-Chapoul-fond-transparent.png?fit=858%2C272&ssl=1","contentUrl":"https:\/\/i0.wp.com\/www.savonnerie-chapoul.fr\/wp-content\/uploads\/2026\/03\/logo-savonnerie-Chapoul-fond-transparent.png?fit=858%2C272&ssl=1","width":858,"height":272,"caption":"savonnerie chapoul"},"image":{"@id":"https:\/\/www.savonnerie-chapoul.fr\/#\/schema\/logo\/image\/"},"sameAs":["https:\/\/www.instagram.com\/savonnerie-chapoul"]}]}},"jetpack_sharing_enabled":true,"_links":{"self":[{"href":"https:\/\/www.savonnerie-chapoul.fr\/index.php\/wp-json\/wp\/v2\/product\/970","targetHints":{"allow":["GET"]}}],"collection":[{"href":"https:\/\/www.savonnerie-chapoul.fr\/index.php\/wp-json\/wp\/v2\/product"}],"about":[{"href":"https:\/\/www.savonnerie-chapoul.fr\/index.php\/wp-json\/wp\/v2\/types\/product"}],"replies":[{"embeddable":true,"href":"https:\/\/www.savonnerie-chapoul.fr\/index.php\/wp-json\/wp\/v2\/comments?post=970"}],"wp:featuredmedia":[{"embeddable":true,"href":"https:\/\/www.savonnerie-chapoul.fr\/index.php\/wp-json\/wp\/v2\/media\/1064"}],"wp:attachment":[{"href":"https:\/\/www.savonnerie-chapoul.fr\/index.php\/wp-json\/wp\/v2\/media?parent=970"}],"wp:term":[{"taxonomy":"product_brand","embeddable":true,"href":"https:\/\/www.savonnerie-chapoul.fr\/index.php\/wp-json\/wp\/v2\/product_brand?post=970"},{"taxonomy":"product_cat","embeddable":true,"href":"https:\/\/www.savonnerie-chapoul.fr\/index.php\/wp-json\/wp\/v2\/product_cat?post=970"},{"taxonomy":"product_tag","embeddable":true,"href":"https:\/\/www.savonnerie-chapoul.fr\/index.php\/wp-json\/wp\/v2\/product_tag?post=970"}],"curies":[{"name":"wp","href":"https:\/\/api.w.org\/{rel}","templated":true}]}}